{"id":68,"date":"2016-12-06T14:21:37","date_gmt":"2016-12-06T14:21:37","guid":{"rendered":"http:\/\/simbiosystemas-001-site6.gtempurl.com\/?page_id=68"},"modified":"2016-12-06T14:40:01","modified_gmt":"2016-12-06T14:40:01","slug":"fz-2-0-fi","status":"publish","type":"page","link":"http:\/\/caldasmotos.com\/index.php\/fz-2-0-fi\/","title":{"rendered":"FZ 2.0 FI"},"content":{"rendered":"<h1 class=\"text-white\">Tecnolog\u00eda<\/h1>\n<h4 style=\"text-align: left;\">La nueva serie FZ 2.0 FI es una evoluci\u00f3n no solo en desempe\u00f1o, sino tambi\u00e9n en dise\u00f1o y tecnolog\u00eda a trav\u00e9s del Blue Core, la Inyecci\u00f3n electr\u00f3nica y el cumplimiento de la norma Euro3.<\/h4>\n<h4>El motor de la nueva FZ 2.0 FI se destaca por su respuesta inmediata al acelerar, al arrancar o al adelantar brindando seguridad en su conducci\u00f3n. Es un motor 4 tiempos SOHC, refrigerado por aire, 149 c.c., su desempe\u00f1o, dise\u00f1o, tecnolog\u00eda y potencia son los beneficios que nos permitir\u00e1n disfrutar de esta gran moto.<\/h4>\n<h1 style=\"text-align: left;\"><img loading=\"lazy\" class=\"aligncenter wp-image-69 size-full\" src=\"http:\/\/simbiosystemas-001-site6.gtempurl.com\/wp-content\/uploads\/2016\/12\/banner-ppal.jpg\" alt=\"banner-ppal\" width=\"1440\" height=\"619\" srcset=\"http:\/\/caldasmotos.com\/wp-content\/uploads\/2016\/12\/banner-ppal.jpg 1440w, http:\/\/caldasmotos.com\/wp-content\/uploads\/2016\/12\/banner-ppal-300x129.jpg 300w, http:\/\/caldasmotos.com\/wp-content\/uploads\/2016\/12\/banner-ppal-768x330.jpg 768w, http:\/\/caldasmotos.com\/wp-content\/uploads\/2016\/12\/banner-ppal-1024x440.jpg 1024w\" sizes=\"(max-width: 1440px) 100vw, 1440px\" \/><\/h1>\n<h1 style=\"text-align: center;\">DESCUBRE EL PODER OCULTO<br \/>\nDE LA FZ 2.0<br \/>\n$6.990.000<\/h1>\n<h4 style=\"text-align: center;\">* Este descuento solo es v\u00e1lido por compras en Puntos de Venta Autorizados Yamaha que reciban Tarjeta de Cr\u00e9dito Yamaha- Colpatria, ver listado completo aqu\u00ed.<br \/>\n**El descuento aplicado ser\u00e1 del 3% sobre el valor que sea cancelado con la Tarjeta de Cr\u00e9dito Yamaha Colpatria, el valor cancelado con efectivo no tendr\u00e1 descuentos.<br \/>\n*Los precios, colores y gr\u00e1ficos que aqu\u00ed se publican son informativos y pueden cambiar sin previo aviso, incluso, pueden variar seg\u00fan la zona geogr\u00e1fica.<br \/>\n**Imagen de referencia sujeta a cambios.<br \/>\n***La oferta comercial vigente ser\u00e1 aquella que acepte el cliente a la hora de la compra.<br \/>\n****Modelo sujeto a disponibilidad de cada almac\u00e9n.<\/h4>\n","protected":false},"excerpt":{"rendered":"<p>Tecnolog\u00eda La nueva serie FZ 2.0 FI es una evoluci\u00f3n no solo en desempe\u00f1o, sino tambi\u00e9n en dise\u00f1o y tecnolog\u00eda a trav\u00e9s del Blue Core, la Inyecci\u00f3n electr\u00f3nica y el cumplimiento de la norma Euro3. El motor de la nueva FZ 2.0 FI se destaca por su respuesta inmediata al acelerar, al arrancar o al <a href=\"http:\/\/caldasmotos.com\/index.php\/fz-2-0-fi\/\" rel=\"nofollow\"><span class=\"sr-only\">Read more about FZ 2.0 FI<\/span>[&#8230;]<\/a><\/p>\n","protected":false},"author":1,"featured_media":0,"parent":0,"menu_order":0,"comment_status":"closed","ping_status":"closed","template":"template-fullwidth.php","meta":{"_monsterinsights_skip_tracking":false,"_monsterinsights_sitenote_active":false,"_monsterinsights_sitenote_note":"","_monsterinsights_sitenote_category":0},"aioseo_notices":[],"yoast_head":"<!-- This site is optimized with the Yoast SEO plugin v18.4.1 - https:\/\/yoast.com\/wordpress\/plugins\/seo\/ -->\r\n<title>FZ 2.0 FI - CALDAS MOTOS<\/title>\r\n<meta name=\"description\" content=\"Caldas motos, yamaha manizales, manizales yamaha, yamaha, caldas yamaha\" \/>\r\n<meta name=\"robots\" content=\"index, follow, max-snippet:-1, max-image-preview:large, max-video-preview:-1\" \/>\r\n<link rel=\"canonical\" href=\"http:\/\/caldasmotos.com\/index.php\/fz-2-0-fi\/\" \/>\r\n<meta property=\"og:locale\" content=\"es_ES\" \/>\r\n<meta property=\"og:type\" content=\"article\" \/>\r\n<meta property=\"og:title\" content=\"FZ 2.0 FI - CALDAS MOTOS\" \/>\r\n<meta property=\"og:description\" content=\"Caldas motos, yamaha manizales, manizales yamaha, yamaha, caldas yamaha\" \/>\r\n<meta property=\"og:url\" content=\"http:\/\/caldasmotos.com\/index.php\/fz-2-0-fi\/\" \/>\r\n<meta property=\"og:site_name\" content=\"CALDAS MOTOS\" \/>\r\n<meta property=\"article:modified_time\" content=\"2016-12-06T14:40:01+00:00\" \/>\r\n<meta property=\"og:image\" content=\"http:\/\/simbiosystemas-001-site6.gtempurl.com\/wp-content\/uploads\/2016\/12\/banner-ppal.jpg\" \/>\r\n<meta name=\"twitter:card\" content=\"summary\" \/>\r\n<meta name=\"twitter:label1\" content=\"Tiempo estimado de lectura\" \/>\n\t<meta name=\"twitter:data1\" content=\"1 minuto\" \/>\r\n<script type=\"application\/ld+json\" class=\"yoast-schema-graph\">{\"@context\":\"https:\/\/schema.org\",\"@graph\":[{\"@type\":\"Organization\",\"@id\":\"http:\/\/caldasmotos.com\/#organization\",\"name\":\"distrimotosyamaha\",\"url\":\"http:\/\/caldasmotos.com\/\",\"sameAs\":[],\"logo\":{\"@type\":\"ImageObject\",\"@id\":\"http:\/\/caldasmotos.com\/#logo\",\"inLanguage\":\"es-CO\",\"url\":\"http:\/\/caldasmotos.com\/wp-content\/uploads\/2019\/10\/5-1.png\",\"contentUrl\":\"http:\/\/caldasmotos.com\/wp-content\/uploads\/2019\/10\/5-1.png\",\"width\":1924,\"height\":398,\"caption\":\"distrimotosyamaha\"},\"image\":{\"@id\":\"http:\/\/caldasmotos.com\/#logo\"}},{\"@type\":\"WebSite\",\"@id\":\"http:\/\/caldasmotos.com\/#website\",\"url\":\"http:\/\/caldasmotos.com\/\",\"name\":\"CALDAS MOTOS\",\"description\":\"Caldas motos, yamaha manizales, manizales yamaha, yamaha, caldas yamaha\",\"publisher\":{\"@id\":\"http:\/\/caldasmotos.com\/#organization\"},\"potentialAction\":[{\"@type\":\"SearchAction\",\"target\":{\"@type\":\"EntryPoint\",\"urlTemplate\":\"http:\/\/caldasmotos.com\/?s={search_term_string}\"},\"query-input\":\"required name=search_term_string\"}],\"inLanguage\":\"es-CO\"},{\"@type\":\"ImageObject\",\"@id\":\"http:\/\/caldasmotos.com\/index.php\/fz-2-0-fi\/#primaryimage\",\"inLanguage\":\"es-CO\",\"url\":\"http:\/\/simbiosystemas-001-site6.gtempurl.com\/wp-content\/uploads\/2016\/12\/banner-ppal.jpg\",\"contentUrl\":\"http:\/\/simbiosystemas-001-site6.gtempurl.com\/wp-content\/uploads\/2016\/12\/banner-ppal.jpg\"},{\"@type\":\"WebPage\",\"@id\":\"http:\/\/caldasmotos.com\/index.php\/fz-2-0-fi\/#webpage\",\"url\":\"http:\/\/caldasmotos.com\/index.php\/fz-2-0-fi\/\",\"name\":\"FZ 2.0 FI - CALDAS MOTOS\",\"isPartOf\":{\"@id\":\"http:\/\/caldasmotos.com\/#website\"},\"primaryImageOfPage\":{\"@id\":\"http:\/\/caldasmotos.com\/index.php\/fz-2-0-fi\/#primaryimage\"},\"datePublished\":\"2016-12-06T14:21:37+00:00\",\"dateModified\":\"2016-12-06T14:40:01+00:00\",\"description\":\"Caldas motos, yamaha manizales, manizales yamaha, yamaha, caldas yamaha\",\"breadcrumb\":{\"@id\":\"http:\/\/caldasmotos.com\/index.php\/fz-2-0-fi\/#breadcrumb\"},\"inLanguage\":\"es-CO\",\"potentialAction\":[{\"@type\":\"ReadAction\",\"target\":[\"http:\/\/caldasmotos.com\/index.php\/fz-2-0-fi\/\"]}]},{\"@type\":\"BreadcrumbList\",\"@id\":\"http:\/\/caldasmotos.com\/index.php\/fz-2-0-fi\/#breadcrumb\",\"itemListElement\":[{\"@type\":\"ListItem\",\"position\":1,\"name\":\"Home\",\"item\":\"http:\/\/caldasmotos.com\/\"},{\"@type\":\"ListItem\",\"position\":2,\"name\":\"FZ 2.0 FI\"}]}]}<\/script>\r\n<!-- \/ Yoast SEO plugin. -->","yoast_head_json":{"title":"FZ 2.0 FI - CALDAS MOTOS","description":"Caldas motos, yamaha manizales, manizales yamaha, yamaha, caldas yamaha","robots":{"index":"index","follow":"follow","max-snippet":"max-snippet:-1","max-image-preview":"max-image-preview:large","max-video-preview":"max-video-preview:-1"},"canonical":"http:\/\/caldasmotos.com\/index.php\/fz-2-0-fi\/","og_locale":"es_ES","og_type":"article","og_title":"FZ 2.0 FI - CALDAS MOTOS","og_description":"Caldas motos, yamaha manizales, manizales yamaha, yamaha, caldas yamaha","og_url":"http:\/\/caldasmotos.com\/index.php\/fz-2-0-fi\/","og_site_name":"CALDAS MOTOS","article_modified_time":"2016-12-06T14:40:01+00:00","og_image":[{"url":"http:\/\/simbiosystemas-001-site6.gtempurl.com\/wp-content\/uploads\/2016\/12\/banner-ppal.jpg"}],"twitter_card":"summary","twitter_misc":{"Tiempo estimado de lectura":"1 minuto"},"schema":{"@context":"https:\/\/schema.org","@graph":[{"@type":"Organization","@id":"http:\/\/caldasmotos.com\/#organization","name":"distrimotosyamaha","url":"http:\/\/caldasmotos.com\/","sameAs":[],"logo":{"@type":"ImageObject","@id":"http:\/\/caldasmotos.com\/#logo","inLanguage":"es-CO","url":"http:\/\/caldasmotos.com\/wp-content\/uploads\/2019\/10\/5-1.png","contentUrl":"http:\/\/caldasmotos.com\/wp-content\/uploads\/2019\/10\/5-1.png","width":1924,"height":398,"caption":"distrimotosyamaha"},"image":{"@id":"http:\/\/caldasmotos.com\/#logo"}},{"@type":"WebSite","@id":"http:\/\/caldasmotos.com\/#website","url":"http:\/\/caldasmotos.com\/","name":"CALDAS MOTOS","description":"Caldas motos, yamaha manizales, manizales yamaha, yamaha, caldas yamaha","publisher":{"@id":"http:\/\/caldasmotos.com\/#organization"},"potentialAction":[{"@type":"SearchAction","target":{"@type":"EntryPoint","urlTemplate":"http:\/\/caldasmotos.com\/?s={search_term_string}"},"query-input":"required name=search_term_string"}],"inLanguage":"es-CO"},{"@type":"ImageObject","@id":"http:\/\/caldasmotos.com\/index.php\/fz-2-0-fi\/#primaryimage","inLanguage":"es-CO","url":"http:\/\/simbiosystemas-001-site6.gtempurl.com\/wp-content\/uploads\/2016\/12\/banner-ppal.jpg","contentUrl":"http:\/\/simbiosystemas-001-site6.gtempurl.com\/wp-content\/uploads\/2016\/12\/banner-ppal.jpg"},{"@type":"WebPage","@id":"http:\/\/caldasmotos.com\/index.php\/fz-2-0-fi\/#webpage","url":"http:\/\/caldasmotos.com\/index.php\/fz-2-0-fi\/","name":"FZ 2.0 FI - CALDAS MOTOS","isPartOf":{"@id":"http:\/\/caldasmotos.com\/#website"},"primaryImageOfPage":{"@id":"http:\/\/caldasmotos.com\/index.php\/fz-2-0-fi\/#primaryimage"},"datePublished":"2016-12-06T14:21:37+00:00","dateModified":"2016-12-06T14:40:01+00:00","description":"Caldas motos, yamaha manizales, manizales yamaha, yamaha, caldas yamaha","breadcrumb":{"@id":"http:\/\/caldasmotos.com\/index.php\/fz-2-0-fi\/#breadcrumb"},"inLanguage":"es-CO","potentialAction":[{"@type":"ReadAction","target":["http:\/\/caldasmotos.com\/index.php\/fz-2-0-fi\/"]}]},{"@type":"BreadcrumbList","@id":"http:\/\/caldasmotos.com\/index.php\/fz-2-0-fi\/#breadcrumb","itemListElement":[{"@type":"ListItem","position":1,"name":"Home","item":"http:\/\/caldasmotos.com\/"},{"@type":"ListItem","position":2,"name":"FZ 2.0 FI"}]}]}},"_links":{"self":[{"href":"http:\/\/caldasmotos.com\/index.php\/wp-json\/wp\/v2\/pages\/68"}],"collection":[{"href":"http:\/\/caldasmotos.com\/index.php\/wp-json\/wp\/v2\/pages"}],"about":[{"href":"http:\/\/caldasmotos.com\/index.php\/wp-json\/wp\/v2\/types\/page"}],"author":[{"embeddable":true,"href":"http:\/\/caldasmotos.com\/index.php\/wp-json\/wp\/v2\/users\/1"}],"replies":[{"embeddable":true,"href":"http:\/\/caldasmotos.com\/index.php\/wp-json\/wp\/v2\/comments?post=68"}],"version-history":[{"count":4,"href":"http:\/\/caldasmotos.com\/index.php\/wp-json\/wp\/v2\/pages\/68\/revisions"}],"predecessor-version":[{"id":71,"href":"http:\/\/caldasmotos.com\/index.php\/wp-json\/wp\/v2\/pages\/68\/revisions\/71"}],"wp:attachment":[{"href":"http:\/\/caldasmotos.com\/index.php\/wp-json\/wp\/v2\/media?parent=68"}],"curies":[{"name":"wp","href":"https:\/\/api.w.org\/{rel}","templated":true}]}}