{"id":193,"date":"2016-12-12T20:42:24","date_gmt":"2016-12-12T20:42:24","guid":{"rendered":"http:\/\/simbiosystemas-001-site6.gtempurl.com\/?post_type=product&#038;p=193"},"modified":"2020-10-30T14:41:41","modified_gmt":"2020-10-30T14:41:41","slug":"mt-09","status":"publish","type":"product","link":"http:\/\/caldasmotos.com\/index.php\/product\/mt-09\/","title":{"rendered":"Mt 09"},"content":{"rendered":"<h2 style=\"text-align: center;\">Especificaciones t\u00e9cnicas MT 09<\/h2>\n<table class=\"tablaDetallesProducto\" border=\"0\" cellspacing=\"1\" cellpadding=\"0\">\n<tbody>\n<tr>\n<td>Largo total<\/td>\n<td>2.075 mm<\/td>\n<\/tr>\n<tr>\n<td>Ancho total<\/td>\n<td>815 mm<\/td>\n<\/tr>\n<tr>\n<td>Altura total<\/td>\n<td>1.135 mm<\/td>\n<\/tr>\n<tr>\n<td>Altura al asiento<\/td>\n<td>815 mm<\/td>\n<\/tr>\n<tr>\n<td>Distancia entre ejes<\/td>\n<td>1.440 mm<\/td>\n<\/tr>\n<tr>\n<td>Distancia m\u00ednima del piso<\/td>\n<td>135 mm<\/td>\n<\/tr>\n<tr>\n<td>Radio m\u00ednimo de giro<\/td>\n<td>\u00a03.0 m<\/td>\n<\/tr>\n<tr>\n<td>Peso (con aceite y tanque de gasolina lleno)<\/td>\n<td>191 Kg (Versi\u00f3n ABS)<\/td>\n<\/tr>\n<tr>\n<td>Tipo de chasis<\/td>\n<td>Diamante<\/td>\n<\/tr>\n<tr>\n<td>Inclinaci\u00f3n<\/td>\n<td>25\u00b0 00&#8242;<\/td>\n<\/tr>\n<tr>\n<td>Avance<\/td>\n<td>103 mm<\/td>\n<\/tr>\n<tr>\n<td>Rueda delantera<\/td>\n<td>120\/70ZR17 M\/C 58W (sin neum\u00e1tico)<\/td>\n<\/tr>\n<tr>\n<td>Rueda trasera<\/td>\n<td>180\/55ZR17 M\/C 73W (sin neum\u00e1tico)<\/td>\n<\/tr>\n<tr>\n<td>Freno delantero<\/td>\n<td>Doble disco<\/td>\n<\/tr>\n<tr>\n<td>Freno trasero<\/td>\n<td>Disco<\/td>\n<\/tr>\n<tr>\n<td>Tipo de suspensi\u00f3n delantera<\/td>\n<td>Horquilla telesc\u00f3pica<\/td>\n<\/tr>\n<tr>\n<td>Tipo de suspensi\u00f3n trasera<\/td>\n<td>Basculante (por bieletas)<\/td>\n<\/tr>\n<tr>\n<td>Luz principal<\/td>\n<td>Bombillo hal\u00f3geno<\/td>\n<\/tr>\n<tr>\n<td>Luz principal<\/td>\n<td>12V 60\/55W X 1<\/td>\n<\/tr>\n<tr>\n<td>Tipo de motor<\/td>\n<td>4 Tiempos DOHC, 4 v\u00e1lvulas, refrigerado por l\u00edquido<\/td>\n<\/tr>\n<tr>\n<td>Dsiposici\u00f3n de los cilindros<\/td>\n<td>3 cilindros en l\u00ednea<\/td>\n<\/tr>\n<tr>\n<td>Cilindraje<\/td>\n<td>847 c.c<\/td>\n<\/tr>\n<tr>\n<td>Di\u00e1metro por carrera<\/td>\n<td>78.0 X 59.1 mm<\/td>\n<\/tr>\n<tr>\n<td>Relaci\u00f3n de compresi\u00f3n<\/td>\n<td>11.5:1<\/td>\n<\/tr>\n<tr>\n<td>Potencia m\u00e1xima<\/td>\n<td>113.4 Hp (84.6kW) a 10000 rpm<\/td>\n<\/tr>\n<tr>\n<td>Torque m\u00e1ximo<\/td>\n<td>87.5 Nm (8.9 kgf.m) a 8500 rpm<\/td>\n<\/tr>\n<tr>\n<td>Arranque<\/td>\n<td>El\u00e9ctrico<\/td>\n<\/tr>\n<tr>\n<td>Tipo de lubricaci\u00f3n<\/td>\n<td>C\u00e1rter h\u00famedo<\/td>\n<\/tr>\n<tr>\n<td>Capacidad de combustible<\/td>\n<td>14L<\/td>\n<\/tr>\n<tr>\n<td>Sistema de alimentaci\u00f3n<\/td>\n<td>Inyecci\u00f3n Electr\u00f3nica<\/td>\n<\/tr>\n<tr>\n<td>Encendido<\/td>\n<td>TCI<\/td>\n<\/tr>\n<tr>\n<td>Capacidad de bater\u00eda<\/td>\n<td>12V, 8.6 AH (10H)<\/td>\n<\/tr>\n<tr>\n<td>Bater\u00eda<\/td>\n<td>YTZ10S<\/td>\n<\/tr>\n<tr>\n<td>Sistema de reducci\u00f3n primaria<\/td>\n<td>Engranaje<\/td>\n<\/tr>\n<tr>\n<td>Relaci\u00f3n de reducci\u00f3n primaria<\/td>\n<td>1.681 (79\/47)<\/td>\n<\/tr>\n<tr>\n<td>Sistema de reducci\u00f3n secundaria<\/td>\n<td>Cadena<\/td>\n<\/tr>\n<tr>\n<td>Relaci\u00f3n de reducci\u00f3n secundaria<\/td>\n<td>2.813 (45\/16)<\/td>\n<\/tr>\n<tr>\n<td>Tipo de embrague<\/td>\n<td>Multidisco h\u00famedo con resorte en espiral<\/td>\n<\/tr>\n<tr>\n<td>Tipo de transmisi\u00f3n<\/td>\n<td>Transmisi\u00f3n constante de 6 velocidades<\/td>\n<\/tr>\n<tr>\n<td>Relaci\u00f3n de transmisi\u00f3n en 1ra<\/td>\n<td>2.667 (40\/15)<\/td>\n<\/tr>\n<tr>\n<td>Relaci\u00f3n de transmisi\u00f3n en 2da<\/td>\n<td>2.000 (38\/19)<\/td>\n<\/tr>\n<tr>\n<td>Relaci\u00f3n de transmisi\u00f3n en 3ra<\/td>\n<td>1.619 (34\/21)<\/td>\n<\/tr>\n<tr>\n<td>Relaci\u00f3n de transmisi\u00f3n en 4ta<\/td>\n<td>1.381 (29\/21)<\/td>\n<\/tr>\n<tr>\n<td>Relaci\u00f3n de transmisi\u00f3n en 5ta<\/td>\n<td>1.190 (25\/21)<\/td>\n<\/tr>\n<tr>\n<td>Relaci\u00f3n de transmisi\u00f3n en 6ta<\/td>\n<td>1.037 (28\/27)<\/td>\n<\/tr>\n<\/tbody>\n<\/table>\n","protected":false},"excerpt":{"rendered":"<h1 style=\"text-align: center;\">MT 09<\/h1>\n<p>La MT-09 tiene un motor con concepto crossplane de 847 c.c y tres cilindros, dise\u00f1ado para sincronizarse con el conductor en todos los rangos de revoluci\u00f3n. Esta motocicleta de bajo peso, cuenta con un poderoso torque y permite una adecuada posici\u00f3n de conducci\u00f3n. Yamaha te garantiza un manejo m\u00e1s \u00e1gil, divertido y salvaje en la MT-09.<\/p>\n","protected":false},"featured_media":661,"comment_status":"open","ping_status":"closed","template":"","meta":{"_monsterinsights_skip_tracking":false,"_monsterinsights_sitenote_active":false,"_monsterinsights_sitenote_note":"","_monsterinsights_sitenote_category":0},"product_cat":[16,11],"product_tag":[],"aioseo_notices":[],"yoast_head":"<!-- This site is optimized with the Yoast SEO plugin v18.4.1 - https:\/\/yoast.com\/wordpress\/plugins\/seo\/ -->\r\n<title>Mt 09 - CALDAS MOTOS<\/title>\r\n<meta name=\"description\" content=\"Caldas motos, yamaha manizales, manizales yamaha, yamaha, caldas yamaha\" \/>\r\n<meta name=\"robots\" content=\"index, follow, max-snippet:-1, max-image-preview:large, max-video-preview:-1\" \/>\r\n<link rel=\"canonical\" href=\"https:\/\/caldasmotos.com\/index.php\/product\/mt-09\/\" \/>\r\n<meta property=\"og:locale\" content=\"es_ES\" \/>\r\n<meta property=\"og:type\" content=\"article\" \/>\r\n<meta property=\"og:title\" content=\"Mt 09 - CALDAS MOTOS\" \/>\r\n<meta property=\"og:description\" content=\"Caldas motos, yamaha manizales, manizales yamaha, yamaha, caldas yamaha\" \/>\r\n<meta property=\"og:url\" content=\"https:\/\/caldasmotos.com\/index.php\/product\/mt-09\/\" \/>\r\n<meta property=\"og:site_name\" content=\"CALDAS MOTOS\" \/>\r\n<meta property=\"article:modified_time\" content=\"2020-10-30T14:41:41+00:00\" \/>\r\n<meta property=\"og:image\" content=\"https:\/\/caldasmotos.com\/wp-content\/uploads\/2016\/12\/mt09.jpg\" \/>\r\n\t<meta property=\"og:image:width\" content=\"494\" \/>\r\n\t<meta property=\"og:image:height\" content=\"390\" \/>\r\n\t<meta property=\"og:image:type\" content=\"image\/jpeg\" \/>\r\n<meta name=\"twitter:card\" content=\"summary\" \/>\r\n<meta name=\"twitter:label1\" content=\"Tiempo estimado de lectura\" \/>\n\t<meta name=\"twitter:data1\" content=\"1 minuto\" \/>\r\n<script type=\"application\/ld+json\" class=\"yoast-schema-graph\">{\"@context\":\"https:\/\/schema.org\",\"@graph\":[{\"@type\":\"Organization\",\"@id\":\"http:\/\/caldasmotos.com\/#organization\",\"name\":\"distrimotosyamaha\",\"url\":\"http:\/\/caldasmotos.com\/\",\"sameAs\":[],\"logo\":{\"@type\":\"ImageObject\",\"@id\":\"http:\/\/caldasmotos.com\/#logo\",\"inLanguage\":\"es-CO\",\"url\":\"http:\/\/caldasmotos.com\/wp-content\/uploads\/2019\/10\/5-1.png\",\"contentUrl\":\"http:\/\/caldasmotos.com\/wp-content\/uploads\/2019\/10\/5-1.png\",\"width\":1924,\"height\":398,\"caption\":\"distrimotosyamaha\"},\"image\":{\"@id\":\"http:\/\/caldasmotos.com\/#logo\"}},{\"@type\":\"WebSite\",\"@id\":\"http:\/\/caldasmotos.com\/#website\",\"url\":\"http:\/\/caldasmotos.com\/\",\"name\":\"CALDAS MOTOS\",\"description\":\"Caldas motos, yamaha manizales, manizales yamaha, yamaha, caldas yamaha\",\"publisher\":{\"@id\":\"http:\/\/caldasmotos.com\/#organization\"},\"potentialAction\":[{\"@type\":\"SearchAction\",\"target\":{\"@type\":\"EntryPoint\",\"urlTemplate\":\"http:\/\/caldasmotos.com\/?s={search_term_string}\"},\"query-input\":\"required name=search_term_string\"}],\"inLanguage\":\"es-CO\"},{\"@type\":\"ImageObject\",\"@id\":\"https:\/\/caldasmotos.com\/index.php\/product\/mt-09\/#primaryimage\",\"inLanguage\":\"es-CO\",\"url\":\"http:\/\/caldasmotos.com\/wp-content\/uploads\/2016\/12\/mt09.jpg\",\"contentUrl\":\"http:\/\/caldasmotos.com\/wp-content\/uploads\/2016\/12\/mt09.jpg\",\"width\":494,\"height\":390},{\"@type\":\"WebPage\",\"@id\":\"https:\/\/caldasmotos.com\/index.php\/product\/mt-09\/#webpage\",\"url\":\"https:\/\/caldasmotos.com\/index.php\/product\/mt-09\/\",\"name\":\"Mt 09 - CALDAS MOTOS\",\"isPartOf\":{\"@id\":\"http:\/\/caldasmotos.com\/#website\"},\"primaryImageOfPage\":{\"@id\":\"https:\/\/caldasmotos.com\/index.php\/product\/mt-09\/#primaryimage\"},\"datePublished\":\"2016-12-12T20:42:24+00:00\",\"dateModified\":\"2020-10-30T14:41:41+00:00\",\"description\":\"Caldas motos, yamaha manizales, manizales yamaha, yamaha, caldas yamaha\",\"breadcrumb\":{\"@id\":\"https:\/\/caldasmotos.com\/index.php\/product\/mt-09\/#breadcrumb\"},\"inLanguage\":\"es-CO\",\"potentialAction\":[{\"@type\":\"ReadAction\",\"target\":[\"https:\/\/caldasmotos.com\/index.php\/product\/mt-09\/\"]}]},{\"@type\":\"BreadcrumbList\",\"@id\":\"https:\/\/caldasmotos.com\/index.php\/product\/mt-09\/#breadcrumb\",\"itemListElement\":[{\"@type\":\"ListItem\",\"position\":1,\"name\":\"Home\",\"item\":\"http:\/\/caldasmotos.com\/\"},{\"@type\":\"ListItem\",\"position\":2,\"name\":\"Shop\",\"item\":\"http:\/\/caldasmotos.com\/index.php\/shop\/\"},{\"@type\":\"ListItem\",\"position\":3,\"name\":\"Mt 09\"}]}]}<\/script>\r\n<!-- \/ Yoast SEO plugin. -->","yoast_head_json":{"title":"Mt 09 - CALDAS MOTOS","description":"Caldas motos, yamaha manizales, manizales yamaha, yamaha, caldas yamaha","robots":{"index":"index","follow":"follow","max-snippet":"max-snippet:-1","max-image-preview":"max-image-preview:large","max-video-preview":"max-video-preview:-1"},"canonical":"https:\/\/caldasmotos.com\/index.php\/product\/mt-09\/","og_locale":"es_ES","og_type":"article","og_title":"Mt 09 - CALDAS MOTOS","og_description":"Caldas motos, yamaha manizales, manizales yamaha, yamaha, caldas yamaha","og_url":"https:\/\/caldasmotos.com\/index.php\/product\/mt-09\/","og_site_name":"CALDAS MOTOS","article_modified_time":"2020-10-30T14:41:41+00:00","og_image":[{"width":494,"height":390,"url":"https:\/\/caldasmotos.com\/wp-content\/uploads\/2016\/12\/mt09.jpg","type":"image\/jpeg"}],"twitter_card":"summary","twitter_misc":{"Tiempo estimado de lectura":"1 minuto"},"schema":{"@context":"https:\/\/schema.org","@graph":[{"@type":"Organization","@id":"http:\/\/caldasmotos.com\/#organization","name":"distrimotosyamaha","url":"http:\/\/caldasmotos.com\/","sameAs":[],"logo":{"@type":"ImageObject","@id":"http:\/\/caldasmotos.com\/#logo","inLanguage":"es-CO","url":"http:\/\/caldasmotos.com\/wp-content\/uploads\/2019\/10\/5-1.png","contentUrl":"http:\/\/caldasmotos.com\/wp-content\/uploads\/2019\/10\/5-1.png","width":1924,"height":398,"caption":"distrimotosyamaha"},"image":{"@id":"http:\/\/caldasmotos.com\/#logo"}},{"@type":"WebSite","@id":"http:\/\/caldasmotos.com\/#website","url":"http:\/\/caldasmotos.com\/","name":"CALDAS MOTOS","description":"Caldas motos, yamaha manizales, manizales yamaha, yamaha, caldas yamaha","publisher":{"@id":"http:\/\/caldasmotos.com\/#organization"},"potentialAction":[{"@type":"SearchAction","target":{"@type":"EntryPoint","urlTemplate":"http:\/\/caldasmotos.com\/?s={search_term_string}"},"query-input":"required name=search_term_string"}],"inLanguage":"es-CO"},{"@type":"ImageObject","@id":"https:\/\/caldasmotos.com\/index.php\/product\/mt-09\/#primaryimage","inLanguage":"es-CO","url":"http:\/\/caldasmotos.com\/wp-content\/uploads\/2016\/12\/mt09.jpg","contentUrl":"http:\/\/caldasmotos.com\/wp-content\/uploads\/2016\/12\/mt09.jpg","width":494,"height":390},{"@type":"WebPage","@id":"https:\/\/caldasmotos.com\/index.php\/product\/mt-09\/#webpage","url":"https:\/\/caldasmotos.com\/index.php\/product\/mt-09\/","name":"Mt 09 - CALDAS MOTOS","isPartOf":{"@id":"http:\/\/caldasmotos.com\/#website"},"primaryImageOfPage":{"@id":"https:\/\/caldasmotos.com\/index.php\/product\/mt-09\/#primaryimage"},"datePublished":"2016-12-12T20:42:24+00:00","dateModified":"2020-10-30T14:41:41+00:00","description":"Caldas motos, yamaha manizales, manizales yamaha, yamaha, caldas yamaha","breadcrumb":{"@id":"https:\/\/caldasmotos.com\/index.php\/product\/mt-09\/#breadcrumb"},"inLanguage":"es-CO","potentialAction":[{"@type":"ReadAction","target":["https:\/\/caldasmotos.com\/index.php\/product\/mt-09\/"]}]},{"@type":"BreadcrumbList","@id":"https:\/\/caldasmotos.com\/index.php\/product\/mt-09\/#breadcrumb","itemListElement":[{"@type":"ListItem","position":1,"name":"Home","item":"http:\/\/caldasmotos.com\/"},{"@type":"ListItem","position":2,"name":"Shop","item":"http:\/\/caldasmotos.com\/index.php\/shop\/"},{"@type":"ListItem","position":3,"name":"Mt 09"}]}]}},"_links":{"self":[{"href":"http:\/\/caldasmotos.com\/index.php\/wp-json\/wp\/v2\/product\/193"}],"collection":[{"href":"http:\/\/caldasmotos.com\/index.php\/wp-json\/wp\/v2\/product"}],"about":[{"href":"http:\/\/caldasmotos.com\/index.php\/wp-json\/wp\/v2\/types\/product"}],"replies":[{"embeddable":true,"href":"http:\/\/caldasmotos.com\/index.php\/wp-json\/wp\/v2\/comments?post=193"}],"wp:featuredmedia":[{"embeddable":true,"href":"http:\/\/caldasmotos.com\/index.php\/wp-json\/wp\/v2\/media\/661"}],"wp:attachment":[{"href":"http:\/\/caldasmotos.com\/index.php\/wp-json\/wp\/v2\/media?parent=193"}],"wp:term":[{"taxonomy":"product_cat","embeddable":true,"href":"http:\/\/caldasmotos.com\/index.php\/wp-json\/wp\/v2\/product_cat?post=193"},{"taxonomy":"product_tag","embeddable":true,"href":"http:\/\/caldasmotos.com\/index.php\/wp-json\/wp\/v2\/product_tag?post=193"}],"curies":[{"name":"wp","href":"https:\/\/api.w.org\/{rel}","templated":true}]}}