{"id":337,"date":"2017-03-16T19:23:42","date_gmt":"2017-03-16T19:23:42","guid":{"rendered":"http:\/\/simbiosystemas-001-site6.gtempurl.com\/?post_type=product&#038;p=337"},"modified":"2020-10-22T13:31:46","modified_gmt":"2020-10-22T13:31:46","slug":"ttr50","status":"publish","type":"product","link":"http:\/\/caldasmotos.com\/index.php\/product\/ttr50\/","title":{"rendered":"Ttr50"},"content":{"rendered":"<h2>Especificaciones t\u00e9cnicas TTR 50<\/h2>\n<table class=\"tablaDetallesProducto\" border=\"0\" cellspacing=\"1\" cellpadding=\"0\">\n<tbody>\n<tr>\n<td align=\"center\"><strong>C\u00f3digo de modelo<\/strong><\/td>\n<td align=\"center\">2CJ4<\/td>\n<\/tr>\n<tr>\n<td class=\"tdGrey\" align=\"center\"><strong>Tipo de Motor<\/strong><\/td>\n<td class=\"tdGrey\" align=\"center\">4 tiempos. Enfriado por aire. SOHC<\/td>\n<\/tr>\n<tr>\n<td align=\"center\"><strong>Cilindraje<\/strong><\/td>\n<td align=\"center\">49cc<\/td>\n<\/tr>\n<tr>\n<td class=\"tdGrey\" align=\"center\"><strong>Calibre por carrera<\/strong><\/td>\n<td class=\"tdGrey\" align=\"center\">36,0mm x 48,6mm<\/td>\n<\/tr>\n<tr>\n<td align=\"center\"><strong>Relaci\u00f3n de compresi\u00f3n<\/strong><\/td>\n<td align=\"center\">9,5:1<\/td>\n<\/tr>\n<tr>\n<td class=\"tdGrey\" align=\"center\"><strong>Potencia m\u00e1xima<\/strong><\/td>\n<td class=\"tdGrey\" align=\"center\">N.D.<\/td>\n<\/tr>\n<tr>\n<td align=\"center\"><strong>Torque m\u00e1ximo<\/strong><\/td>\n<td align=\"center\">N.D.<\/td>\n<\/tr>\n<tr>\n<td class=\"tdGrey\" align=\"center\"><strong>Sistema de arranque<\/strong><\/td>\n<td class=\"tdGrey\" align=\"center\">El\u00e9ctrico<\/td>\n<\/tr>\n<tr>\n<td align=\"center\"><strong>Tipo de lubricaci\u00f3n<\/strong><\/td>\n<td align=\"center\">C\u00e1rter h\u00famedo<\/td>\n<\/tr>\n<tr>\n<td class=\"tdGrey\" align=\"center\"><strong>Capacidad del tanque de combustible<\/strong><\/td>\n<td class=\"tdGrey\" align=\"center\">0.82gal<\/td>\n<\/tr>\n<tr>\n<td align=\"center\"><strong>Sistema de encendido<\/strong><\/td>\n<td align=\"center\">C.D.I.<\/td>\n<\/tr>\n<tr>\n<td class=\"tdGrey\" align=\"center\"><strong>Relaci\u00f3n de reducci\u00f3n primaria \/ secundaria<\/strong><\/td>\n<td class=\"tdGrey\" align=\"center\">N.D.<\/td>\n<\/tr>\n<tr>\n<td align=\"center\"><strong>Tipo de embrague<\/strong><\/td>\n<td align=\"center\">Autom\u00e1tico<\/td>\n<\/tr>\n<tr>\n<td class=\"tdGrey\" align=\"center\"><strong>Tipo de transmisi\u00f3n<\/strong><\/td>\n<td class=\"tdGrey\" align=\"center\">3 velocidades<\/td>\n<\/tr>\n<tr>\n<td align=\"center\"><strong>Relaci\u00f3n de engranajes<\/strong><\/td>\n<td align=\"center\">N.D.<\/td>\n<\/tr>\n<tr>\n<td class=\"tdGrey\" align=\"center\"><strong>Tipo de chasis<\/strong><\/td>\n<td class=\"tdGrey\" align=\"center\">N.D.<\/td>\n<\/tr>\n<tr>\n<td align=\"center\"><strong>Inclinaci\u00f3n \/ Avance<\/strong><\/td>\n<td align=\"center\">N.D.<\/td>\n<\/tr>\n<tr>\n<td class=\"tdGrey\" align=\"center\"><strong>Tama\u00f1o llanta delantera \/ trasera<\/strong><\/td>\n<td class=\"tdGrey\" align=\"center\">2.50-10-4PR<\/td>\n<\/tr>\n<tr>\n<td align=\"center\"><strong>Tama\u00f1o llanta delantera \/ trasera<\/strong><\/td>\n<td align=\"center\">2.50-10-4PR<\/td>\n<\/tr>\n<tr>\n<td class=\"tdGrey\" align=\"center\"><strong>Tipo de suspensi\u00f3n delantera<\/strong><\/td>\n<td class=\"tdGrey\" align=\"center\">Telesc\u00f3pica invertida<\/td>\n<\/tr>\n<tr>\n<td align=\"center\"><strong>Suspensi\u00f3n trasera<\/strong><\/td>\n<td align=\"center\">Un solo amortiguador<\/td>\n<\/tr>\n<tr>\n<td class=\"tdGrey\" align=\"center\"><strong>Bater\u00eda<\/strong><\/td>\n<td class=\"tdGrey\" align=\"center\">N.D.<\/td>\n<\/tr>\n<tr>\n<td align=\"center\"><strong>Luz principal<\/strong><\/td>\n<td align=\"center\">N.A.<\/td>\n<\/tr>\n<tr>\n<td class=\"tdGrey\" align=\"center\"><strong>Largo total x ancho x alto<\/strong><\/td>\n<td class=\"tdGrey\" align=\"center\">1.305,56 x 594,36 x 774,7mm<\/td>\n<\/tr>\n<tr>\n<td align=\"center\"><strong>Altura del asiento\u00a0<\/strong><\/td>\n<td align=\"center\">553,72mm<\/td>\n<\/tr>\n<tr>\n<td class=\"tdGrey\" align=\"center\"><strong>Distancia entre ejes<\/strong><\/td>\n<td class=\"tdGrey\" align=\"center\">924,56 mm<\/td>\n<\/tr>\n<tr>\n<td align=\"center\"><strong>Distancia m\u00ednima del piso<\/strong><\/td>\n<td align=\"center\">134,62mm<\/td>\n<\/tr>\n<tr>\n<td class=\"tdGrey\" align=\"center\"><strong>Peso en seco \/ peso total<\/strong><\/td>\n<td class=\"tdGrey\" align=\"center\">56,81kg<\/td>\n<\/tr>\n<\/tbody>\n<\/table>\n","protected":false},"excerpt":{"rendered":"<h1 style=\"text-align: center;\">TTR 50<\/h1>\n<p>Pensada para los ni\u00f1os mayores de 4 a\u00f1os de edad, la amigable TT-R50E equipa un compacto motor de 50 cc y 4T con arranque el\u00e9ctrico y con embrague totalmente autom\u00e1tico. Estas prestaciones \u201ctwist and go\u201d la convierten en la moto ideal para los m\u00e1s j\u00f3venes y con interruptor y llave para que los padres no pierdan el control. Con su impresionante estilo de moto de cross y sus suspensiones de largo recorrido, la TT-R50E es una genuina r\u00e9plica a escala de nuestras motos grandes. \u00a1Y preparada para brindar a la familia muchas horas de diversi\u00f3n en la naturaleza!<\/p>\n","protected":false},"featured_media":338,"comment_status":"open","ping_status":"closed","template":"","meta":{"_monsterinsights_skip_tracking":false,"_monsterinsights_sitenote_active":false,"_monsterinsights_sitenote_note":"","_monsterinsights_sitenote_category":0},"product_cat":[21],"product_tag":[],"aioseo_notices":[],"yoast_head":"<!-- This site is optimized with the Yoast SEO plugin v18.4.1 - https:\/\/yoast.com\/wordpress\/plugins\/seo\/ -->\r\n<title>Ttr50 - CALDAS MOTOS<\/title>\r\n<meta name=\"description\" content=\"Caldas motos, yamaha manizales, manizales yamaha, yamaha, caldas yamaha\" \/>\r\n<meta name=\"robots\" content=\"index, follow, max-snippet:-1, max-image-preview:large, max-video-preview:-1\" \/>\r\n<link rel=\"canonical\" href=\"http:\/\/caldasmotos.com\/index.php\/product\/ttr50\/\" \/>\r\n<meta property=\"og:locale\" content=\"es_ES\" \/>\r\n<meta property=\"og:type\" content=\"article\" \/>\r\n<meta property=\"og:title\" content=\"Ttr50 - CALDAS MOTOS\" \/>\r\n<meta property=\"og:description\" content=\"Caldas motos, yamaha manizales, manizales yamaha, yamaha, caldas yamaha\" \/>\r\n<meta property=\"og:url\" content=\"http:\/\/caldasmotos.com\/index.php\/product\/ttr50\/\" \/>\r\n<meta property=\"og:site_name\" content=\"CALDAS MOTOS\" \/>\r\n<meta property=\"article:modified_time\" content=\"2020-10-22T13:31:46+00:00\" \/>\r\n<meta property=\"og:image\" content=\"http:\/\/caldasmotos.com\/wp-content\/uploads\/2017\/03\/ttr50-01.png\" \/>\r\n\t<meta property=\"og:image:width\" content=\"494\" \/>\r\n\t<meta property=\"og:image:height\" content=\"438\" \/>\r\n\t<meta property=\"og:image:type\" content=\"image\/png\" \/>\r\n<meta name=\"twitter:card\" content=\"summary\" \/>\r\n<meta name=\"twitter:label1\" content=\"Tiempo estimado de lectura\" \/>\n\t<meta name=\"twitter:data1\" content=\"1 minuto\" \/>\r\n<script type=\"application\/ld+json\" class=\"yoast-schema-graph\">{\"@context\":\"https:\/\/schema.org\",\"@graph\":[{\"@type\":\"Organization\",\"@id\":\"https:\/\/caldasmotos.com\/#organization\",\"name\":\"distrimotosyamaha\",\"url\":\"https:\/\/caldasmotos.com\/\",\"sameAs\":[],\"logo\":{\"@type\":\"ImageObject\",\"@id\":\"https:\/\/caldasmotos.com\/#logo\",\"inLanguage\":\"es-CO\",\"url\":\"http:\/\/caldasmotos.com\/wp-content\/uploads\/2019\/10\/5-1.png\",\"contentUrl\":\"http:\/\/caldasmotos.com\/wp-content\/uploads\/2019\/10\/5-1.png\",\"width\":1924,\"height\":398,\"caption\":\"distrimotosyamaha\"},\"image\":{\"@id\":\"https:\/\/caldasmotos.com\/#logo\"}},{\"@type\":\"WebSite\",\"@id\":\"https:\/\/caldasmotos.com\/#website\",\"url\":\"https:\/\/caldasmotos.com\/\",\"name\":\"CALDAS MOTOS\",\"description\":\"Caldas motos, yamaha manizales, manizales yamaha, yamaha, caldas yamaha\",\"publisher\":{\"@id\":\"https:\/\/caldasmotos.com\/#organization\"},\"potentialAction\":[{\"@type\":\"SearchAction\",\"target\":{\"@type\":\"EntryPoint\",\"urlTemplate\":\"https:\/\/caldasmotos.com\/?s={search_term_string}\"},\"query-input\":\"required name=search_term_string\"}],\"inLanguage\":\"es-CO\"},{\"@type\":\"ImageObject\",\"@id\":\"http:\/\/caldasmotos.com\/index.php\/product\/ttr50\/#primaryimage\",\"inLanguage\":\"es-CO\",\"url\":\"http:\/\/caldasmotos.com\/wp-content\/uploads\/2017\/03\/ttr50-01.png\",\"contentUrl\":\"http:\/\/caldasmotos.com\/wp-content\/uploads\/2017\/03\/ttr50-01.png\",\"width\":494,\"height\":438},{\"@type\":\"WebPage\",\"@id\":\"http:\/\/caldasmotos.com\/index.php\/product\/ttr50\/#webpage\",\"url\":\"http:\/\/caldasmotos.com\/index.php\/product\/ttr50\/\",\"name\":\"Ttr50 - CALDAS MOTOS\",\"isPartOf\":{\"@id\":\"https:\/\/caldasmotos.com\/#website\"},\"primaryImageOfPage\":{\"@id\":\"http:\/\/caldasmotos.com\/index.php\/product\/ttr50\/#primaryimage\"},\"datePublished\":\"2017-03-16T19:23:42+00:00\",\"dateModified\":\"2020-10-22T13:31:46+00:00\",\"description\":\"Caldas motos, yamaha manizales, manizales yamaha, yamaha, caldas yamaha\",\"breadcrumb\":{\"@id\":\"http:\/\/caldasmotos.com\/index.php\/product\/ttr50\/#breadcrumb\"},\"inLanguage\":\"es-CO\",\"potentialAction\":[{\"@type\":\"ReadAction\",\"target\":[\"http:\/\/caldasmotos.com\/index.php\/product\/ttr50\/\"]}]},{\"@type\":\"BreadcrumbList\",\"@id\":\"http:\/\/caldasmotos.com\/index.php\/product\/ttr50\/#breadcrumb\",\"itemListElement\":[{\"@type\":\"ListItem\",\"position\":1,\"name\":\"Home\",\"item\":\"https:\/\/caldasmotos.com\/\"},{\"@type\":\"ListItem\",\"position\":2,\"name\":\"Shop\",\"item\":\"https:\/\/caldasmotos.com\/index.php\/shop\/\"},{\"@type\":\"ListItem\",\"position\":3,\"name\":\"Ttr50\"}]}]}<\/script>\r\n<!-- \/ Yoast SEO plugin. -->","yoast_head_json":{"title":"Ttr50 - CALDAS MOTOS","description":"Caldas motos, yamaha manizales, manizales yamaha, yamaha, caldas yamaha","robots":{"index":"index","follow":"follow","max-snippet":"max-snippet:-1","max-image-preview":"max-image-preview:large","max-video-preview":"max-video-preview:-1"},"canonical":"http:\/\/caldasmotos.com\/index.php\/product\/ttr50\/","og_locale":"es_ES","og_type":"article","og_title":"Ttr50 - CALDAS MOTOS","og_description":"Caldas motos, yamaha manizales, manizales yamaha, yamaha, caldas yamaha","og_url":"http:\/\/caldasmotos.com\/index.php\/product\/ttr50\/","og_site_name":"CALDAS MOTOS","article_modified_time":"2020-10-22T13:31:46+00:00","og_image":[{"width":494,"height":438,"url":"http:\/\/caldasmotos.com\/wp-content\/uploads\/2017\/03\/ttr50-01.png","type":"image\/png"}],"twitter_card":"summary","twitter_misc":{"Tiempo estimado de lectura":"1 minuto"},"schema":{"@context":"https:\/\/schema.org","@graph":[{"@type":"Organization","@id":"https:\/\/caldasmotos.com\/#organization","name":"distrimotosyamaha","url":"https:\/\/caldasmotos.com\/","sameAs":[],"logo":{"@type":"ImageObject","@id":"https:\/\/caldasmotos.com\/#logo","inLanguage":"es-CO","url":"http:\/\/caldasmotos.com\/wp-content\/uploads\/2019\/10\/5-1.png","contentUrl":"http:\/\/caldasmotos.com\/wp-content\/uploads\/2019\/10\/5-1.png","width":1924,"height":398,"caption":"distrimotosyamaha"},"image":{"@id":"https:\/\/caldasmotos.com\/#logo"}},{"@type":"WebSite","@id":"https:\/\/caldasmotos.com\/#website","url":"https:\/\/caldasmotos.com\/","name":"CALDAS MOTOS","description":"Caldas motos, yamaha manizales, manizales yamaha, yamaha, caldas yamaha","publisher":{"@id":"https:\/\/caldasmotos.com\/#organization"},"potentialAction":[{"@type":"SearchAction","target":{"@type":"EntryPoint","urlTemplate":"https:\/\/caldasmotos.com\/?s={search_term_string}"},"query-input":"required name=search_term_string"}],"inLanguage":"es-CO"},{"@type":"ImageObject","@id":"http:\/\/caldasmotos.com\/index.php\/product\/ttr50\/#primaryimage","inLanguage":"es-CO","url":"http:\/\/caldasmotos.com\/wp-content\/uploads\/2017\/03\/ttr50-01.png","contentUrl":"http:\/\/caldasmotos.com\/wp-content\/uploads\/2017\/03\/ttr50-01.png","width":494,"height":438},{"@type":"WebPage","@id":"http:\/\/caldasmotos.com\/index.php\/product\/ttr50\/#webpage","url":"http:\/\/caldasmotos.com\/index.php\/product\/ttr50\/","name":"Ttr50 - CALDAS MOTOS","isPartOf":{"@id":"https:\/\/caldasmotos.com\/#website"},"primaryImageOfPage":{"@id":"http:\/\/caldasmotos.com\/index.php\/product\/ttr50\/#primaryimage"},"datePublished":"2017-03-16T19:23:42+00:00","dateModified":"2020-10-22T13:31:46+00:00","description":"Caldas motos, yamaha manizales, manizales yamaha, yamaha, caldas yamaha","breadcrumb":{"@id":"http:\/\/caldasmotos.com\/index.php\/product\/ttr50\/#breadcrumb"},"inLanguage":"es-CO","potentialAction":[{"@type":"ReadAction","target":["http:\/\/caldasmotos.com\/index.php\/product\/ttr50\/"]}]},{"@type":"BreadcrumbList","@id":"http:\/\/caldasmotos.com\/index.php\/product\/ttr50\/#breadcrumb","itemListElement":[{"@type":"ListItem","position":1,"name":"Home","item":"https:\/\/caldasmotos.com\/"},{"@type":"ListItem","position":2,"name":"Shop","item":"https:\/\/caldasmotos.com\/index.php\/shop\/"},{"@type":"ListItem","position":3,"name":"Ttr50"}]}]}},"_links":{"self":[{"href":"http:\/\/caldasmotos.com\/index.php\/wp-json\/wp\/v2\/product\/337"}],"collection":[{"href":"http:\/\/caldasmotos.com\/index.php\/wp-json\/wp\/v2\/product"}],"about":[{"href":"http:\/\/caldasmotos.com\/index.php\/wp-json\/wp\/v2\/types\/product"}],"replies":[{"embeddable":true,"href":"http:\/\/caldasmotos.com\/index.php\/wp-json\/wp\/v2\/comments?post=337"}],"wp:featuredmedia":[{"embeddable":true,"href":"http:\/\/caldasmotos.com\/index.php\/wp-json\/wp\/v2\/media\/338"}],"wp:attachment":[{"href":"http:\/\/caldasmotos.com\/index.php\/wp-json\/wp\/v2\/media?parent=337"}],"wp:term":[{"taxonomy":"product_cat","embeddable":true,"href":"http:\/\/caldasmotos.com\/index.php\/wp-json\/wp\/v2\/product_cat?post=337"},{"taxonomy":"product_tag","embeddable":true,"href":"http:\/\/caldasmotos.com\/index.php\/wp-json\/wp\/v2\/product_tag?post=337"}],"curies":[{"name":"wp","href":"https:\/\/api.w.org\/{rel}","templated":true}]}}