{"id":166,"date":"2016-12-12T20:14:21","date_gmt":"2016-12-12T20:14:21","guid":{"rendered":"http:\/\/simbiosystemas-001-site6.gtempurl.com\/?post_type=product&#038;p=166"},"modified":"2020-10-30T14:47:07","modified_gmt":"2020-10-30T14:47:07","slug":"fazer-2","status":"publish","type":"product","link":"https:\/\/caldasmotos.com\/index.php\/product\/fazer-2\/","title":{"rendered":"Fazer 2"},"content":{"rendered":"<h2 style=\"text-align: center;\">Especificaciones t\u00e9cnicas FAZER 2.0<\/h2>\n<table class=\"tablaDetallesProducto\" border=\"0\" cellspacing=\"1\" cellpadding=\"0\">\n<tbody>\n<tr>\n<td align=\"center\"><strong>Largo total<\/strong><\/td>\n<td align=\"center\">1,990 mm<\/td>\n<\/tr>\n<tr>\n<td align=\"center\"><strong>Ancho total<\/strong><\/td>\n<td align=\"center\">760 mm<\/td>\n<\/tr>\n<tr>\n<td align=\"center\"><strong>Altura total<\/strong><\/td>\n<td align=\"center\">1,115 mm<\/td>\n<\/tr>\n<tr>\n<td align=\"center\"><strong>Altura al asiento<\/strong><\/td>\n<td align=\"center\">790 mm<\/td>\n<\/tr>\n<tr>\n<td align=\"center\"><strong>Distancia entre ejes \u00a0 \u00a0<\/strong><\/td>\n<td align=\"center\">1,330 mm<\/td>\n<\/tr>\n<tr>\n<td align=\"center\"><strong>Distancia m\u00ednima del piso \u00a0 \u00a0<\/strong><\/td>\n<td align=\"center\">160 mm<\/td>\n<\/tr>\n<tr>\n<td align=\"center\"><strong>Peso (sin aceite y gasolina)<\/strong><\/td>\n<td align=\"center\"><\/td>\n<\/tr>\n<tr>\n<td align=\"center\"><strong>Peso (con aceite y tanque de gasolina lleno)<\/strong><\/td>\n<td align=\"center\">137kg<\/td>\n<\/tr>\n<tr>\n<td align=\"center\"><strong>Tipo de motor \u00a0 \u00a0<\/strong><\/td>\n<td align=\"center\">4 Tiempos SOHC, refrigerado por aire<\/td>\n<\/tr>\n<tr>\n<td align=\"center\"><strong>Disposici\u00f3n de los cilindros<\/strong><\/td>\n<td align=\"center\">1 Cilindro inclinado hacia adelante<\/td>\n<\/tr>\n<tr>\n<td align=\"center\"><strong>Cilindraje<\/strong><\/td>\n<td align=\"center\">149 cc<\/td>\n<\/tr>\n<tr>\n<td align=\"center\"><strong>Di\u00e1metro por carrera<\/strong><\/td>\n<td align=\"center\">57.3 X 57.9 mm<\/td>\n<\/tr>\n<tr>\n<td align=\"center\"><strong>Relaci\u00f3n de compresi\u00f3n<\/strong><\/td>\n<td align=\"center\">9.5 : 1<\/td>\n<\/tr>\n<tr>\n<td align=\"center\"><strong>Potencia M\u00e1xima<\/strong><\/td>\n<td align=\"center\">13 Hp a 8000 rpm<\/td>\n<\/tr>\n<tr>\n<td align=\"center\"><strong>Torque m\u00e1ximo<br \/>\n<\/strong><\/td>\n<td align=\"center\">12.8 Nm a 6000 rpm<\/td>\n<\/tr>\n<tr>\n<td align=\"center\"><strong>Arranque<\/strong><\/td>\n<td align=\"center\">El\u00e9ctrico<\/td>\n<\/tr>\n<tr>\n<td align=\"center\"><strong>Tipo de lubricaci\u00f3n<\/strong><\/td>\n<td align=\"center\">C\u00e1rter h\u00famedo<\/td>\n<\/tr>\n<tr>\n<td align=\"center\"><strong>Capacidad de combustible<br \/>\n<\/strong><\/td>\n<td align=\"center\">12 L (3.17 Gls)<\/td>\n<\/tr>\n<tr>\n<td align=\"center\"><strong>Sistema de alimentaci\u00f3n<br \/>\n<\/strong><\/td>\n<td align=\"center\">Inyecci\u00f3n Electr\u00f3nica<\/td>\n<\/tr>\n<tr>\n<td align=\"center\"><strong>Encendido<\/strong><\/td>\n<td align=\"center\">TCI<\/td>\n<\/tr>\n<tr>\n<td align=\"center\"><strong>Capacidad de bater\u00eda<\/strong><\/td>\n<td align=\"center\">12V 4AH (10h)<\/td>\n<\/tr>\n<tr>\n<td align=\"center\"><strong>Bater\u00eda<\/strong><\/td>\n<td align=\"center\">YTX5L-BS<\/td>\n<\/tr>\n<tr>\n<td align=\"center\"><strong>Relaci\u00f3n de reducci\u00f3n primaria\/secundaria<\/strong><\/td>\n<td align=\"center\">Engranaje recto \/ Cadena<\/td>\n<\/tr>\n<tr>\n<td align=\"center\"><strong>Relaci\u00f3n de reducci\u00f3n primaria\/secundaria<\/strong><\/td>\n<td align=\"center\">75\/22 3.409 \/ 41\/14 2.929<\/td>\n<\/tr>\n<tr>\n<td align=\"center\"><strong>Tipo de embrague\u00a0 \u00a0<\/strong><\/td>\n<td align=\"center\">Multidisco h\u00famedo con resorte en espiral<\/td>\n<\/tr>\n<tr>\n<td align=\"center\"><strong>Tipo de transmisi\u00f3n<\/strong><\/td>\n<td align=\"center\">Transmisi\u00f3n constante de 5 velocidades<\/td>\n<\/tr>\n<tr>\n<td align=\"center\"><strong>Chasis<\/strong><\/td>\n<td align=\"center\">Diamante<\/td>\n<\/tr>\n<tr>\n<td align=\"center\"><strong>Inclinaci\u00f3n \/ Avance<\/strong><\/td>\n<td align=\"center\">25\u00b0 101.2mm<\/td>\n<\/tr>\n<tr>\n<td align=\"center\"><strong>Rueda delantera<\/strong><\/td>\n<td align=\"center\">100\/80-R17<\/td>\n<\/tr>\n<tr>\n<td align=\"center\"><strong>Rueda trasera<\/strong><\/td>\n<td align=\"center\">140\/60-R17<\/td>\n<\/tr>\n<tr>\n<td align=\"center\"><strong>Freno delantero<\/strong><\/td>\n<td align=\"center\">Disco<\/td>\n<\/tr>\n<tr>\n<td align=\"center\"><strong>Freno trasero<\/strong><\/td>\n<td align=\"center\">Tambor<\/td>\n<\/tr>\n<tr>\n<td align=\"center\"><strong>Tipo de suspensi\u00f3n delantera<\/strong><\/td>\n<td align=\"center\">Horquilla telesc\u00f3pica<\/td>\n<\/tr>\n<tr>\n<td align=\"center\"><strong>Tipo de suspensi\u00f3n trasera<\/strong><\/td>\n<td align=\"center\">Basculante<\/td>\n<\/tr>\n<tr>\n<td align=\"center\"><strong>Luz principal<\/strong><\/td>\n<td align=\"center\">Bombillo hal\u00f3geno 12V 35W\/35W X 1<\/td>\n<\/tr>\n<\/tbody>\n<\/table>\n","protected":false},"excerpt":{"rendered":"<h1 style=\"text-align: center;\">FAZER 2.0<\/h1>\n<p>Con la Fazer, el sue\u00f1o de viajar en una motocicleta puede ser una realidad, s\u00f3lo se necesita ser un verdadero motociclista con esp\u00edritu de turismo. Su dise\u00f1o fue desarrollado en t\u00fanel de viento, de tal manera que el carenaje aerodin\u00e1mico y el visor protegen al piloto de la fuerza de las corrientes de aire, incrementando la estabilidad y la comodidad en la conducci\u00f3n durante recorridos de larga distancia<\/p>\n","protected":false},"featured_media":669,"comment_status":"open","ping_status":"closed","template":"","meta":{"_monsterinsights_skip_tracking":false,"_monsterinsights_sitenote_active":false,"_monsterinsights_sitenote_note":"","_monsterinsights_sitenote_category":0},"product_cat":[11,13],"product_tag":[],"aioseo_notices":[],"yoast_head":"<!-- This site is optimized with the Yoast SEO plugin v18.4.1 - https:\/\/yoast.com\/wordpress\/plugins\/seo\/ -->\r\n<title>Fazer 2 - CALDAS MOTOS<\/title>\r\n<meta name=\"description\" content=\"Caldas motos, yamaha manizales, manizales yamaha, yamaha, caldas yamaha\" \/>\r\n<meta name=\"robots\" content=\"index, follow, max-snippet:-1, max-image-preview:large, max-video-preview:-1\" \/>\r\n<link rel=\"canonical\" href=\"https:\/\/caldasmotos.com\/index.php\/product\/fazer-2\/\" \/>\r\n<meta property=\"og:locale\" content=\"es_ES\" \/>\r\n<meta property=\"og:type\" content=\"article\" \/>\r\n<meta property=\"og:title\" content=\"Fazer 2 - CALDAS MOTOS\" \/>\r\n<meta property=\"og:description\" content=\"Caldas motos, yamaha manizales, manizales yamaha, yamaha, caldas yamaha\" \/>\r\n<meta property=\"og:url\" content=\"https:\/\/caldasmotos.com\/index.php\/product\/fazer-2\/\" \/>\r\n<meta property=\"og:site_name\" content=\"CALDAS MOTOS\" \/>\r\n<meta property=\"article:modified_time\" content=\"2020-10-30T14:47:07+00:00\" \/>\r\n<meta property=\"og:image\" content=\"https:\/\/caldasmotos.com\/wp-content\/uploads\/2016\/12\/fazer-roja3.png\" \/>\r\n\t<meta property=\"og:image:width\" content=\"540\" \/>\r\n\t<meta property=\"og:image:height\" content=\"417\" \/>\r\n\t<meta property=\"og:image:type\" content=\"image\/png\" \/>\r\n<meta name=\"twitter:card\" content=\"summary\" \/>\r\n<meta name=\"twitter:label1\" content=\"Tiempo estimado de lectura\" \/>\n\t<meta name=\"twitter:data1\" content=\"1 minuto\" \/>\r\n<script type=\"application\/ld+json\" class=\"yoast-schema-graph\">{\"@context\":\"https:\/\/schema.org\",\"@graph\":[{\"@type\":\"Organization\",\"@id\":\"http:\/\/caldasmotos.com\/#organization\",\"name\":\"distrimotosyamaha\",\"url\":\"http:\/\/caldasmotos.com\/\",\"sameAs\":[],\"logo\":{\"@type\":\"ImageObject\",\"@id\":\"http:\/\/caldasmotos.com\/#logo\",\"inLanguage\":\"es-CO\",\"url\":\"http:\/\/caldasmotos.com\/wp-content\/uploads\/2019\/10\/5-1.png\",\"contentUrl\":\"http:\/\/caldasmotos.com\/wp-content\/uploads\/2019\/10\/5-1.png\",\"width\":1924,\"height\":398,\"caption\":\"distrimotosyamaha\"},\"image\":{\"@id\":\"http:\/\/caldasmotos.com\/#logo\"}},{\"@type\":\"WebSite\",\"@id\":\"http:\/\/caldasmotos.com\/#website\",\"url\":\"http:\/\/caldasmotos.com\/\",\"name\":\"CALDAS MOTOS\",\"description\":\"Caldas motos, yamaha manizales, manizales yamaha, yamaha, caldas yamaha\",\"publisher\":{\"@id\":\"http:\/\/caldasmotos.com\/#organization\"},\"potentialAction\":[{\"@type\":\"SearchAction\",\"target\":{\"@type\":\"EntryPoint\",\"urlTemplate\":\"http:\/\/caldasmotos.com\/?s={search_term_string}\"},\"query-input\":\"required name=search_term_string\"}],\"inLanguage\":\"es-CO\"},{\"@type\":\"ImageObject\",\"@id\":\"https:\/\/caldasmotos.com\/index.php\/product\/fazer-2\/#primaryimage\",\"inLanguage\":\"es-CO\",\"url\":\"https:\/\/caldasmotos.com\/wp-content\/uploads\/2016\/12\/fazer-roja3.png\",\"contentUrl\":\"https:\/\/caldasmotos.com\/wp-content\/uploads\/2016\/12\/fazer-roja3.png\",\"width\":540,\"height\":417},{\"@type\":\"WebPage\",\"@id\":\"https:\/\/caldasmotos.com\/index.php\/product\/fazer-2\/#webpage\",\"url\":\"https:\/\/caldasmotos.com\/index.php\/product\/fazer-2\/\",\"name\":\"Fazer 2 - CALDAS MOTOS\",\"isPartOf\":{\"@id\":\"http:\/\/caldasmotos.com\/#website\"},\"primaryImageOfPage\":{\"@id\":\"https:\/\/caldasmotos.com\/index.php\/product\/fazer-2\/#primaryimage\"},\"datePublished\":\"2016-12-12T20:14:21+00:00\",\"dateModified\":\"2020-10-30T14:47:07+00:00\",\"description\":\"Caldas motos, yamaha manizales, manizales yamaha, yamaha, caldas yamaha\",\"breadcrumb\":{\"@id\":\"https:\/\/caldasmotos.com\/index.php\/product\/fazer-2\/#breadcrumb\"},\"inLanguage\":\"es-CO\",\"potentialAction\":[{\"@type\":\"ReadAction\",\"target\":[\"https:\/\/caldasmotos.com\/index.php\/product\/fazer-2\/\"]}]},{\"@type\":\"BreadcrumbList\",\"@id\":\"https:\/\/caldasmotos.com\/index.php\/product\/fazer-2\/#breadcrumb\",\"itemListElement\":[{\"@type\":\"ListItem\",\"position\":1,\"name\":\"Home\",\"item\":\"http:\/\/caldasmotos.com\/\"},{\"@type\":\"ListItem\",\"position\":2,\"name\":\"Shop\",\"item\":\"https:\/\/caldasmotos.com\/index.php\/shop\/\"},{\"@type\":\"ListItem\",\"position\":3,\"name\":\"Fazer 2\"}]}]}<\/script>\r\n<!-- \/ Yoast SEO plugin. -->","yoast_head_json":{"title":"Fazer 2 - CALDAS MOTOS","description":"Caldas motos, yamaha manizales, manizales yamaha, yamaha, caldas yamaha","robots":{"index":"index","follow":"follow","max-snippet":"max-snippet:-1","max-image-preview":"max-image-preview:large","max-video-preview":"max-video-preview:-1"},"canonical":"https:\/\/caldasmotos.com\/index.php\/product\/fazer-2\/","og_locale":"es_ES","og_type":"article","og_title":"Fazer 2 - CALDAS MOTOS","og_description":"Caldas motos, yamaha manizales, manizales yamaha, yamaha, caldas yamaha","og_url":"https:\/\/caldasmotos.com\/index.php\/product\/fazer-2\/","og_site_name":"CALDAS MOTOS","article_modified_time":"2020-10-30T14:47:07+00:00","og_image":[{"width":540,"height":417,"url":"https:\/\/caldasmotos.com\/wp-content\/uploads\/2016\/12\/fazer-roja3.png","type":"image\/png"}],"twitter_card":"summary","twitter_misc":{"Tiempo estimado de lectura":"1 minuto"},"schema":{"@context":"https:\/\/schema.org","@graph":[{"@type":"Organization","@id":"http:\/\/caldasmotos.com\/#organization","name":"distrimotosyamaha","url":"http:\/\/caldasmotos.com\/","sameAs":[],"logo":{"@type":"ImageObject","@id":"http:\/\/caldasmotos.com\/#logo","inLanguage":"es-CO","url":"http:\/\/caldasmotos.com\/wp-content\/uploads\/2019\/10\/5-1.png","contentUrl":"http:\/\/caldasmotos.com\/wp-content\/uploads\/2019\/10\/5-1.png","width":1924,"height":398,"caption":"distrimotosyamaha"},"image":{"@id":"http:\/\/caldasmotos.com\/#logo"}},{"@type":"WebSite","@id":"http:\/\/caldasmotos.com\/#website","url":"http:\/\/caldasmotos.com\/","name":"CALDAS MOTOS","description":"Caldas motos, yamaha manizales, manizales yamaha, yamaha, caldas yamaha","publisher":{"@id":"http:\/\/caldasmotos.com\/#organization"},"potentialAction":[{"@type":"SearchAction","target":{"@type":"EntryPoint","urlTemplate":"http:\/\/caldasmotos.com\/?s={search_term_string}"},"query-input":"required name=search_term_string"}],"inLanguage":"es-CO"},{"@type":"ImageObject","@id":"https:\/\/caldasmotos.com\/index.php\/product\/fazer-2\/#primaryimage","inLanguage":"es-CO","url":"https:\/\/caldasmotos.com\/wp-content\/uploads\/2016\/12\/fazer-roja3.png","contentUrl":"https:\/\/caldasmotos.com\/wp-content\/uploads\/2016\/12\/fazer-roja3.png","width":540,"height":417},{"@type":"WebPage","@id":"https:\/\/caldasmotos.com\/index.php\/product\/fazer-2\/#webpage","url":"https:\/\/caldasmotos.com\/index.php\/product\/fazer-2\/","name":"Fazer 2 - CALDAS MOTOS","isPartOf":{"@id":"http:\/\/caldasmotos.com\/#website"},"primaryImageOfPage":{"@id":"https:\/\/caldasmotos.com\/index.php\/product\/fazer-2\/#primaryimage"},"datePublished":"2016-12-12T20:14:21+00:00","dateModified":"2020-10-30T14:47:07+00:00","description":"Caldas motos, yamaha manizales, manizales yamaha, yamaha, caldas yamaha","breadcrumb":{"@id":"https:\/\/caldasmotos.com\/index.php\/product\/fazer-2\/#breadcrumb"},"inLanguage":"es-CO","potentialAction":[{"@type":"ReadAction","target":["https:\/\/caldasmotos.com\/index.php\/product\/fazer-2\/"]}]},{"@type":"BreadcrumbList","@id":"https:\/\/caldasmotos.com\/index.php\/product\/fazer-2\/#breadcrumb","itemListElement":[{"@type":"ListItem","position":1,"name":"Home","item":"http:\/\/caldasmotos.com\/"},{"@type":"ListItem","position":2,"name":"Shop","item":"https:\/\/caldasmotos.com\/index.php\/shop\/"},{"@type":"ListItem","position":3,"name":"Fazer 2"}]}]}},"_links":{"self":[{"href":"https:\/\/caldasmotos.com\/index.php\/wp-json\/wp\/v2\/product\/166"}],"collection":[{"href":"https:\/\/caldasmotos.com\/index.php\/wp-json\/wp\/v2\/product"}],"about":[{"href":"https:\/\/caldasmotos.com\/index.php\/wp-json\/wp\/v2\/types\/product"}],"replies":[{"embeddable":true,"href":"https:\/\/caldasmotos.com\/index.php\/wp-json\/wp\/v2\/comments?post=166"}],"wp:featuredmedia":[{"embeddable":true,"href":"https:\/\/caldasmotos.com\/index.php\/wp-json\/wp\/v2\/media\/669"}],"wp:attachment":[{"href":"https:\/\/caldasmotos.com\/index.php\/wp-json\/wp\/v2\/media?parent=166"}],"wp:term":[{"taxonomy":"product_cat","embeddable":true,"href":"https:\/\/caldasmotos.com\/index.php\/wp-json\/wp\/v2\/product_cat?post=166"},{"taxonomy":"product_tag","embeddable":true,"href":"https:\/\/caldasmotos.com\/index.php\/wp-json\/wp\/v2\/product_tag?post=166"}],"curies":[{"name":"wp","href":"https:\/\/api.w.org\/{rel}","templated":true}]}}