{"id":171,"date":"2016-12-12T20:24:52","date_gmt":"2016-12-12T20:24:52","guid":{"rendered":"http:\/\/simbiosystemas-001-site6.gtempurl.com\/?post_type=product&#038;p=171"},"modified":"2020-10-30T14:45:25","modified_gmt":"2020-10-30T14:45:25","slug":"xt660r","status":"publish","type":"product","link":"https:\/\/caldasmotos.com\/index.php\/product\/xt660r\/","title":{"rendered":"XT660R"},"content":{"rendered":"<h2 style=\"text-align: center;\">Especificaciones t\u00e9cnicas XT 660 R<\/h2>\n<table class=\"tablaDetallesProducto\" border=\"0\" cellspacing=\"1\" cellpadding=\"0\">\n<tbody>\n<tr>\n<td align=\"center\"><strong>Largo total<\/strong><\/td>\n<td align=\"center\">2240mm<\/td>\n<\/tr>\n<tr>\n<td align=\"center\"><strong>Ancho total<\/strong><\/td>\n<td align=\"center\">845mm<\/td>\n<\/tr>\n<tr>\n<td align=\"center\"><strong>Altura total<\/strong><\/td>\n<td align=\"center\">1230mm<\/td>\n<\/tr>\n<tr>\n<td align=\"center\"><strong>Altura al asiento<\/strong><\/td>\n<td align=\"center\">865mm<\/td>\n<\/tr>\n<tr>\n<td align=\"center\"><strong>Distancia entre ejes \u00a0 \u00a0<\/strong><\/td>\n<td align=\"center\">1505mm<\/td>\n<\/tr>\n<tr>\n<td align=\"center\"><strong>Distancia m\u00ednima del piso \u00a0 \u00a0<\/strong><\/td>\n<td align=\"center\">210mm<\/td>\n<\/tr>\n<tr>\n<td align=\"center\"><\/td>\n<td align=\"center\"><\/td>\n<\/tr>\n<tr>\n<td align=\"center\"><strong>Peso (Sin aceite ni gasolina)<\/strong><\/td>\n<td align=\"center\">165kg<\/td>\n<\/tr>\n<tr>\n<td align=\"center\"><strong>Peso (Con aceite y tanque de gasolina lleno)<\/strong><\/td>\n<td align=\"center\">181kg<\/td>\n<\/tr>\n<tr>\n<td align=\"center\"><strong>Tipo de motor \u00a0 \u00a0<\/strong><\/td>\n<td align=\"center\">4 Tiempos SOHC, refrigerado por liquido \/ 4 V\u00e1lvulas<\/td>\n<\/tr>\n<tr>\n<td align=\"center\"><strong>Disposici\u00f3n de los cilindros \u00a0 \u00a0<\/strong><\/td>\n<td align=\"center\">1 Cilindro inclinado hacia adelante<\/td>\n<\/tr>\n<tr>\n<td align=\"center\"><strong>Cilindraje<\/strong><\/td>\n<td align=\"center\">660 cc<\/td>\n<\/tr>\n<tr>\n<td align=\"center\"><strong>Di\u00e1metro por carrera \u00a0 \u00a0<\/strong><\/td>\n<td align=\"center\">100.0 X 84.0mm<\/td>\n<\/tr>\n<tr>\n<td align=\"center\"><strong>Relaci\u00f3n de compresi\u00f3n<\/strong><\/td>\n<td align=\"center\">10.0:1<\/td>\n<\/tr>\n<tr>\n<td align=\"center\"><strong>Potencia M\u00e1xima<\/strong><\/td>\n<td align=\"center\">47,32 Hp a 6000 rpm<\/td>\n<\/tr>\n<tr>\n<td align=\"center\"><strong>Torque m\u00e1ximo \u00a0<\/strong><\/td>\n<td align=\"center\">58.4 Nm(5250r\/min)<\/td>\n<\/tr>\n<tr>\n<td align=\"center\"><strong>Arranque<\/strong><\/td>\n<td align=\"center\">El\u00e9ctrico<\/td>\n<\/tr>\n<tr>\n<td align=\"center\"><strong>Tipo de lubricaci\u00f3n \u00a0<\/strong><\/td>\n<td align=\"center\">C\u00e1rter seco<\/td>\n<\/tr>\n<tr>\n<td align=\"center\"><strong>Capacidad de combustible<\/strong><\/td>\n<td align=\"center\">15L (3,96 Gls)<\/td>\n<\/tr>\n<tr>\n<td align=\"center\"><strong>Sistema de alimentaci\u00f3n<\/strong><\/td>\n<td align=\"center\">Inyecci\u00f3n Electr\u00f3nica<\/td>\n<\/tr>\n<tr>\n<td align=\"center\"><strong>Encendido<\/strong><\/td>\n<td align=\"center\">TCI<\/td>\n<\/tr>\n<tr>\n<td align=\"center\"><strong>Capacidad bater\u00eda<\/strong><\/td>\n<td align=\"center\">12V, 8AH(10H)<\/td>\n<\/tr>\n<tr>\n<td align=\"center\"><strong>Bater\u00eda \u00a0 \u00a0<\/strong><\/td>\n<td align=\"center\">GT9B-4<\/td>\n<\/tr>\n<tr>\n<td align=\"center\"><strong>Relaci\u00f3n de reducci\u00f3n primaria\/secundaria \u00a0 \u00a0<\/strong><\/td>\n<td align=\"center\">75\/36 2.083<br \/>\n74\/24 (3.083)<\/td>\n<\/tr>\n<tr>\n<td align=\"center\"><strong>Relaci\u00f3n de reducci\u00f3n primaria\/secundaria \u00a0 \u00a0<\/strong><\/td>\n<td align=\"center\">Cadena<br \/>\n45\/15 3.000<\/td>\n<\/tr>\n<tr>\n<td align=\"center\"><strong>Tipo de embrague \u00a0<\/strong><\/td>\n<td align=\"center\">Multidisco h\u00famedo con resorte en espiral<\/td>\n<\/tr>\n<tr>\n<td align=\"center\"><strong>Tipo de transmisi\u00f3n<\/strong><\/td>\n<td align=\"center\">Transmisi\u00f3n constante de 5 velocidades<\/td>\n<\/tr>\n<tr>\n<td align=\"center\"><\/td>\n<td align=\"center\"><\/td>\n<\/tr>\n<tr>\n<td align=\"center\"><strong>Relaci\u00f3n de transmisi\u00f3n en 1ra<\/strong><\/td>\n<td align=\"center\">30\/12 2.500<\/td>\n<\/tr>\n<tr>\n<td align=\"center\"><strong>Relaci\u00f3n de transmisi\u00f3n en 2da<\/strong><\/td>\n<td align=\"center\">26\/16 1.625<\/td>\n<\/tr>\n<tr>\n<td align=\"center\"><strong>Relaci\u00f3n de transmisi\u00f3n en 3ra<\/strong><\/td>\n<td align=\"center\">23\/20 1.150<\/td>\n<\/tr>\n<tr>\n<td align=\"center\"><strong>Relaci\u00f3n de transmisi\u00f3n en 4ta<\/strong><\/td>\n<td align=\"center\">20\/22 0.909<\/td>\n<\/tr>\n<tr>\n<td align=\"center\"><strong>Relaci\u00f3n de transmisi\u00f3n en 5ta<\/strong><\/td>\n<td align=\"center\">20\/26 0.769<\/td>\n<\/tr>\n<tr>\n<td align=\"center\"><\/td>\n<td align=\"center\"><\/td>\n<\/tr>\n<tr>\n<td align=\"center\"><strong>Tipo de chasis \u00a0<\/strong><\/td>\n<td align=\"center\">Diamante<\/td>\n<\/tr>\n<tr>\n<td align=\"center\"><strong>Inclinaci\u00f3n \/ Avance \u00a0<\/strong><\/td>\n<td align=\"center\">27\u00b0 15&#8221;<\/td>\n<\/tr>\n<tr>\n<td align=\"center\"><strong>Inclinaci\u00f3n \/ Avance \u00a0 \u00a0<\/strong><\/td>\n<td align=\"center\">107mm<\/td>\n<\/tr>\n<tr>\n<td align=\"center\"><strong>Rueda delantera<\/strong><\/td>\n<td align=\"center\">90\/90\/21 MC 54S<\/td>\n<\/tr>\n<tr>\n<td align=\"center\"><strong>Rueda trasera<\/strong><\/td>\n<td align=\"center\">130\/80\/17 MC 65S<\/td>\n<\/tr>\n<tr>\n<td align=\"center\"><strong>Freno delantero<\/strong><\/td>\n<td align=\"center\">Disco<\/td>\n<\/tr>\n<tr>\n<td align=\"center\"><strong>Freno trasero<\/strong><\/td>\n<td align=\"center\">Disco<\/td>\n<\/tr>\n<tr>\n<td align=\"center\"><strong>Tipo de suspensi\u00f3n delantera \u00a0<\/strong><\/td>\n<td align=\"center\">Horquilla telesc\u00f3pica<\/td>\n<\/tr>\n<tr>\n<td align=\"center\"><strong>Tipo de suspensi\u00f3n trasera<\/strong><\/td>\n<td align=\"center\">Basculante (Por bieletas)<\/td>\n<\/tr>\n<tr>\n<td align=\"center\"><strong>Luz principal \u00a0<\/strong><\/td>\n<td align=\"center\">Bombillo hal\u00f3geno. 12V, 60W\/55W \u00d71<\/td>\n<\/tr>\n<\/tbody>\n<\/table>\n","protected":false},"excerpt":{"rendered":"<h1 style=\"text-align: center;\">XT 660 R<\/h1>\n<p>El nuevo modelo de la familia todo terreno de Yamaha te permitir\u00e1 transportarte con estilo en la ciudad y descubrir nuevos horizontes en los ratos libres. Incorpora un motor de 660 c.c refrigerado por l\u00edquido y esta equipada con sistema fuel injection. La m\u00e1s alta tecnolog\u00eda para comenzar cualquier aventura.<\/p>\n","protected":false},"featured_media":172,"comment_status":"open","ping_status":"closed","template":"","meta":{"_monsterinsights_skip_tracking":false,"_monsterinsights_sitenote_active":false,"_monsterinsights_sitenote_note":"","_monsterinsights_sitenote_category":0},"product_cat":[11,15],"product_tag":[],"aioseo_notices":[],"yoast_head":"<!-- This site is optimized with the Yoast SEO plugin v18.4.1 - https:\/\/yoast.com\/wordpress\/plugins\/seo\/ -->\r\n<title>XT660R - CALDAS MOTOS<\/title>\r\n<meta name=\"description\" content=\"Caldas motos, yamaha manizales, manizales yamaha, yamaha, caldas yamaha\" \/>\r\n<meta name=\"robots\" content=\"index, follow, max-snippet:-1, max-image-preview:large, max-video-preview:-1\" \/>\r\n<link rel=\"canonical\" href=\"https:\/\/caldasmotos.com\/index.php\/product\/xt660r\/\" \/>\r\n<meta property=\"og:locale\" content=\"es_ES\" \/>\r\n<meta property=\"og:type\" content=\"article\" \/>\r\n<meta property=\"og:title\" content=\"XT660R - CALDAS MOTOS\" \/>\r\n<meta property=\"og:description\" content=\"Caldas motos, yamaha manizales, manizales yamaha, yamaha, caldas yamaha\" \/>\r\n<meta property=\"og:url\" content=\"https:\/\/caldasmotos.com\/index.php\/product\/xt660r\/\" \/>\r\n<meta property=\"og:site_name\" content=\"CALDAS MOTOS\" \/>\r\n<meta property=\"article:modified_time\" content=\"2020-10-30T14:45:25+00:00\" \/>\r\n<meta property=\"og:image\" content=\"https:\/\/caldasmotos.com\/wp-content\/uploads\/2016\/12\/xt660r-02.png\" \/>\r\n\t<meta property=\"og:image:width\" content=\"494\" \/>\r\n\t<meta property=\"og:image:height\" content=\"438\" \/>\r\n\t<meta property=\"og:image:type\" content=\"image\/png\" \/>\r\n<meta name=\"twitter:card\" content=\"summary\" \/>\r\n<meta name=\"twitter:label1\" content=\"Tiempo estimado de lectura\" \/>\n\t<meta name=\"twitter:data1\" content=\"1 minuto\" \/>\r\n<script type=\"application\/ld+json\" class=\"yoast-schema-graph\">{\"@context\":\"https:\/\/schema.org\",\"@graph\":[{\"@type\":\"Organization\",\"@id\":\"http:\/\/caldasmotos.com\/#organization\",\"name\":\"distrimotosyamaha\",\"url\":\"http:\/\/caldasmotos.com\/\",\"sameAs\":[],\"logo\":{\"@type\":\"ImageObject\",\"@id\":\"http:\/\/caldasmotos.com\/#logo\",\"inLanguage\":\"es-CO\",\"url\":\"http:\/\/caldasmotos.com\/wp-content\/uploads\/2019\/10\/5-1.png\",\"contentUrl\":\"http:\/\/caldasmotos.com\/wp-content\/uploads\/2019\/10\/5-1.png\",\"width\":1924,\"height\":398,\"caption\":\"distrimotosyamaha\"},\"image\":{\"@id\":\"http:\/\/caldasmotos.com\/#logo\"}},{\"@type\":\"WebSite\",\"@id\":\"http:\/\/caldasmotos.com\/#website\",\"url\":\"http:\/\/caldasmotos.com\/\",\"name\":\"CALDAS MOTOS\",\"description\":\"Caldas motos, yamaha manizales, manizales yamaha, yamaha, caldas yamaha\",\"publisher\":{\"@id\":\"http:\/\/caldasmotos.com\/#organization\"},\"potentialAction\":[{\"@type\":\"SearchAction\",\"target\":{\"@type\":\"EntryPoint\",\"urlTemplate\":\"http:\/\/caldasmotos.com\/?s={search_term_string}\"},\"query-input\":\"required name=search_term_string\"}],\"inLanguage\":\"es-CO\"},{\"@type\":\"ImageObject\",\"@id\":\"https:\/\/caldasmotos.com\/index.php\/product\/xt660r\/#primaryimage\",\"inLanguage\":\"es-CO\",\"url\":\"https:\/\/caldasmotos.com\/wp-content\/uploads\/2016\/12\/xt660r-02.png\",\"contentUrl\":\"https:\/\/caldasmotos.com\/wp-content\/uploads\/2016\/12\/xt660r-02.png\",\"width\":494,\"height\":438},{\"@type\":\"WebPage\",\"@id\":\"https:\/\/caldasmotos.com\/index.php\/product\/xt660r\/#webpage\",\"url\":\"https:\/\/caldasmotos.com\/index.php\/product\/xt660r\/\",\"name\":\"XT660R - CALDAS MOTOS\",\"isPartOf\":{\"@id\":\"http:\/\/caldasmotos.com\/#website\"},\"primaryImageOfPage\":{\"@id\":\"https:\/\/caldasmotos.com\/index.php\/product\/xt660r\/#primaryimage\"},\"datePublished\":\"2016-12-12T20:24:52+00:00\",\"dateModified\":\"2020-10-30T14:45:25+00:00\",\"description\":\"Caldas motos, yamaha manizales, manizales yamaha, yamaha, caldas yamaha\",\"breadcrumb\":{\"@id\":\"https:\/\/caldasmotos.com\/index.php\/product\/xt660r\/#breadcrumb\"},\"inLanguage\":\"es-CO\",\"potentialAction\":[{\"@type\":\"ReadAction\",\"target\":[\"https:\/\/caldasmotos.com\/index.php\/product\/xt660r\/\"]}]},{\"@type\":\"BreadcrumbList\",\"@id\":\"https:\/\/caldasmotos.com\/index.php\/product\/xt660r\/#breadcrumb\",\"itemListElement\":[{\"@type\":\"ListItem\",\"position\":1,\"name\":\"Home\",\"item\":\"http:\/\/caldasmotos.com\/\"},{\"@type\":\"ListItem\",\"position\":2,\"name\":\"Shop\",\"item\":\"https:\/\/caldasmotos.com\/index.php\/shop\/\"},{\"@type\":\"ListItem\",\"position\":3,\"name\":\"XT660R\"}]}]}<\/script>\r\n<!-- \/ Yoast SEO plugin. -->","yoast_head_json":{"title":"XT660R - CALDAS MOTOS","description":"Caldas motos, yamaha manizales, manizales yamaha, yamaha, caldas yamaha","robots":{"index":"index","follow":"follow","max-snippet":"max-snippet:-1","max-image-preview":"max-image-preview:large","max-video-preview":"max-video-preview:-1"},"canonical":"https:\/\/caldasmotos.com\/index.php\/product\/xt660r\/","og_locale":"es_ES","og_type":"article","og_title":"XT660R - CALDAS MOTOS","og_description":"Caldas motos, yamaha manizales, manizales yamaha, yamaha, caldas yamaha","og_url":"https:\/\/caldasmotos.com\/index.php\/product\/xt660r\/","og_site_name":"CALDAS MOTOS","article_modified_time":"2020-10-30T14:45:25+00:00","og_image":[{"width":494,"height":438,"url":"https:\/\/caldasmotos.com\/wp-content\/uploads\/2016\/12\/xt660r-02.png","type":"image\/png"}],"twitter_card":"summary","twitter_misc":{"Tiempo estimado de lectura":"1 minuto"},"schema":{"@context":"https:\/\/schema.org","@graph":[{"@type":"Organization","@id":"http:\/\/caldasmotos.com\/#organization","name":"distrimotosyamaha","url":"http:\/\/caldasmotos.com\/","sameAs":[],"logo":{"@type":"ImageObject","@id":"http:\/\/caldasmotos.com\/#logo","inLanguage":"es-CO","url":"http:\/\/caldasmotos.com\/wp-content\/uploads\/2019\/10\/5-1.png","contentUrl":"http:\/\/caldasmotos.com\/wp-content\/uploads\/2019\/10\/5-1.png","width":1924,"height":398,"caption":"distrimotosyamaha"},"image":{"@id":"http:\/\/caldasmotos.com\/#logo"}},{"@type":"WebSite","@id":"http:\/\/caldasmotos.com\/#website","url":"http:\/\/caldasmotos.com\/","name":"CALDAS MOTOS","description":"Caldas motos, yamaha manizales, manizales yamaha, yamaha, caldas yamaha","publisher":{"@id":"http:\/\/caldasmotos.com\/#organization"},"potentialAction":[{"@type":"SearchAction","target":{"@type":"EntryPoint","urlTemplate":"http:\/\/caldasmotos.com\/?s={search_term_string}"},"query-input":"required name=search_term_string"}],"inLanguage":"es-CO"},{"@type":"ImageObject","@id":"https:\/\/caldasmotos.com\/index.php\/product\/xt660r\/#primaryimage","inLanguage":"es-CO","url":"https:\/\/caldasmotos.com\/wp-content\/uploads\/2016\/12\/xt660r-02.png","contentUrl":"https:\/\/caldasmotos.com\/wp-content\/uploads\/2016\/12\/xt660r-02.png","width":494,"height":438},{"@type":"WebPage","@id":"https:\/\/caldasmotos.com\/index.php\/product\/xt660r\/#webpage","url":"https:\/\/caldasmotos.com\/index.php\/product\/xt660r\/","name":"XT660R - CALDAS MOTOS","isPartOf":{"@id":"http:\/\/caldasmotos.com\/#website"},"primaryImageOfPage":{"@id":"https:\/\/caldasmotos.com\/index.php\/product\/xt660r\/#primaryimage"},"datePublished":"2016-12-12T20:24:52+00:00","dateModified":"2020-10-30T14:45:25+00:00","description":"Caldas motos, yamaha manizales, manizales yamaha, yamaha, caldas yamaha","breadcrumb":{"@id":"https:\/\/caldasmotos.com\/index.php\/product\/xt660r\/#breadcrumb"},"inLanguage":"es-CO","potentialAction":[{"@type":"ReadAction","target":["https:\/\/caldasmotos.com\/index.php\/product\/xt660r\/"]}]},{"@type":"BreadcrumbList","@id":"https:\/\/caldasmotos.com\/index.php\/product\/xt660r\/#breadcrumb","itemListElement":[{"@type":"ListItem","position":1,"name":"Home","item":"http:\/\/caldasmotos.com\/"},{"@type":"ListItem","position":2,"name":"Shop","item":"https:\/\/caldasmotos.com\/index.php\/shop\/"},{"@type":"ListItem","position":3,"name":"XT660R"}]}]}},"_links":{"self":[{"href":"https:\/\/caldasmotos.com\/index.php\/wp-json\/wp\/v2\/product\/171"}],"collection":[{"href":"https:\/\/caldasmotos.com\/index.php\/wp-json\/wp\/v2\/product"}],"about":[{"href":"https:\/\/caldasmotos.com\/index.php\/wp-json\/wp\/v2\/types\/product"}],"replies":[{"embeddable":true,"href":"https:\/\/caldasmotos.com\/index.php\/wp-json\/wp\/v2\/comments?post=171"}],"wp:featuredmedia":[{"embeddable":true,"href":"https:\/\/caldasmotos.com\/index.php\/wp-json\/wp\/v2\/media\/172"}],"wp:attachment":[{"href":"https:\/\/caldasmotos.com\/index.php\/wp-json\/wp\/v2\/media?parent=171"}],"wp:term":[{"taxonomy":"product_cat","embeddable":true,"href":"https:\/\/caldasmotos.com\/index.php\/wp-json\/wp\/v2\/product_cat?post=171"},{"taxonomy":"product_tag","embeddable":true,"href":"https:\/\/caldasmotos.com\/index.php\/wp-json\/wp\/v2\/product_tag?post=171"}],"curies":[{"name":"wp","href":"https:\/\/api.w.org\/{rel}","templated":true}]}}