{"id":182,"date":"2016-12-12T20:33:12","date_gmt":"2016-12-12T20:33:12","guid":{"rendered":"http:\/\/simbiosystemas-001-site6.gtempurl.com\/?post_type=product&#038;p=182"},"modified":"2020-11-04T15:26:42","modified_gmt":"2020-11-04T15:26:42","slug":"xtz-125","status":"publish","type":"product","link":"https:\/\/caldasmotos.com\/index.php\/product\/xtz-125\/","title":{"rendered":"Xtz 125"},"content":{"rendered":"<h2>Especificaciones t\u00e9cnicas XTZ 125<\/h2>\n<table class=\"tablaDetallesProducto\" border=\"0\" cellspacing=\"1\" cellpadding=\"0\">\n<tbody>\n<tr>\n<td align=\"center\"><strong>Largo total<\/strong><\/td>\n<td align=\"center\">2090mm<\/td>\n<\/tr>\n<tr>\n<td align=\"center\"><strong>Ancho total<\/strong><\/td>\n<td align=\"center\">830mm<\/td>\n<\/tr>\n<tr>\n<td align=\"center\"><strong>Altura total<\/strong><\/td>\n<td align=\"center\">1115mm<\/td>\n<\/tr>\n<tr>\n<td align=\"center\"><strong>Altura al asiento<\/strong><\/td>\n<td align=\"center\">840mm<\/td>\n<\/tr>\n<tr>\n<td align=\"center\"><strong>Distancia entre ejes \u00a0 \u00a0<\/strong><\/td>\n<td align=\"center\">1340mm<\/td>\n<\/tr>\n<tr>\n<td align=\"center\"><strong>Distancia m\u00ednima del piso \u00a0 \u00a0<\/strong><\/td>\n<td align=\"center\">260mm<\/td>\n<\/tr>\n<tr>\n<td align=\"center\"><\/td>\n<td align=\"center\"><\/td>\n<\/tr>\n<tr>\n<td align=\"center\"><strong>Peso (Sin aceite ni gasolina)<\/strong><\/td>\n<td align=\"center\">109kg<\/td>\n<\/tr>\n<tr>\n<td align=\"center\"><strong>Peso (Con aceite y tanque de gasolina lleno)<\/strong><\/td>\n<td align=\"center\">118kg<\/td>\n<\/tr>\n<tr>\n<td align=\"center\"><strong>Tipo de motor \u00a0 \u00a0<\/strong><\/td>\n<td align=\"center\">4 Tiempos SOHC, refrigerado por aire<\/td>\n<\/tr>\n<tr>\n<td align=\"center\"><strong>Disposici\u00f3n de los cilindros \u00a0 \u00a0<\/strong><\/td>\n<td align=\"center\">1 Cilindro inclinado hacia adelante<\/td>\n<\/tr>\n<tr>\n<td align=\"center\"><strong>Cilindraje<\/strong><\/td>\n<td align=\"center\">124 cc<\/td>\n<\/tr>\n<tr>\n<td align=\"center\"><strong>Di\u00e1metro por carrera \u00a0 \u00a0<\/strong><\/td>\n<td align=\"center\">54.0X54.0mm<\/td>\n<\/tr>\n<tr>\n<td align=\"center\"><strong>Relaci\u00f3n de compresi\u00f3n<\/strong><\/td>\n<td align=\"center\">10.0:1<\/td>\n<\/tr>\n<tr>\n<td align=\"center\"><strong>Potencia M\u00e1xima<\/strong><\/td>\n<td align=\"center\">9.78 Hp a 7500 rpm<\/td>\n<\/tr>\n<tr>\n<td align=\"center\"><strong>Torque m\u00e1ximo \u00a0<\/strong><\/td>\n<td align=\"center\">9.53 Nm 6500 rpm<\/td>\n<\/tr>\n<tr>\n<td align=\"center\"><strong>Arranque<\/strong><\/td>\n<td align=\"center\">El\u00e9ctrico y a pedal<\/td>\n<\/tr>\n<tr>\n<td align=\"center\"><strong>Tipo de lubricaci\u00f3n \u00a0<\/strong><\/td>\n<td align=\"center\">C\u00e1rter h\u00famedo<\/td>\n<\/tr>\n<tr>\n<td align=\"center\"><strong>Capacidad de combustible<\/strong><\/td>\n<td align=\"center\">11 L (2,80 Gls)<\/td>\n<\/tr>\n<tr>\n<td align=\"center\"><strong>Sistema de alimentaci\u00f3n<\/strong><\/td>\n<td align=\"center\">Carburador<\/td>\n<\/tr>\n<tr>\n<td align=\"center\"><strong>Encendido<\/strong><\/td>\n<td align=\"center\">CDI<\/td>\n<\/tr>\n<tr>\n<td align=\"center\"><strong>Capacidad bater\u00eda<\/strong><\/td>\n<td align=\"center\">12V6.0AH(10H)<\/td>\n<\/tr>\n<tr>\n<td align=\"center\"><strong>Bater\u00eda \u00a0 \u00a0<\/strong><\/td>\n<td align=\"center\">12N6-3B<\/td>\n<\/tr>\n<tr>\n<td align=\"center\"><strong>Relaci\u00f3n de reducci\u00f3n primaria\/secundaria \u00a0 \u00a0<\/strong><\/td>\n<td align=\"center\">Engranaje<br \/>\n68\/20 3.400<\/td>\n<\/tr>\n<tr>\n<td align=\"center\"><strong>Relaci\u00f3n de reducci\u00f3n primaria\/secundaria \u00a0 \u00a0<\/strong><\/td>\n<td align=\"center\">Cadena<br \/>\n50\/14 3.571<\/td>\n<\/tr>\n<tr>\n<td align=\"center\"><strong>Tipo de embrague \u00a0<\/strong><\/td>\n<td align=\"center\">Multidisco h\u00famedo con resorte en espiral<\/td>\n<\/tr>\n<tr>\n<td align=\"center\"><strong>Tipo de transmisi\u00f3n<\/strong><\/td>\n<td align=\"center\">Transmisi\u00f3n constante de 5 velocidades<\/td>\n<\/tr>\n<tr>\n<td align=\"center\"><\/td>\n<td align=\"center\"><\/td>\n<\/tr>\n<tr>\n<td align=\"center\"><strong>Relaci\u00f3n de transmisi\u00f3n en 1ra<\/strong><\/td>\n<td align=\"center\">37\/14 2.643<\/td>\n<\/tr>\n<tr>\n<td align=\"center\"><strong>Relaci\u00f3n de transmisi\u00f3n en 2da<\/strong><\/td>\n<td align=\"center\">32\/18 1.778<\/td>\n<\/tr>\n<tr>\n<td align=\"center\"><strong>Relaci\u00f3n de transmisi\u00f3n en 3ra<\/strong><\/td>\n<td align=\"center\">25\/19 1.316<\/td>\n<\/tr>\n<tr>\n<td align=\"center\"><strong>Relaci\u00f3n de transmisi\u00f3n en 4ta<\/strong><\/td>\n<td align=\"center\">23\/22 1.045<\/td>\n<\/tr>\n<tr>\n<td align=\"center\"><strong>Relaci\u00f3n de transmisi\u00f3n en 5ta<\/strong><\/td>\n<td align=\"center\">21\/24 0.875<\/td>\n<\/tr>\n<tr>\n<td align=\"center\"><\/td>\n<td align=\"center\"><\/td>\n<\/tr>\n<tr>\n<td align=\"center\"><strong>Tipo de chasis \u00a0<\/strong><\/td>\n<td align=\"center\">Diamante<\/td>\n<\/tr>\n<tr>\n<td align=\"center\"><strong>Inclinaci\u00f3n \/ Avance \u00a0<\/strong><\/td>\n<td align=\"center\">27\u00b030&#8242;<\/td>\n<\/tr>\n<tr>\n<td align=\"center\"><strong>Inclinaci\u00f3n \/ Avance \u00a0 \u00a0<\/strong><\/td>\n<td align=\"center\">106mm<\/td>\n<\/tr>\n<tr>\n<td align=\"center\"><strong>Rueda delantera<\/strong><\/td>\n<td align=\"center\">80\/90-21MC 48P<\/td>\n<\/tr>\n<tr>\n<td align=\"center\"><strong>Rueda trasera<\/strong><\/td>\n<td align=\"center\">110\/80-18M\/C 58P<\/td>\n<\/tr>\n<tr>\n<td align=\"center\"><strong>Freno delantero<\/strong><\/td>\n<td align=\"center\">Disco<\/td>\n<\/tr>\n<tr>\n<td align=\"center\"><strong>Freno trasero<\/strong><\/td>\n<td align=\"center\">Tambor<\/td>\n<\/tr>\n<tr>\n<td align=\"center\"><strong>Tipo de suspensi\u00f3n delantera \u00a0<\/strong><\/td>\n<td align=\"center\">Horquilla telesc\u00f3pica<\/td>\n<\/tr>\n<tr>\n<td align=\"center\"><strong>Tipo de suspensi\u00f3n trasera<\/strong><\/td>\n<td align=\"center\">Basculante (Nuevo monocross)<\/td>\n<\/tr>\n<tr>\n<td align=\"center\"><strong>Luz principal \u00a0<\/strong><\/td>\n<td align=\"center\">Bombillo hal\u00f3geno. 12V 35W\/35W X 1<\/td>\n<\/tr>\n<\/tbody>\n<\/table>\n","protected":false},"excerpt":{"rendered":"<h1 style=\"text-align: center;\">XTZ 125<\/h1>\n<p>La XTZ 125, con el dise\u00f1o y confort que s\u00f3lo puede entregarte una moto de verdad, tiene encendido el\u00e9ctrico para una mayor comodidad. Sus gr\u00e1ficos y colores la hacen m\u00e1s deportiva. Con motor 4 tiempos, balanceador de cig\u00fce\u00f1al, el cual evita vibraciones en el motor y SOHC que genera menor ruido y es m\u00e1s eficiente. Suspensi\u00f3n trasera monocross para mayor confort en terrenos destapados.<\/p>\n","protected":false},"featured_media":701,"comment_status":"open","ping_status":"closed","template":"","meta":{"_monsterinsights_skip_tracking":false,"_monsterinsights_sitenote_active":false,"_monsterinsights_sitenote_note":"","_monsterinsights_sitenote_category":0},"product_cat":[11,15],"product_tag":[],"aioseo_notices":[],"yoast_head":"<!-- This site is optimized with the Yoast SEO plugin v18.4.1 - https:\/\/yoast.com\/wordpress\/plugins\/seo\/ -->\r\n<title>Xtz 125 - CALDAS MOTOS<\/title>\r\n<meta name=\"description\" content=\"Caldas motos, yamaha manizales, manizales yamaha, yamaha, caldas yamaha\" \/>\r\n<meta name=\"robots\" content=\"index, follow, max-snippet:-1, max-image-preview:large, max-video-preview:-1\" \/>\r\n<link rel=\"canonical\" href=\"https:\/\/caldasmotos.com\/index.php\/product\/xtz-125\/\" \/>\r\n<meta property=\"og:locale\" content=\"es_ES\" \/>\r\n<meta property=\"og:type\" content=\"article\" \/>\r\n<meta property=\"og:title\" content=\"Xtz 125 - CALDAS MOTOS\" \/>\r\n<meta property=\"og:description\" content=\"Caldas motos, yamaha manizales, manizales yamaha, yamaha, caldas yamaha\" \/>\r\n<meta property=\"og:url\" content=\"https:\/\/caldasmotos.com\/index.php\/product\/xtz-125\/\" \/>\r\n<meta property=\"og:site_name\" content=\"CALDAS MOTOS\" \/>\r\n<meta property=\"article:modified_time\" content=\"2020-11-04T15:26:42+00:00\" \/>\r\n<meta property=\"og:image\" content=\"https:\/\/caldasmotos.com\/wp-content\/uploads\/2016\/12\/xtz125-2020-azul.jpg\" \/>\r\n\t<meta property=\"og:image:width\" content=\"494\" \/>\r\n\t<meta property=\"og:image:height\" content=\"438\" \/>\r\n\t<meta property=\"og:image:type\" content=\"image\/jpeg\" \/>\r\n<meta name=\"twitter:card\" content=\"summary\" \/>\r\n<meta name=\"twitter:label1\" content=\"Tiempo estimado de lectura\" \/>\n\t<meta name=\"twitter:data1\" content=\"1 minuto\" \/>\r\n<script type=\"application\/ld+json\" class=\"yoast-schema-graph\">{\"@context\":\"https:\/\/schema.org\",\"@graph\":[{\"@type\":\"Organization\",\"@id\":\"http:\/\/caldasmotos.com\/#organization\",\"name\":\"distrimotosyamaha\",\"url\":\"http:\/\/caldasmotos.com\/\",\"sameAs\":[],\"logo\":{\"@type\":\"ImageObject\",\"@id\":\"http:\/\/caldasmotos.com\/#logo\",\"inLanguage\":\"es-CO\",\"url\":\"http:\/\/caldasmotos.com\/wp-content\/uploads\/2019\/10\/5-1.png\",\"contentUrl\":\"http:\/\/caldasmotos.com\/wp-content\/uploads\/2019\/10\/5-1.png\",\"width\":1924,\"height\":398,\"caption\":\"distrimotosyamaha\"},\"image\":{\"@id\":\"http:\/\/caldasmotos.com\/#logo\"}},{\"@type\":\"WebSite\",\"@id\":\"http:\/\/caldasmotos.com\/#website\",\"url\":\"http:\/\/caldasmotos.com\/\",\"name\":\"CALDAS MOTOS\",\"description\":\"Caldas motos, yamaha manizales, manizales yamaha, yamaha, caldas yamaha\",\"publisher\":{\"@id\":\"http:\/\/caldasmotos.com\/#organization\"},\"potentialAction\":[{\"@type\":\"SearchAction\",\"target\":{\"@type\":\"EntryPoint\",\"urlTemplate\":\"http:\/\/caldasmotos.com\/?s={search_term_string}\"},\"query-input\":\"required name=search_term_string\"}],\"inLanguage\":\"es-CO\"},{\"@type\":\"ImageObject\",\"@id\":\"https:\/\/caldasmotos.com\/index.php\/product\/xtz-125\/#primaryimage\",\"inLanguage\":\"es-CO\",\"url\":\"https:\/\/caldasmotos.com\/wp-content\/uploads\/2016\/12\/xtz125-2020-azul.jpg\",\"contentUrl\":\"https:\/\/caldasmotos.com\/wp-content\/uploads\/2016\/12\/xtz125-2020-azul.jpg\",\"width\":494,\"height\":438},{\"@type\":\"WebPage\",\"@id\":\"https:\/\/caldasmotos.com\/index.php\/product\/xtz-125\/#webpage\",\"url\":\"https:\/\/caldasmotos.com\/index.php\/product\/xtz-125\/\",\"name\":\"Xtz 125 - CALDAS MOTOS\",\"isPartOf\":{\"@id\":\"http:\/\/caldasmotos.com\/#website\"},\"primaryImageOfPage\":{\"@id\":\"https:\/\/caldasmotos.com\/index.php\/product\/xtz-125\/#primaryimage\"},\"datePublished\":\"2016-12-12T20:33:12+00:00\",\"dateModified\":\"2020-11-04T15:26:42+00:00\",\"description\":\"Caldas motos, yamaha manizales, manizales yamaha, yamaha, caldas yamaha\",\"breadcrumb\":{\"@id\":\"https:\/\/caldasmotos.com\/index.php\/product\/xtz-125\/#breadcrumb\"},\"inLanguage\":\"es-CO\",\"potentialAction\":[{\"@type\":\"ReadAction\",\"target\":[\"https:\/\/caldasmotos.com\/index.php\/product\/xtz-125\/\"]}]},{\"@type\":\"BreadcrumbList\",\"@id\":\"https:\/\/caldasmotos.com\/index.php\/product\/xtz-125\/#breadcrumb\",\"itemListElement\":[{\"@type\":\"ListItem\",\"position\":1,\"name\":\"Home\",\"item\":\"http:\/\/caldasmotos.com\/\"},{\"@type\":\"ListItem\",\"position\":2,\"name\":\"Shop\",\"item\":\"https:\/\/caldasmotos.com\/index.php\/shop\/\"},{\"@type\":\"ListItem\",\"position\":3,\"name\":\"Xtz 125\"}]}]}<\/script>\r\n<!-- \/ Yoast SEO plugin. -->","yoast_head_json":{"title":"Xtz 125 - CALDAS MOTOS","description":"Caldas motos, yamaha manizales, manizales yamaha, yamaha, caldas yamaha","robots":{"index":"index","follow":"follow","max-snippet":"max-snippet:-1","max-image-preview":"max-image-preview:large","max-video-preview":"max-video-preview:-1"},"canonical":"https:\/\/caldasmotos.com\/index.php\/product\/xtz-125\/","og_locale":"es_ES","og_type":"article","og_title":"Xtz 125 - CALDAS MOTOS","og_description":"Caldas motos, yamaha manizales, manizales yamaha, yamaha, caldas yamaha","og_url":"https:\/\/caldasmotos.com\/index.php\/product\/xtz-125\/","og_site_name":"CALDAS MOTOS","article_modified_time":"2020-11-04T15:26:42+00:00","og_image":[{"width":494,"height":438,"url":"https:\/\/caldasmotos.com\/wp-content\/uploads\/2016\/12\/xtz125-2020-azul.jpg","type":"image\/jpeg"}],"twitter_card":"summary","twitter_misc":{"Tiempo estimado de lectura":"1 minuto"},"schema":{"@context":"https:\/\/schema.org","@graph":[{"@type":"Organization","@id":"http:\/\/caldasmotos.com\/#organization","name":"distrimotosyamaha","url":"http:\/\/caldasmotos.com\/","sameAs":[],"logo":{"@type":"ImageObject","@id":"http:\/\/caldasmotos.com\/#logo","inLanguage":"es-CO","url":"http:\/\/caldasmotos.com\/wp-content\/uploads\/2019\/10\/5-1.png","contentUrl":"http:\/\/caldasmotos.com\/wp-content\/uploads\/2019\/10\/5-1.png","width":1924,"height":398,"caption":"distrimotosyamaha"},"image":{"@id":"http:\/\/caldasmotos.com\/#logo"}},{"@type":"WebSite","@id":"http:\/\/caldasmotos.com\/#website","url":"http:\/\/caldasmotos.com\/","name":"CALDAS MOTOS","description":"Caldas motos, yamaha manizales, manizales yamaha, yamaha, caldas yamaha","publisher":{"@id":"http:\/\/caldasmotos.com\/#organization"},"potentialAction":[{"@type":"SearchAction","target":{"@type":"EntryPoint","urlTemplate":"http:\/\/caldasmotos.com\/?s={search_term_string}"},"query-input":"required name=search_term_string"}],"inLanguage":"es-CO"},{"@type":"ImageObject","@id":"https:\/\/caldasmotos.com\/index.php\/product\/xtz-125\/#primaryimage","inLanguage":"es-CO","url":"https:\/\/caldasmotos.com\/wp-content\/uploads\/2016\/12\/xtz125-2020-azul.jpg","contentUrl":"https:\/\/caldasmotos.com\/wp-content\/uploads\/2016\/12\/xtz125-2020-azul.jpg","width":494,"height":438},{"@type":"WebPage","@id":"https:\/\/caldasmotos.com\/index.php\/product\/xtz-125\/#webpage","url":"https:\/\/caldasmotos.com\/index.php\/product\/xtz-125\/","name":"Xtz 125 - CALDAS MOTOS","isPartOf":{"@id":"http:\/\/caldasmotos.com\/#website"},"primaryImageOfPage":{"@id":"https:\/\/caldasmotos.com\/index.php\/product\/xtz-125\/#primaryimage"},"datePublished":"2016-12-12T20:33:12+00:00","dateModified":"2020-11-04T15:26:42+00:00","description":"Caldas motos, yamaha manizales, manizales yamaha, yamaha, caldas yamaha","breadcrumb":{"@id":"https:\/\/caldasmotos.com\/index.php\/product\/xtz-125\/#breadcrumb"},"inLanguage":"es-CO","potentialAction":[{"@type":"ReadAction","target":["https:\/\/caldasmotos.com\/index.php\/product\/xtz-125\/"]}]},{"@type":"BreadcrumbList","@id":"https:\/\/caldasmotos.com\/index.php\/product\/xtz-125\/#breadcrumb","itemListElement":[{"@type":"ListItem","position":1,"name":"Home","item":"http:\/\/caldasmotos.com\/"},{"@type":"ListItem","position":2,"name":"Shop","item":"https:\/\/caldasmotos.com\/index.php\/shop\/"},{"@type":"ListItem","position":3,"name":"Xtz 125"}]}]}},"_links":{"self":[{"href":"https:\/\/caldasmotos.com\/index.php\/wp-json\/wp\/v2\/product\/182"}],"collection":[{"href":"https:\/\/caldasmotos.com\/index.php\/wp-json\/wp\/v2\/product"}],"about":[{"href":"https:\/\/caldasmotos.com\/index.php\/wp-json\/wp\/v2\/types\/product"}],"replies":[{"embeddable":true,"href":"https:\/\/caldasmotos.com\/index.php\/wp-json\/wp\/v2\/comments?post=182"}],"wp:featuredmedia":[{"embeddable":true,"href":"https:\/\/caldasmotos.com\/index.php\/wp-json\/wp\/v2\/media\/701"}],"wp:attachment":[{"href":"https:\/\/caldasmotos.com\/index.php\/wp-json\/wp\/v2\/media?parent=182"}],"wp:term":[{"taxonomy":"product_cat","embeddable":true,"href":"https:\/\/caldasmotos.com\/index.php\/wp-json\/wp\/v2\/product_cat?post=182"},{"taxonomy":"product_tag","embeddable":true,"href":"https:\/\/caldasmotos.com\/index.php\/wp-json\/wp\/v2\/product_tag?post=182"}],"curies":[{"name":"wp","href":"https:\/\/api.w.org\/{rel}","templated":true}]}}