{"id":186,"date":"2016-12-12T20:38:45","date_gmt":"2016-12-12T20:38:45","guid":{"rendered":"http:\/\/simbiosystemas-001-site6.gtempurl.com\/?post_type=product&#038;p=186"},"modified":"2020-10-30T14:42:04","modified_gmt":"2020-10-30T14:42:04","slug":"186","status":"publish","type":"product","link":"https:\/\/caldasmotos.com\/index.php\/product\/186\/","title":{"rendered":"Mt 09 Tracer"},"content":{"rendered":"<h2 style=\"text-align: center;\">Especificaciones t\u00e9cnicas MT 09 Tracer<\/h2>\n<table class=\"tablaDetallesProducto\" border=\"0\" cellspacing=\"1\" cellpadding=\"0\">\n<tbody>\n<tr>\n<td>Largo total<\/td>\n<td>2.160 mm<\/td>\n<\/tr>\n<tr>\n<td>Ancho total<\/td>\n<td>950 mm<\/td>\n<\/tr>\n<tr>\n<td>Altura total<\/td>\n<td>MIN 1.345 mm \/ MAX 1.375 mm<\/td>\n<\/tr>\n<tr>\n<td>Altura al asiento<\/td>\n<td>MIN 845 mm \/ MAX 860 mm<\/td>\n<\/tr>\n<tr>\n<td>Distancia entre ejes<\/td>\n<td>1.440 mm<\/td>\n<\/tr>\n<tr>\n<td>Distancia m\u00ednima del piso<\/td>\n<td>135 mm<\/td>\n<\/tr>\n<tr>\n<td>Peso (con aceite y tanque de gasolina lleno)<\/td>\n<td>210 Kg<\/td>\n<\/tr>\n<tr>\n<td>Tipo de chasis<\/td>\n<td>Diamante<\/td>\n<\/tr>\n<tr>\n<td>Inclinaci\u00f3n<\/td>\n<td>24\u00b0 00&#8242;<\/td>\n<\/tr>\n<tr>\n<td>Avance<\/td>\n<td>100 mm<\/td>\n<\/tr>\n<tr>\n<td>Rueda delantera<\/td>\n<td>120\/70ZR17 M\/C 58W (Sin neum\u00e1tico)<\/td>\n<\/tr>\n<tr>\n<td>Rueda trasera<\/td>\n<td>180\/55ZR17 M\/C 73W (Sin neum\u00e1tico)<\/td>\n<\/tr>\n<tr>\n<td>Freno delantero<\/td>\n<td>Doble disco (con ABS)<\/td>\n<\/tr>\n<tr>\n<td>Freno trasero<\/td>\n<td>Disco<\/td>\n<\/tr>\n<tr>\n<td>Tipo de suspensi\u00f3n delantera<\/td>\n<td>Horquilla telesc\u00f3pica<\/td>\n<\/tr>\n<tr>\n<td>Tipo de suspensi\u00f3n trasera<\/td>\n<td>Basculante (Por bieletas)<\/td>\n<\/tr>\n<tr>\n<td>Luz principal<\/td>\n<td>LED<\/td>\n<\/tr>\n<tr>\n<td>Luz principal<\/td>\n<td>LED x 2<\/td>\n<\/tr>\n<tr>\n<td>Tipo de motor<\/td>\n<td>4 Tiempos DOHC, 4 v\u00e1lvulas, refrigerado por l\u00edquido<\/td>\n<\/tr>\n<tr>\n<td>Dsiposici\u00f3n de los cilindros<\/td>\n<td>3 Cilindros en linea<\/td>\n<\/tr>\n<tr>\n<td>Cilindraje<\/td>\n<td>847 c.c<\/td>\n<\/tr>\n<tr>\n<td>Di\u00e1metro por carrera<\/td>\n<td>78.0 X 59.1 mm<\/td>\n<\/tr>\n<tr>\n<td>Relaci\u00f3n de compresi\u00f3n<\/td>\n<td>11.5:1<\/td>\n<\/tr>\n<tr>\n<td>Potencia m\u00e1xima<\/td>\n<td>113.4 Hp (84.6kW) a 10000 rpm<\/td>\n<\/tr>\n<tr>\n<td>Torque m\u00e1ximo<\/td>\n<td>87.5Nm (8.9 kgf.m) a 8500 rpm<\/td>\n<\/tr>\n<tr>\n<td>Arranque<\/td>\n<td>El\u00e9ctrico<\/td>\n<\/tr>\n<tr>\n<td>Tipo de lubricaci\u00f3n<\/td>\n<td>C\u00e1rter h\u00famedo<\/td>\n<\/tr>\n<tr>\n<td>Capacidad de combustible<\/td>\n<td>18L<\/td>\n<\/tr>\n<tr>\n<td>Sistema de alimentaci\u00f3n<\/td>\n<td>Inyecci\u00f3n Electr\u00f3nica<\/td>\n<\/tr>\n<tr>\n<td>Encendido<\/td>\n<td>TCI<\/td>\n<\/tr>\n<tr>\n<td>Capacidad de bater\u00eda<\/td>\n<td>12V, 8.6 AH (10H)<\/td>\n<\/tr>\n<tr>\n<td>Bater\u00eda<\/td>\n<td>YTZ10S<\/td>\n<\/tr>\n<tr>\n<td>Sistema de reducci\u00f3n primaria<\/td>\n<td>Engranaje<\/td>\n<\/tr>\n<tr>\n<td>Relaci\u00f3n de reducci\u00f3n primaria<\/td>\n<td>1.681 (79\/47)<\/td>\n<\/tr>\n<tr>\n<td>Sistema de reducci\u00f3n secundaria<\/td>\n<td>Cadena<\/td>\n<\/tr>\n<tr>\n<td>Relaci\u00f3n de reducci\u00f3n secundaria<\/td>\n<td>2.813 (45\/16)<\/td>\n<\/tr>\n<tr>\n<td>Tipo de embrague<\/td>\n<td>Multidisco h\u00famedo con resorte en espiral<\/td>\n<\/tr>\n<tr>\n<td>Tipo de transmisi\u00f3n<\/td>\n<td>Transmisi\u00f3n constante de 6 velocidades<\/td>\n<\/tr>\n<\/tbody>\n<\/table>\n","protected":false},"excerpt":{"rendered":"<h1 style=\"text-align: center;\">MT 09 TRACER<\/h1>\n<p>La MT09 Tracer encarna las dos caras del lado oscuro de Jap\u00f3n. Es una motocicleta multiprop\u00f3sito con alma de &#8220;tourer&#8221; que tiene grandes ventajas para los recorridos de medias y largas distancias. La Tracer es una moto de 3 cilindros con el concepto Crossplane, sistema de manejo D-MODE para elegir entre tres tipos de desempe\u00f1o del motor, sistema de control de tracci\u00f3n, un tanque de combustible de 18 litros y la posibilidad de ajustar la posici\u00f3n de manejo, el carenaje y el visor para brindar comididad y seguridad al piloto. Todo el car\u00e1cter agresivo de Yamaha en una MT.<\/p>\n","protected":false},"featured_media":187,"comment_status":"open","ping_status":"closed","template":"","meta":{"_monsterinsights_skip_tracking":false,"_monsterinsights_sitenote_active":false,"_monsterinsights_sitenote_note":"","_monsterinsights_sitenote_category":0},"product_cat":[16,11],"product_tag":[],"aioseo_notices":[],"yoast_head":"<!-- This site is optimized with the Yoast SEO plugin v18.4.1 - https:\/\/yoast.com\/wordpress\/plugins\/seo\/ -->\r\n<title>Mt 09 Tracer - CALDAS MOTOS<\/title>\r\n<meta name=\"description\" content=\"Caldas motos, yamaha manizales, manizales yamaha, yamaha, caldas yamaha\" \/>\r\n<meta name=\"robots\" content=\"index, follow, max-snippet:-1, max-image-preview:large, max-video-preview:-1\" \/>\r\n<link rel=\"canonical\" href=\"https:\/\/caldasmotos.com\/index.php\/product\/186\/\" \/>\r\n<meta property=\"og:locale\" content=\"es_ES\" \/>\r\n<meta property=\"og:type\" content=\"article\" \/>\r\n<meta property=\"og:title\" content=\"Mt 09 Tracer - CALDAS MOTOS\" \/>\r\n<meta property=\"og:description\" content=\"Caldas motos, yamaha manizales, manizales yamaha, yamaha, caldas yamaha\" \/>\r\n<meta property=\"og:url\" content=\"https:\/\/caldasmotos.com\/index.php\/product\/186\/\" \/>\r\n<meta property=\"og:site_name\" content=\"CALDAS MOTOS\" \/>\r\n<meta property=\"article:modified_time\" content=\"2020-10-30T14:42:04+00:00\" \/>\r\n<meta property=\"og:image\" content=\"https:\/\/caldasmotos.com\/wp-content\/uploads\/2016\/12\/mt09tracer-03.png\" \/>\r\n\t<meta property=\"og:image:width\" content=\"494\" \/>\r\n\t<meta property=\"og:image:height\" content=\"438\" \/>\r\n\t<meta property=\"og:image:type\" content=\"image\/png\" \/>\r\n<meta name=\"twitter:card\" content=\"summary\" \/>\r\n<meta name=\"twitter:label1\" content=\"Tiempo estimado de lectura\" \/>\n\t<meta name=\"twitter:data1\" content=\"1 minuto\" \/>\r\n<script type=\"application\/ld+json\" class=\"yoast-schema-graph\">{\"@context\":\"https:\/\/schema.org\",\"@graph\":[{\"@type\":\"Organization\",\"@id\":\"https:\/\/caldasmotos.com\/#organization\",\"name\":\"distrimotosyamaha\",\"url\":\"https:\/\/caldasmotos.com\/\",\"sameAs\":[],\"logo\":{\"@type\":\"ImageObject\",\"@id\":\"https:\/\/caldasmotos.com\/#logo\",\"inLanguage\":\"es-CO\",\"url\":\"http:\/\/caldasmotos.com\/wp-content\/uploads\/2019\/10\/5-1.png\",\"contentUrl\":\"http:\/\/caldasmotos.com\/wp-content\/uploads\/2019\/10\/5-1.png\",\"width\":1924,\"height\":398,\"caption\":\"distrimotosyamaha\"},\"image\":{\"@id\":\"https:\/\/caldasmotos.com\/#logo\"}},{\"@type\":\"WebSite\",\"@id\":\"https:\/\/caldasmotos.com\/#website\",\"url\":\"https:\/\/caldasmotos.com\/\",\"name\":\"CALDAS MOTOS\",\"description\":\"Caldas motos, yamaha manizales, manizales yamaha, yamaha, caldas yamaha\",\"publisher\":{\"@id\":\"https:\/\/caldasmotos.com\/#organization\"},\"potentialAction\":[{\"@type\":\"SearchAction\",\"target\":{\"@type\":\"EntryPoint\",\"urlTemplate\":\"https:\/\/caldasmotos.com\/?s={search_term_string}\"},\"query-input\":\"required name=search_term_string\"}],\"inLanguage\":\"es-CO\"},{\"@type\":\"ImageObject\",\"@id\":\"https:\/\/caldasmotos.com\/index.php\/product\/186\/#primaryimage\",\"inLanguage\":\"es-CO\",\"url\":\"https:\/\/caldasmotos.com\/wp-content\/uploads\/2016\/12\/mt09tracer-03.png\",\"contentUrl\":\"https:\/\/caldasmotos.com\/wp-content\/uploads\/2016\/12\/mt09tracer-03.png\",\"width\":494,\"height\":438},{\"@type\":\"WebPage\",\"@id\":\"https:\/\/caldasmotos.com\/index.php\/product\/186\/#webpage\",\"url\":\"https:\/\/caldasmotos.com\/index.php\/product\/186\/\",\"name\":\"Mt 09 Tracer - CALDAS MOTOS\",\"isPartOf\":{\"@id\":\"https:\/\/caldasmotos.com\/#website\"},\"primaryImageOfPage\":{\"@id\":\"https:\/\/caldasmotos.com\/index.php\/product\/186\/#primaryimage\"},\"datePublished\":\"2016-12-12T20:38:45+00:00\",\"dateModified\":\"2020-10-30T14:42:04+00:00\",\"description\":\"Caldas motos, yamaha manizales, manizales yamaha, yamaha, caldas yamaha\",\"breadcrumb\":{\"@id\":\"https:\/\/caldasmotos.com\/index.php\/product\/186\/#breadcrumb\"},\"inLanguage\":\"es-CO\",\"potentialAction\":[{\"@type\":\"ReadAction\",\"target\":[\"https:\/\/caldasmotos.com\/index.php\/product\/186\/\"]}]},{\"@type\":\"BreadcrumbList\",\"@id\":\"https:\/\/caldasmotos.com\/index.php\/product\/186\/#breadcrumb\",\"itemListElement\":[{\"@type\":\"ListItem\",\"position\":1,\"name\":\"Home\",\"item\":\"https:\/\/caldasmotos.com\/\"},{\"@type\":\"ListItem\",\"position\":2,\"name\":\"Shop\",\"item\":\"https:\/\/caldasmotos.com\/index.php\/shop\/\"},{\"@type\":\"ListItem\",\"position\":3,\"name\":\"Mt 09 Tracer\"}]}]}<\/script>\r\n<!-- \/ Yoast SEO plugin. -->","yoast_head_json":{"title":"Mt 09 Tracer - CALDAS MOTOS","description":"Caldas motos, yamaha manizales, manizales yamaha, yamaha, caldas yamaha","robots":{"index":"index","follow":"follow","max-snippet":"max-snippet:-1","max-image-preview":"max-image-preview:large","max-video-preview":"max-video-preview:-1"},"canonical":"https:\/\/caldasmotos.com\/index.php\/product\/186\/","og_locale":"es_ES","og_type":"article","og_title":"Mt 09 Tracer - CALDAS MOTOS","og_description":"Caldas motos, yamaha manizales, manizales yamaha, yamaha, caldas yamaha","og_url":"https:\/\/caldasmotos.com\/index.php\/product\/186\/","og_site_name":"CALDAS MOTOS","article_modified_time":"2020-10-30T14:42:04+00:00","og_image":[{"width":494,"height":438,"url":"https:\/\/caldasmotos.com\/wp-content\/uploads\/2016\/12\/mt09tracer-03.png","type":"image\/png"}],"twitter_card":"summary","twitter_misc":{"Tiempo estimado de lectura":"1 minuto"},"schema":{"@context":"https:\/\/schema.org","@graph":[{"@type":"Organization","@id":"https:\/\/caldasmotos.com\/#organization","name":"distrimotosyamaha","url":"https:\/\/caldasmotos.com\/","sameAs":[],"logo":{"@type":"ImageObject","@id":"https:\/\/caldasmotos.com\/#logo","inLanguage":"es-CO","url":"http:\/\/caldasmotos.com\/wp-content\/uploads\/2019\/10\/5-1.png","contentUrl":"http:\/\/caldasmotos.com\/wp-content\/uploads\/2019\/10\/5-1.png","width":1924,"height":398,"caption":"distrimotosyamaha"},"image":{"@id":"https:\/\/caldasmotos.com\/#logo"}},{"@type":"WebSite","@id":"https:\/\/caldasmotos.com\/#website","url":"https:\/\/caldasmotos.com\/","name":"CALDAS MOTOS","description":"Caldas motos, yamaha manizales, manizales yamaha, yamaha, caldas yamaha","publisher":{"@id":"https:\/\/caldasmotos.com\/#organization"},"potentialAction":[{"@type":"SearchAction","target":{"@type":"EntryPoint","urlTemplate":"https:\/\/caldasmotos.com\/?s={search_term_string}"},"query-input":"required name=search_term_string"}],"inLanguage":"es-CO"},{"@type":"ImageObject","@id":"https:\/\/caldasmotos.com\/index.php\/product\/186\/#primaryimage","inLanguage":"es-CO","url":"https:\/\/caldasmotos.com\/wp-content\/uploads\/2016\/12\/mt09tracer-03.png","contentUrl":"https:\/\/caldasmotos.com\/wp-content\/uploads\/2016\/12\/mt09tracer-03.png","width":494,"height":438},{"@type":"WebPage","@id":"https:\/\/caldasmotos.com\/index.php\/product\/186\/#webpage","url":"https:\/\/caldasmotos.com\/index.php\/product\/186\/","name":"Mt 09 Tracer - CALDAS MOTOS","isPartOf":{"@id":"https:\/\/caldasmotos.com\/#website"},"primaryImageOfPage":{"@id":"https:\/\/caldasmotos.com\/index.php\/product\/186\/#primaryimage"},"datePublished":"2016-12-12T20:38:45+00:00","dateModified":"2020-10-30T14:42:04+00:00","description":"Caldas motos, yamaha manizales, manizales yamaha, yamaha, caldas yamaha","breadcrumb":{"@id":"https:\/\/caldasmotos.com\/index.php\/product\/186\/#breadcrumb"},"inLanguage":"es-CO","potentialAction":[{"@type":"ReadAction","target":["https:\/\/caldasmotos.com\/index.php\/product\/186\/"]}]},{"@type":"BreadcrumbList","@id":"https:\/\/caldasmotos.com\/index.php\/product\/186\/#breadcrumb","itemListElement":[{"@type":"ListItem","position":1,"name":"Home","item":"https:\/\/caldasmotos.com\/"},{"@type":"ListItem","position":2,"name":"Shop","item":"https:\/\/caldasmotos.com\/index.php\/shop\/"},{"@type":"ListItem","position":3,"name":"Mt 09 Tracer"}]}]}},"_links":{"self":[{"href":"https:\/\/caldasmotos.com\/index.php\/wp-json\/wp\/v2\/product\/186"}],"collection":[{"href":"https:\/\/caldasmotos.com\/index.php\/wp-json\/wp\/v2\/product"}],"about":[{"href":"https:\/\/caldasmotos.com\/index.php\/wp-json\/wp\/v2\/types\/product"}],"replies":[{"embeddable":true,"href":"https:\/\/caldasmotos.com\/index.php\/wp-json\/wp\/v2\/comments?post=186"}],"wp:featuredmedia":[{"embeddable":true,"href":"https:\/\/caldasmotos.com\/index.php\/wp-json\/wp\/v2\/media\/187"}],"wp:attachment":[{"href":"https:\/\/caldasmotos.com\/index.php\/wp-json\/wp\/v2\/media?parent=186"}],"wp:term":[{"taxonomy":"product_cat","embeddable":true,"href":"https:\/\/caldasmotos.com\/index.php\/wp-json\/wp\/v2\/product_cat?post=186"},{"taxonomy":"product_tag","embeddable":true,"href":"https:\/\/caldasmotos.com\/index.php\/wp-json\/wp\/v2\/product_tag?post=186"}],"curies":[{"name":"wp","href":"https:\/\/api.w.org\/{rel}","templated":true}]}}