{"id":210,"date":"2016-12-12T21:01:33","date_gmt":"2016-12-12T21:01:33","guid":{"rendered":"http:\/\/simbiosystemas-001-site6.gtempurl.com\/?post_type=product&#038;p=210"},"modified":"2020-05-28T20:47:24","modified_gmt":"2020-05-28T20:47:24","slug":"xt-1200z","status":"publish","type":"product","link":"https:\/\/caldasmotos.com\/index.php\/product\/xt-1200z\/","title":{"rendered":"Xt 1200z"},"content":{"rendered":"<h2 style=\"text-align: center;\">Especificaciones t\u00e9cnicas XT 1200Z S\u00daPER TENER\u00c9<\/h2>\n<table class=\"tablaDetallesProducto\" border=\"0\" cellspacing=\"1\" cellpadding=\"0\">\n<tbody>\n<tr>\n<td>Nombre<\/td>\n<td>XT1200Z<\/td>\n<\/tr>\n<tr>\n<td>C\u00f3digo motor<\/td>\n<td>P404E<\/td>\n<\/tr>\n<tr>\n<td>Largo total<\/td>\n<td>2.250mm<\/td>\n<\/tr>\n<tr>\n<td>Ancho total<\/td>\n<td>980mm<\/td>\n<\/tr>\n<tr>\n<td>Altura total<\/td>\n<td>Bajo 1.410 mm \/ 1.470 mm<\/td>\n<\/tr>\n<tr>\n<td>Altura al asiento<\/td>\n<td>Bajo 845mm \/ Alto 870mm<\/td>\n<\/tr>\n<tr>\n<td>Distancia entre ejes<\/td>\n<td>1.540mm<\/td>\n<\/tr>\n<tr>\n<td>Distancia m\u00ednima del piso<\/td>\n<td>190mm<\/td>\n<\/tr>\n<tr>\n<td>Radio m\u00ednimo de giro<\/td>\n<td>2.7 m<\/td>\n<\/tr>\n<tr>\n<td>Peso (Sin aceite y gasolina)<\/td>\n<td>&#8211;<\/td>\n<\/tr>\n<tr>\n<td>Peso (Con aceite y tanque de gasolina lleno)<\/td>\n<td>257 kg<\/td>\n<\/tr>\n<tr>\n<td>Capacidad de carga<\/td>\n<td>&#8211;<\/td>\n<\/tr>\n<tr>\n<td>Tipo de motor<\/td>\n<td>4 Tiempos DOHC, 4 v\u00e1lvulas, refrigerado por l\u00edquido<\/td>\n<\/tr>\n<tr>\n<td>Disposici\u00f3n de los cilindros<\/td>\n<td>2 Cilindros en l\u00ednea<\/td>\n<\/tr>\n<tr>\n<td>Cilindraje<\/td>\n<td>1.199cc<\/td>\n<\/tr>\n<tr>\n<td>Di\u00e1metro por carrera<\/td>\n<td>98.0 X 79.5mm<\/td>\n<\/tr>\n<tr>\n<td>Relaci\u00f3n de compresi\u00f3n<\/td>\n<td>11.0:1<\/td>\n<\/tr>\n<tr>\n<td>Potencia m\u00e1xima<\/td>\n<td>110.4Hp (82.4kW) a 7.250rpm<\/td>\n<\/tr>\n<tr>\n<td>Torque m\u00e1ximo<\/td>\n<td>117.0 Nm (11.9 kgf.m) a 6000rpm<\/td>\n<\/tr>\n<tr>\n<td>Arranque<\/td>\n<td>El\u00e9ctrico<\/td>\n<\/tr>\n<tr>\n<td>Tipo de lubricaci\u00f3n<\/td>\n<td>C\u00e1rter seco<\/td>\n<\/tr>\n<tr>\n<td>Capacidad de combustible<\/td>\n<td>23L<\/td>\n<\/tr>\n<tr>\n<td>Encendido<\/td>\n<td>TCI<\/td>\n<\/tr>\n<tr>\n<td>Capacidad bater\u00eda<\/td>\n<td>12V 11 AH (10H)<\/td>\n<\/tr>\n<tr>\n<td>Bater\u00eda<\/td>\n<td>YTZ12S<\/td>\n<\/tr>\n<tr>\n<td>Sistema de reducci\u00f3n primaria<\/td>\n<td>Engranaje<\/td>\n<\/tr>\n<tr>\n<td>Relaci\u00f3n de reducci\u00f3n primaria<\/td>\n<td>1.466 (85\/58)<\/td>\n<\/tr>\n<tr>\n<td>Sistema de reducci\u00f3n secundaria<\/td>\n<td>Cardan<\/td>\n<\/tr>\n<tr>\n<td>Relaci\u00f3n de reducci\u00f3n secundaria<\/td>\n<td>2.987 (21\/25 X 32\/9)<\/td>\n<\/tr>\n<tr>\n<td>Tipo de embrague<\/td>\n<td>Multidisco h\u00famedo con resorte de diafragma<\/td>\n<\/tr>\n<tr>\n<td>Tipo de transmisi\u00f3n<\/td>\n<td>Transmisi\u00f3n constante de 6 velocidades<\/td>\n<\/tr>\n<tr>\n<td>Relaci\u00f3n de engranajes<\/td>\n<td>&#8211;<\/td>\n<\/tr>\n<tr>\n<td>Relaci\u00f3n de transmisi\u00f3n en 1ra<\/td>\n<td>2.769 (36\/13<\/td>\n<\/tr>\n<tr>\n<td>Relaci\u00f3n de transmisi\u00f3n en 2da<\/td>\n<td>2.063 (33\/16)<\/td>\n<\/tr>\n<tr>\n<td>Relaci\u00f3n de transmisi\u00f3n en 3ra<\/td>\n<td>1.571 (33\/21)<\/td>\n<\/tr>\n<tr>\n<td>Relaci\u00f3n de transmisi\u00f3n en 4ta<\/td>\n<td>1.250 (30\/24)<\/td>\n<\/tr>\n<tr>\n<td>Relaci\u00f3n de transmisi\u00f3n en 5ta<\/td>\n<td>1.042 (25\/24)<\/td>\n<\/tr>\n<tr>\n<td>Relaci\u00f3n de transmisi\u00f3n en 6ta<\/td>\n<td>0.929 (26\/28)<\/td>\n<\/tr>\n<tr>\n<td>Tipo de chasis<\/td>\n<td>Tubo de acero &#8211; Backbone<\/td>\n<\/tr>\n<tr>\n<td>Inclinaci\u00f3n<\/td>\n<td>28\u00b0 00\u00b4<\/td>\n<\/tr>\n<tr>\n<td>Avance<\/td>\n<td>126mm<\/td>\n<\/tr>\n<tr>\n<td>Rueda delantera<\/td>\n<td>110\/80R19 M\/C 59V (Sin neum\u00e1tico)<\/td>\n<\/tr>\n<tr>\n<td>Rueda trasera<\/td>\n<td>150\/70R17 M\/C 69V (Sin neum\u00e1tico)<\/td>\n<\/tr>\n<tr>\n<td>Freno delantero<\/td>\n<td>Doble disco<\/td>\n<\/tr>\n<tr>\n<td>Freno trasero<\/td>\n<td>Disco<\/td>\n<\/tr>\n<tr>\n<td>Tipo de suspensi\u00f3n delantera<\/td>\n<td>Horquilla telesc\u00f3pica<\/td>\n<\/tr>\n<tr>\n<td>Tipo de suspensi\u00f3n trasera<\/td>\n<td>Basculante (Por bieletas)<\/td>\n<\/tr>\n<tr>\n<td>Luz principal<\/td>\n<td>Bombillo hal\u00f3geno<\/td>\n<\/tr>\n<tr>\n<td>Luz principal<\/td>\n<td>12V 55W x 2<\/td>\n<\/tr>\n<\/tbody>\n<\/table>\n","protected":false},"excerpt":{"rendered":"<h1 style=\"text-align: center;\">XT 1200 Z S\u00daPER TENER\u00c9<\/h1>\n<p>La XT1200Z S\u00faper Tener\u00e9 es una motocicleta con un motor potente, con un dise\u00f1o de 2 cilindros en l\u00ednea que mantienen la moto compacta y delgada. Fue dise\u00f1ada para ser m\u00e1s c\u00f3moda y pr\u00e1ctica en largas distancias de turismo y aventura, equip\u00e1ndola con la \u00faltima tecnolog\u00eda de asistencia al conductor para ayudarlo a sortear cualquier tipo de terreno.<\/p>\n","protected":false},"featured_media":211,"comment_status":"open","ping_status":"closed","template":"","meta":{"_monsterinsights_skip_tracking":false,"_monsterinsights_sitenote_active":false,"_monsterinsights_sitenote_note":"","_monsterinsights_sitenote_category":0},"product_cat":[11,17],"product_tag":[],"aioseo_notices":[],"yoast_head":"<!-- This site is optimized with the Yoast SEO plugin v18.4.1 - https:\/\/yoast.com\/wordpress\/plugins\/seo\/ -->\r\n<title>Xt 1200z - CALDAS MOTOS<\/title>\r\n<meta name=\"description\" content=\"Caldas motos, yamaha manizales, manizales yamaha, yamaha, caldas yamaha\" \/>\r\n<meta name=\"robots\" content=\"index, follow, max-snippet:-1, max-image-preview:large, max-video-preview:-1\" \/>\r\n<link rel=\"canonical\" href=\"https:\/\/caldasmotos.com\/index.php\/product\/xt-1200z\/\" \/>\r\n<meta property=\"og:locale\" content=\"es_ES\" \/>\r\n<meta property=\"og:type\" content=\"article\" \/>\r\n<meta property=\"og:title\" content=\"Xt 1200z - CALDAS MOTOS\" \/>\r\n<meta property=\"og:description\" content=\"Caldas motos, yamaha manizales, manizales yamaha, yamaha, caldas yamaha\" \/>\r\n<meta property=\"og:url\" content=\"https:\/\/caldasmotos.com\/index.php\/product\/xt-1200z\/\" \/>\r\n<meta property=\"og:site_name\" content=\"CALDAS MOTOS\" \/>\r\n<meta property=\"article:modified_time\" content=\"2020-05-28T20:47:24+00:00\" \/>\r\n<meta property=\"og:image\" content=\"https:\/\/caldasmotos.com\/wp-content\/uploads\/2016\/12\/tenere1200-02.png\" \/>\r\n\t<meta property=\"og:image:width\" content=\"494\" \/>\r\n\t<meta property=\"og:image:height\" content=\"438\" \/>\r\n\t<meta property=\"og:image:type\" content=\"image\/png\" \/>\r\n<meta name=\"twitter:card\" content=\"summary\" \/>\r\n<meta name=\"twitter:label1\" content=\"Tiempo estimado de lectura\" \/>\n\t<meta name=\"twitter:data1\" content=\"1 minuto\" \/>\r\n<script type=\"application\/ld+json\" class=\"yoast-schema-graph\">{\"@context\":\"https:\/\/schema.org\",\"@graph\":[{\"@type\":\"Organization\",\"@id\":\"https:\/\/caldasmotos.com\/#organization\",\"name\":\"distrimotosyamaha\",\"url\":\"https:\/\/caldasmotos.com\/\",\"sameAs\":[],\"logo\":{\"@type\":\"ImageObject\",\"@id\":\"https:\/\/caldasmotos.com\/#logo\",\"inLanguage\":\"es-CO\",\"url\":\"http:\/\/caldasmotos.com\/wp-content\/uploads\/2019\/10\/5-1.png\",\"contentUrl\":\"http:\/\/caldasmotos.com\/wp-content\/uploads\/2019\/10\/5-1.png\",\"width\":1924,\"height\":398,\"caption\":\"distrimotosyamaha\"},\"image\":{\"@id\":\"https:\/\/caldasmotos.com\/#logo\"}},{\"@type\":\"WebSite\",\"@id\":\"https:\/\/caldasmotos.com\/#website\",\"url\":\"https:\/\/caldasmotos.com\/\",\"name\":\"CALDAS MOTOS\",\"description\":\"Caldas motos, yamaha manizales, manizales yamaha, yamaha, caldas yamaha\",\"publisher\":{\"@id\":\"https:\/\/caldasmotos.com\/#organization\"},\"potentialAction\":[{\"@type\":\"SearchAction\",\"target\":{\"@type\":\"EntryPoint\",\"urlTemplate\":\"https:\/\/caldasmotos.com\/?s={search_term_string}\"},\"query-input\":\"required name=search_term_string\"}],\"inLanguage\":\"es-CO\"},{\"@type\":\"ImageObject\",\"@id\":\"https:\/\/caldasmotos.com\/index.php\/product\/xt-1200z\/#primaryimage\",\"inLanguage\":\"es-CO\",\"url\":\"https:\/\/caldasmotos.com\/wp-content\/uploads\/2016\/12\/tenere1200-02.png\",\"contentUrl\":\"https:\/\/caldasmotos.com\/wp-content\/uploads\/2016\/12\/tenere1200-02.png\",\"width\":494,\"height\":438},{\"@type\":\"WebPage\",\"@id\":\"https:\/\/caldasmotos.com\/index.php\/product\/xt-1200z\/#webpage\",\"url\":\"https:\/\/caldasmotos.com\/index.php\/product\/xt-1200z\/\",\"name\":\"Xt 1200z - CALDAS MOTOS\",\"isPartOf\":{\"@id\":\"https:\/\/caldasmotos.com\/#website\"},\"primaryImageOfPage\":{\"@id\":\"https:\/\/caldasmotos.com\/index.php\/product\/xt-1200z\/#primaryimage\"},\"datePublished\":\"2016-12-12T21:01:33+00:00\",\"dateModified\":\"2020-05-28T20:47:24+00:00\",\"description\":\"Caldas motos, yamaha manizales, manizales yamaha, yamaha, caldas yamaha\",\"breadcrumb\":{\"@id\":\"https:\/\/caldasmotos.com\/index.php\/product\/xt-1200z\/#breadcrumb\"},\"inLanguage\":\"es-CO\",\"potentialAction\":[{\"@type\":\"ReadAction\",\"target\":[\"https:\/\/caldasmotos.com\/index.php\/product\/xt-1200z\/\"]}]},{\"@type\":\"BreadcrumbList\",\"@id\":\"https:\/\/caldasmotos.com\/index.php\/product\/xt-1200z\/#breadcrumb\",\"itemListElement\":[{\"@type\":\"ListItem\",\"position\":1,\"name\":\"Home\",\"item\":\"https:\/\/caldasmotos.com\/\"},{\"@type\":\"ListItem\",\"position\":2,\"name\":\"Shop\",\"item\":\"https:\/\/caldasmotos.com\/index.php\/shop\/\"},{\"@type\":\"ListItem\",\"position\":3,\"name\":\"Xt 1200z\"}]}]}<\/script>\r\n<!-- \/ Yoast SEO plugin. -->","yoast_head_json":{"title":"Xt 1200z - CALDAS MOTOS","description":"Caldas motos, yamaha manizales, manizales yamaha, yamaha, caldas yamaha","robots":{"index":"index","follow":"follow","max-snippet":"max-snippet:-1","max-image-preview":"max-image-preview:large","max-video-preview":"max-video-preview:-1"},"canonical":"https:\/\/caldasmotos.com\/index.php\/product\/xt-1200z\/","og_locale":"es_ES","og_type":"article","og_title":"Xt 1200z - CALDAS MOTOS","og_description":"Caldas motos, yamaha manizales, manizales yamaha, yamaha, caldas yamaha","og_url":"https:\/\/caldasmotos.com\/index.php\/product\/xt-1200z\/","og_site_name":"CALDAS MOTOS","article_modified_time":"2020-05-28T20:47:24+00:00","og_image":[{"width":494,"height":438,"url":"https:\/\/caldasmotos.com\/wp-content\/uploads\/2016\/12\/tenere1200-02.png","type":"image\/png"}],"twitter_card":"summary","twitter_misc":{"Tiempo estimado de lectura":"1 minuto"},"schema":{"@context":"https:\/\/schema.org","@graph":[{"@type":"Organization","@id":"https:\/\/caldasmotos.com\/#organization","name":"distrimotosyamaha","url":"https:\/\/caldasmotos.com\/","sameAs":[],"logo":{"@type":"ImageObject","@id":"https:\/\/caldasmotos.com\/#logo","inLanguage":"es-CO","url":"http:\/\/caldasmotos.com\/wp-content\/uploads\/2019\/10\/5-1.png","contentUrl":"http:\/\/caldasmotos.com\/wp-content\/uploads\/2019\/10\/5-1.png","width":1924,"height":398,"caption":"distrimotosyamaha"},"image":{"@id":"https:\/\/caldasmotos.com\/#logo"}},{"@type":"WebSite","@id":"https:\/\/caldasmotos.com\/#website","url":"https:\/\/caldasmotos.com\/","name":"CALDAS MOTOS","description":"Caldas motos, yamaha manizales, manizales yamaha, yamaha, caldas yamaha","publisher":{"@id":"https:\/\/caldasmotos.com\/#organization"},"potentialAction":[{"@type":"SearchAction","target":{"@type":"EntryPoint","urlTemplate":"https:\/\/caldasmotos.com\/?s={search_term_string}"},"query-input":"required name=search_term_string"}],"inLanguage":"es-CO"},{"@type":"ImageObject","@id":"https:\/\/caldasmotos.com\/index.php\/product\/xt-1200z\/#primaryimage","inLanguage":"es-CO","url":"https:\/\/caldasmotos.com\/wp-content\/uploads\/2016\/12\/tenere1200-02.png","contentUrl":"https:\/\/caldasmotos.com\/wp-content\/uploads\/2016\/12\/tenere1200-02.png","width":494,"height":438},{"@type":"WebPage","@id":"https:\/\/caldasmotos.com\/index.php\/product\/xt-1200z\/#webpage","url":"https:\/\/caldasmotos.com\/index.php\/product\/xt-1200z\/","name":"Xt 1200z - CALDAS MOTOS","isPartOf":{"@id":"https:\/\/caldasmotos.com\/#website"},"primaryImageOfPage":{"@id":"https:\/\/caldasmotos.com\/index.php\/product\/xt-1200z\/#primaryimage"},"datePublished":"2016-12-12T21:01:33+00:00","dateModified":"2020-05-28T20:47:24+00:00","description":"Caldas motos, yamaha manizales, manizales yamaha, yamaha, caldas yamaha","breadcrumb":{"@id":"https:\/\/caldasmotos.com\/index.php\/product\/xt-1200z\/#breadcrumb"},"inLanguage":"es-CO","potentialAction":[{"@type":"ReadAction","target":["https:\/\/caldasmotos.com\/index.php\/product\/xt-1200z\/"]}]},{"@type":"BreadcrumbList","@id":"https:\/\/caldasmotos.com\/index.php\/product\/xt-1200z\/#breadcrumb","itemListElement":[{"@type":"ListItem","position":1,"name":"Home","item":"https:\/\/caldasmotos.com\/"},{"@type":"ListItem","position":2,"name":"Shop","item":"https:\/\/caldasmotos.com\/index.php\/shop\/"},{"@type":"ListItem","position":3,"name":"Xt 1200z"}]}]}},"_links":{"self":[{"href":"https:\/\/caldasmotos.com\/index.php\/wp-json\/wp\/v2\/product\/210"}],"collection":[{"href":"https:\/\/caldasmotos.com\/index.php\/wp-json\/wp\/v2\/product"}],"about":[{"href":"https:\/\/caldasmotos.com\/index.php\/wp-json\/wp\/v2\/types\/product"}],"replies":[{"embeddable":true,"href":"https:\/\/caldasmotos.com\/index.php\/wp-json\/wp\/v2\/comments?post=210"}],"wp:featuredmedia":[{"embeddable":true,"href":"https:\/\/caldasmotos.com\/index.php\/wp-json\/wp\/v2\/media\/211"}],"wp:attachment":[{"href":"https:\/\/caldasmotos.com\/index.php\/wp-json\/wp\/v2\/media?parent=210"}],"wp:term":[{"taxonomy":"product_cat","embeddable":true,"href":"https:\/\/caldasmotos.com\/index.php\/wp-json\/wp\/v2\/product_cat?post=210"},{"taxonomy":"product_tag","embeddable":true,"href":"https:\/\/caldasmotos.com\/index.php\/wp-json\/wp\/v2\/product_tag?post=210"}],"curies":[{"name":"wp","href":"https:\/\/api.w.org\/{rel}","templated":true}]}}