{"id":213,"date":"2016-12-12T21:03:59","date_gmt":"2016-12-12T21:03:59","guid":{"rendered":"http:\/\/simbiosystemas-001-site6.gtempurl.com\/?post_type=product&#038;p=213"},"modified":"2020-10-22T14:26:42","modified_gmt":"2020-10-22T14:26:42","slug":"xt660-tenere","status":"publish","type":"product","link":"https:\/\/caldasmotos.com\/index.php\/product\/xt660-tenere\/","title":{"rendered":"Xt660 Tenere"},"content":{"rendered":"<h2 style=\"text-align: center;\">Especificaciones t\u00e9cnicas XT 660 TENER\u00c9<\/h2>\n<table class=\"tablaDetallesProducto\" border=\"0\" cellspacing=\"1\" cellpadding=\"0\">\n<tbody>\n<tr>\n<td>Descripci\u00f3n<\/td>\n<td>XT660Z<\/td>\n<\/tr>\n<tr>\n<td>Largo total<\/td>\n<td>2260 mm<\/td>\n<\/tr>\n<tr>\n<td>Ancho total<\/td>\n<td>895 mm<\/td>\n<\/tr>\n<tr>\n<td>Altura total<\/td>\n<td>1500 mm<\/td>\n<\/tr>\n<tr>\n<td>Altura al asiento<\/td>\n<td>895 mm<\/td>\n<\/tr>\n<tr>\n<td>Distancia entre ejes<\/td>\n<td>1500 mm<\/td>\n<\/tr>\n<tr>\n<td>Distancia m\u00ednima del piso<\/td>\n<td>260 mm<\/td>\n<\/tr>\n<tr>\n<td>Peso (Con aceite y tanque de gasolina lleno)<\/td>\n<td>206 Kg<\/td>\n<\/tr>\n<tr>\n<td>Tipo de motor<\/td>\n<td>4T SOHC. 4 v\u00e1lvulas. Refrigeraci\u00f3n por l\u00edquido.<\/td>\n<\/tr>\n<tr>\n<td>Disposici\u00f3n de los cilindros<\/td>\n<td>1 cilindro inclinado hacia adelante<\/td>\n<\/tr>\n<tr>\n<td>Cilindraje<\/td>\n<td>660 cc<\/td>\n<\/tr>\n<tr>\n<td>Di\u00e1metro por carrera<\/td>\n<td>100 mm x 84 mm<\/td>\n<\/tr>\n<tr>\n<td>Relaci\u00f3n de compresi\u00f3n<\/td>\n<td>10.0:1<\/td>\n<\/tr>\n<tr>\n<td>Potencia m\u00e1xima<\/td>\n<td>46,9 Hp a 6000 rpm<\/td>\n<\/tr>\n<tr>\n<td>Torque m\u00e1ximo<\/td>\n<td>58.00 Nm a 5500 rpm<\/td>\n<\/tr>\n<tr>\n<td>Arranque<\/td>\n<td>El\u00e9ctrico<\/td>\n<\/tr>\n<tr>\n<td>Tipo de Lubricacion<\/td>\n<td>C\u00e1rter seco<\/td>\n<\/tr>\n<tr>\n<td>Capacidad de combustible<\/td>\n<td>6,07 gl (23 L)<\/td>\n<\/tr>\n<tr>\n<td>Sistema de alimentaci\u00f3n<\/td>\n<td>Inyecci\u00f3n de combustible<\/td>\n<\/tr>\n<tr>\n<td>Encendido<\/td>\n<td>T.C.I (ECU)<\/td>\n<\/tr>\n<tr>\n<td>Capacidad bater\u00eda<\/td>\n<td>12V \u2013 8AH<\/td>\n<\/tr>\n<tr>\n<td>Bater\u00eda<\/td>\n<td>GT9B-4<\/td>\n<\/tr>\n<tr>\n<td>Sistema de reducci\u00f3n primaria<\/td>\n<td>Engranaje<\/td>\n<\/tr>\n<tr>\n<td>Relaci\u00f3n de reducci\u00f3n primaria<\/td>\n<td>75\/36 2.083<\/td>\n<\/tr>\n<tr>\n<td>Sistema de reducci\u00f3n secundaria<\/td>\n<td>Cadena<\/td>\n<\/tr>\n<tr>\n<td>Relaci\u00f3n de reducci\u00f3n secundaria<\/td>\n<td>45\/15 3.000<\/td>\n<\/tr>\n<tr>\n<td>Tipo de embrague<\/td>\n<td>Multidisco h\u00famedo con resorte en espiral<\/td>\n<\/tr>\n<tr>\n<td>Tipo de transmisi\u00f3n<\/td>\n<td>Transmisi\u00f3n constante de 5 velocidades<\/td>\n<\/tr>\n<tr>\n<td>Relaci\u00f3n de engranajes<\/td>\n<td><\/td>\n<\/tr>\n<tr>\n<td>Relaci\u00f3n de transmisi\u00f3n en 1ra<\/td>\n<td>30\/12 2.500<\/td>\n<\/tr>\n<tr>\n<td>Relaci\u00f3n de transmisi\u00f3n en 2da<\/td>\n<td>26\/16 1.625<\/td>\n<\/tr>\n<tr>\n<td>Relaci\u00f3n de transmisi\u00f3n en 3ra<\/td>\n<td>23\/20 1.150<\/td>\n<\/tr>\n<tr>\n<td>Relaci\u00f3n de transmisi\u00f3n en 4ta<\/td>\n<td>20\/22 0.909<\/td>\n<\/tr>\n<tr>\n<td>Relaci\u00f3n de transmisi\u00f3n en 5ta<\/td>\n<td>20\/26 0.769<\/td>\n<\/tr>\n<tr>\n<td>Tipo de chasis<\/td>\n<td>Diamante<\/td>\n<\/tr>\n<tr>\n<td>Inclinaci\u00f3n<\/td>\n<td>28\u00b0<\/td>\n<\/tr>\n<tr>\n<td>Avance<\/td>\n<td>113 mm<\/td>\n<\/tr>\n<tr>\n<td>Rueda delantera:<\/td>\n<td>90\/90-21 M\/C 54S, Con neum\u00e1tico<\/td>\n<\/tr>\n<tr>\n<td>Rueda trasera:<\/td>\n<td>130\/80-17 M\/C 65S, Con neum\u00e1tico<\/td>\n<\/tr>\n<tr>\n<td>Freno delantero:<\/td>\n<td>Doble disco<\/td>\n<\/tr>\n<tr>\n<td>Freno trasero:<\/td>\n<td>Disco<\/td>\n<\/tr>\n<tr>\n<td>Tipo de suspensi\u00f3n delantera<\/td>\n<td>Horquilla telesc\u00f3pica<\/td>\n<\/tr>\n<tr>\n<td>Tipo de suspensi\u00f3n trasera<\/td>\n<td>Basculante (Por bieletas)<\/td>\n<\/tr>\n<tr>\n<td>Luz principal<\/td>\n<td>Bombillo hal\u00f3geno<\/td>\n<\/tr>\n<\/tbody>\n<\/table>\n","protected":false},"excerpt":{"rendered":"<h1 style=\"text-align: center;\">XT 660 TENER\u00c9<\/h1>\n<p>Tener\u00e9 ha sido sin\u00f3nimo de aventura y deportes, con una reputaci\u00f3n incomparable por la durabilidad, ser fuerte dentro y fuera de carretera y por sus altos niveles de confort en largas distancias. La Tener\u00e9 660 quiz\u00e1s sea la m\u00e1quina de un solo cilindro que va m\u00e1s all\u00e1 viajado por las carreteras del mundo y es favorita por su resistencia, confiabilidad y estilo, capaz de afrontar cualquier entorno<\/p>\n","protected":false},"featured_media":214,"comment_status":"open","ping_status":"closed","template":"","meta":{"_monsterinsights_skip_tracking":false,"_monsterinsights_sitenote_active":false,"_monsterinsights_sitenote_note":"","_monsterinsights_sitenote_category":0},"product_cat":[11,17],"product_tag":[],"aioseo_notices":[],"yoast_head":"<!-- This site is optimized with the Yoast SEO plugin v18.4.1 - https:\/\/yoast.com\/wordpress\/plugins\/seo\/ -->\r\n<title>Xt660 Tenere - CALDAS MOTOS<\/title>\r\n<meta name=\"description\" content=\"Caldas motos, yamaha manizales, manizales yamaha, yamaha, caldas yamaha\" \/>\r\n<meta name=\"robots\" content=\"index, follow, max-snippet:-1, max-image-preview:large, max-video-preview:-1\" \/>\r\n<link rel=\"canonical\" href=\"https:\/\/caldasmotos.com\/index.php\/product\/xt660-tenere\/\" \/>\r\n<meta property=\"og:locale\" content=\"es_ES\" \/>\r\n<meta property=\"og:type\" content=\"article\" \/>\r\n<meta property=\"og:title\" content=\"Xt660 Tenere - CALDAS MOTOS\" \/>\r\n<meta property=\"og:description\" content=\"Caldas motos, yamaha manizales, manizales yamaha, yamaha, caldas yamaha\" \/>\r\n<meta property=\"og:url\" content=\"https:\/\/caldasmotos.com\/index.php\/product\/xt660-tenere\/\" \/>\r\n<meta property=\"og:site_name\" content=\"CALDAS MOTOS\" \/>\r\n<meta property=\"article:modified_time\" content=\"2020-10-22T14:26:42+00:00\" \/>\r\n<meta property=\"og:image\" content=\"https:\/\/caldasmotos.com\/wp-content\/uploads\/2016\/12\/tenere660-02.png\" \/>\r\n\t<meta property=\"og:image:width\" content=\"494\" \/>\r\n\t<meta property=\"og:image:height\" content=\"438\" \/>\r\n\t<meta property=\"og:image:type\" content=\"image\/png\" \/>\r\n<meta name=\"twitter:card\" content=\"summary\" \/>\r\n<meta name=\"twitter:label1\" content=\"Tiempo estimado de lectura\" \/>\n\t<meta name=\"twitter:data1\" content=\"1 minuto\" \/>\r\n<script type=\"application\/ld+json\" class=\"yoast-schema-graph\">{\"@context\":\"https:\/\/schema.org\",\"@graph\":[{\"@type\":\"Organization\",\"@id\":\"https:\/\/caldasmotos.com\/#organization\",\"name\":\"distrimotosyamaha\",\"url\":\"https:\/\/caldasmotos.com\/\",\"sameAs\":[],\"logo\":{\"@type\":\"ImageObject\",\"@id\":\"https:\/\/caldasmotos.com\/#logo\",\"inLanguage\":\"es-CO\",\"url\":\"http:\/\/caldasmotos.com\/wp-content\/uploads\/2019\/10\/5-1.png\",\"contentUrl\":\"http:\/\/caldasmotos.com\/wp-content\/uploads\/2019\/10\/5-1.png\",\"width\":1924,\"height\":398,\"caption\":\"distrimotosyamaha\"},\"image\":{\"@id\":\"https:\/\/caldasmotos.com\/#logo\"}},{\"@type\":\"WebSite\",\"@id\":\"https:\/\/caldasmotos.com\/#website\",\"url\":\"https:\/\/caldasmotos.com\/\",\"name\":\"CALDAS MOTOS\",\"description\":\"Caldas motos, yamaha manizales, manizales yamaha, yamaha, caldas yamaha\",\"publisher\":{\"@id\":\"https:\/\/caldasmotos.com\/#organization\"},\"potentialAction\":[{\"@type\":\"SearchAction\",\"target\":{\"@type\":\"EntryPoint\",\"urlTemplate\":\"https:\/\/caldasmotos.com\/?s={search_term_string}\"},\"query-input\":\"required name=search_term_string\"}],\"inLanguage\":\"es-CO\"},{\"@type\":\"ImageObject\",\"@id\":\"https:\/\/caldasmotos.com\/index.php\/product\/xt660-tenere\/#primaryimage\",\"inLanguage\":\"es-CO\",\"url\":\"https:\/\/caldasmotos.com\/wp-content\/uploads\/2016\/12\/tenere660-02.png\",\"contentUrl\":\"https:\/\/caldasmotos.com\/wp-content\/uploads\/2016\/12\/tenere660-02.png\",\"width\":494,\"height\":438},{\"@type\":\"WebPage\",\"@id\":\"https:\/\/caldasmotos.com\/index.php\/product\/xt660-tenere\/#webpage\",\"url\":\"https:\/\/caldasmotos.com\/index.php\/product\/xt660-tenere\/\",\"name\":\"Xt660 Tenere - CALDAS MOTOS\",\"isPartOf\":{\"@id\":\"https:\/\/caldasmotos.com\/#website\"},\"primaryImageOfPage\":{\"@id\":\"https:\/\/caldasmotos.com\/index.php\/product\/xt660-tenere\/#primaryimage\"},\"datePublished\":\"2016-12-12T21:03:59+00:00\",\"dateModified\":\"2020-10-22T14:26:42+00:00\",\"description\":\"Caldas motos, yamaha manizales, manizales yamaha, yamaha, caldas yamaha\",\"breadcrumb\":{\"@id\":\"https:\/\/caldasmotos.com\/index.php\/product\/xt660-tenere\/#breadcrumb\"},\"inLanguage\":\"es-CO\",\"potentialAction\":[{\"@type\":\"ReadAction\",\"target\":[\"https:\/\/caldasmotos.com\/index.php\/product\/xt660-tenere\/\"]}]},{\"@type\":\"BreadcrumbList\",\"@id\":\"https:\/\/caldasmotos.com\/index.php\/product\/xt660-tenere\/#breadcrumb\",\"itemListElement\":[{\"@type\":\"ListItem\",\"position\":1,\"name\":\"Home\",\"item\":\"https:\/\/caldasmotos.com\/\"},{\"@type\":\"ListItem\",\"position\":2,\"name\":\"Shop\",\"item\":\"https:\/\/caldasmotos.com\/index.php\/shop\/\"},{\"@type\":\"ListItem\",\"position\":3,\"name\":\"Xt660 Tenere\"}]}]}<\/script>\r\n<!-- \/ Yoast SEO plugin. -->","yoast_head_json":{"title":"Xt660 Tenere - CALDAS MOTOS","description":"Caldas motos, yamaha manizales, manizales yamaha, yamaha, caldas yamaha","robots":{"index":"index","follow":"follow","max-snippet":"max-snippet:-1","max-image-preview":"max-image-preview:large","max-video-preview":"max-video-preview:-1"},"canonical":"https:\/\/caldasmotos.com\/index.php\/product\/xt660-tenere\/","og_locale":"es_ES","og_type":"article","og_title":"Xt660 Tenere - CALDAS MOTOS","og_description":"Caldas motos, yamaha manizales, manizales yamaha, yamaha, caldas yamaha","og_url":"https:\/\/caldasmotos.com\/index.php\/product\/xt660-tenere\/","og_site_name":"CALDAS MOTOS","article_modified_time":"2020-10-22T14:26:42+00:00","og_image":[{"width":494,"height":438,"url":"https:\/\/caldasmotos.com\/wp-content\/uploads\/2016\/12\/tenere660-02.png","type":"image\/png"}],"twitter_card":"summary","twitter_misc":{"Tiempo estimado de lectura":"1 minuto"},"schema":{"@context":"https:\/\/schema.org","@graph":[{"@type":"Organization","@id":"https:\/\/caldasmotos.com\/#organization","name":"distrimotosyamaha","url":"https:\/\/caldasmotos.com\/","sameAs":[],"logo":{"@type":"ImageObject","@id":"https:\/\/caldasmotos.com\/#logo","inLanguage":"es-CO","url":"http:\/\/caldasmotos.com\/wp-content\/uploads\/2019\/10\/5-1.png","contentUrl":"http:\/\/caldasmotos.com\/wp-content\/uploads\/2019\/10\/5-1.png","width":1924,"height":398,"caption":"distrimotosyamaha"},"image":{"@id":"https:\/\/caldasmotos.com\/#logo"}},{"@type":"WebSite","@id":"https:\/\/caldasmotos.com\/#website","url":"https:\/\/caldasmotos.com\/","name":"CALDAS MOTOS","description":"Caldas motos, yamaha manizales, manizales yamaha, yamaha, caldas yamaha","publisher":{"@id":"https:\/\/caldasmotos.com\/#organization"},"potentialAction":[{"@type":"SearchAction","target":{"@type":"EntryPoint","urlTemplate":"https:\/\/caldasmotos.com\/?s={search_term_string}"},"query-input":"required name=search_term_string"}],"inLanguage":"es-CO"},{"@type":"ImageObject","@id":"https:\/\/caldasmotos.com\/index.php\/product\/xt660-tenere\/#primaryimage","inLanguage":"es-CO","url":"https:\/\/caldasmotos.com\/wp-content\/uploads\/2016\/12\/tenere660-02.png","contentUrl":"https:\/\/caldasmotos.com\/wp-content\/uploads\/2016\/12\/tenere660-02.png","width":494,"height":438},{"@type":"WebPage","@id":"https:\/\/caldasmotos.com\/index.php\/product\/xt660-tenere\/#webpage","url":"https:\/\/caldasmotos.com\/index.php\/product\/xt660-tenere\/","name":"Xt660 Tenere - CALDAS MOTOS","isPartOf":{"@id":"https:\/\/caldasmotos.com\/#website"},"primaryImageOfPage":{"@id":"https:\/\/caldasmotos.com\/index.php\/product\/xt660-tenere\/#primaryimage"},"datePublished":"2016-12-12T21:03:59+00:00","dateModified":"2020-10-22T14:26:42+00:00","description":"Caldas motos, yamaha manizales, manizales yamaha, yamaha, caldas yamaha","breadcrumb":{"@id":"https:\/\/caldasmotos.com\/index.php\/product\/xt660-tenere\/#breadcrumb"},"inLanguage":"es-CO","potentialAction":[{"@type":"ReadAction","target":["https:\/\/caldasmotos.com\/index.php\/product\/xt660-tenere\/"]}]},{"@type":"BreadcrumbList","@id":"https:\/\/caldasmotos.com\/index.php\/product\/xt660-tenere\/#breadcrumb","itemListElement":[{"@type":"ListItem","position":1,"name":"Home","item":"https:\/\/caldasmotos.com\/"},{"@type":"ListItem","position":2,"name":"Shop","item":"https:\/\/caldasmotos.com\/index.php\/shop\/"},{"@type":"ListItem","position":3,"name":"Xt660 Tenere"}]}]}},"_links":{"self":[{"href":"https:\/\/caldasmotos.com\/index.php\/wp-json\/wp\/v2\/product\/213"}],"collection":[{"href":"https:\/\/caldasmotos.com\/index.php\/wp-json\/wp\/v2\/product"}],"about":[{"href":"https:\/\/caldasmotos.com\/index.php\/wp-json\/wp\/v2\/types\/product"}],"replies":[{"embeddable":true,"href":"https:\/\/caldasmotos.com\/index.php\/wp-json\/wp\/v2\/comments?post=213"}],"wp:featuredmedia":[{"embeddable":true,"href":"https:\/\/caldasmotos.com\/index.php\/wp-json\/wp\/v2\/media\/214"}],"wp:attachment":[{"href":"https:\/\/caldasmotos.com\/index.php\/wp-json\/wp\/v2\/media?parent=213"}],"wp:term":[{"taxonomy":"product_cat","embeddable":true,"href":"https:\/\/caldasmotos.com\/index.php\/wp-json\/wp\/v2\/product_cat?post=213"},{"taxonomy":"product_tag","embeddable":true,"href":"https:\/\/caldasmotos.com\/index.php\/wp-json\/wp\/v2\/product_tag?post=213"}],"curies":[{"name":"wp","href":"https:\/\/api.w.org\/{rel}","templated":true}]}}