{"id":280,"date":"2017-03-03T16:15:47","date_gmt":"2017-03-03T16:15:47","guid":{"rendered":"http:\/\/simbiosystemas-001-site6.gtempurl.com\/?post_type=product&#038;p=280"},"modified":"2020-10-22T14:13:08","modified_gmt":"2020-10-22T14:13:08","slug":"sz-rr","status":"publish","type":"product","link":"https:\/\/caldasmotos.com\/index.php\/product\/sz-rr\/","title":{"rendered":"SZ-RR"},"content":{"rendered":"<h2 style=\"text-align: left;\">Especificaciones t\u00e9cnicas SZ-RR<\/h2>\n<table class=\"tablaDetallesProducto\" border=\"0\" cellspacing=\"1\" cellpadding=\"0\">\n<tbody>\n<tr>\n<td align=\"center\"><strong>Nombre<\/strong><\/td>\n<td align=\"center\">SZ-RR<\/td>\n<\/tr>\n<tr>\n<td align=\"center\"><strong>Largo total<\/strong><\/td>\n<td align=\"center\">2050mm<\/td>\n<\/tr>\n<tr>\n<td align=\"center\"><strong>Ancho total<\/strong><\/td>\n<td align=\"center\">760mm<\/td>\n<\/tr>\n<tr>\n<td align=\"center\"><strong>Altura total<\/strong><\/td>\n<td align=\"center\">1100mm<\/td>\n<\/tr>\n<tr>\n<td align=\"center\"><strong>Altura al asiento<\/strong><\/td>\n<td align=\"center\">802mm<\/td>\n<\/tr>\n<tr>\n<td align=\"center\"><strong>Distancia entre ejes<\/strong><\/td>\n<td align=\"center\">1320mm<\/td>\n<\/tr>\n<tr>\n<td align=\"center\"><strong>Distancia m\u00ednima del piso \u00a0 \u00a0<\/strong><\/td>\n<td align=\"center\">165mm<\/td>\n<\/tr>\n<tr>\n<td align=\"center\"><strong>Radio m\u00ednimo de giro<\/strong><\/td>\n<td align=\"center\">2.4m<\/td>\n<\/tr>\n<tr>\n<td align=\"center\"><strong>Peso (con aceite y tanque de gasolina lleno)<\/strong><\/td>\n<td align=\"center\">133kg<\/td>\n<\/tr>\n<tr>\n<td align=\"center\"><strong>Tipo de motor<\/strong><\/td>\n<td align=\"center\">4 Tiempos SOHC, refrigerado por aire<\/td>\n<\/tr>\n<tr>\n<td align=\"center\"><strong>Disposici\u00f3n de los cilindros<\/strong><\/td>\n<td align=\"center\">1 Cilindro inclinado hacia adelante<\/td>\n<\/tr>\n<tr>\n<td align=\"center\"><strong>Cilindraje<\/strong><\/td>\n<td align=\"center\">149cm3<\/td>\n<\/tr>\n<tr>\n<td align=\"center\"><strong>Di\u00e1metro por carrera<\/strong><\/td>\n<td align=\"center\">57.3\u00d757.9mm<\/td>\n<\/tr>\n<tr>\n<td align=\"center\"><strong>Relaci\u00f3n de compresi\u00f3n<\/strong><\/td>\n<td align=\"center\">9.5:1<\/td>\n<\/tr>\n<tr>\n<td align=\"center\"><strong>Potencia M\u00e1xima<\/strong><\/td>\n<td align=\"center\">11.9 Hp a 7500 rpm<\/td>\n<\/tr>\n<tr>\n<td align=\"center\"><strong>Torque m\u00e1ximo<\/strong><\/td>\n<td align=\"center\">12.8 Nm a 6000 rpm<\/td>\n<\/tr>\n<tr>\n<td align=\"center\"><strong>Arranque<\/strong><\/td>\n<td align=\"center\">El\u00e9ctrico y a pedal<\/td>\n<\/tr>\n<tr>\n<td align=\"center\"><strong>Tipo de lubricaci\u00f3n<\/strong><\/td>\n<td align=\"center\">C\u00e1rter h\u00famedo<\/td>\n<\/tr>\n<tr>\n<td align=\"center\"><strong>Sistema de alimentaci\u00f3n<br \/>\n<\/strong><\/td>\n<td align=\"center\">Carburador<\/td>\n<\/tr>\n<tr>\n<td align=\"center\"><strong>Capacidad de combustible<br \/>\n<\/strong><\/td>\n<td align=\"center\">14L \/ 3.7 usgal<\/td>\n<\/tr>\n<tr>\n<td align=\"center\"><strong>Encendido<\/strong><\/td>\n<td align=\"center\">CDI<\/td>\n<\/tr>\n<tr>\n<td align=\"center\"><strong>Capacidad de bater\u00eda<\/strong><\/td>\n<td align=\"center\">12V \/ 5.0A h<\/td>\n<\/tr>\n<tr>\n<td align=\"center\"><strong>Sistema de reducci\u00f3n primaria<\/strong><\/td>\n<td align=\"center\">Engranaje<\/td>\n<\/tr>\n<tr>\n<td align=\"center\"><strong>Relaci\u00f3n de reducci\u00f3n primaria\u00a0<\/strong><\/td>\n<td align=\"center\">3.409 (75\/22)<\/td>\n<\/tr>\n<tr>\n<td align=\"center\"><strong>Sistema de reducci\u00f3n secundaria<\/strong><\/td>\n<td align=\"center\">Cadena<\/td>\n<\/tr>\n<tr>\n<td align=\"center\"><strong>Relaci\u00f3n de reducci\u00f3n secundaria<\/strong><\/td>\n<td align=\"center\">3.000 (42\/14)<\/td>\n<\/tr>\n<tr>\n<td align=\"center\"><strong>Tipo de embrague<\/strong><\/td>\n<td align=\"center\">Multidisco h\u00famedo con resorte en espiral<\/td>\n<\/tr>\n<tr>\n<td align=\"center\"><strong>Tipo de transmisi\u00f3n<\/strong><\/td>\n<td align=\"center\">Transmisi\u00f3n constante de 5 velocidades<\/td>\n<\/tr>\n<tr>\n<td align=\"center\"><strong>Tipo de chasis<\/strong><\/td>\n<td align=\"center\">Diamante<\/td>\n<\/tr>\n<tr>\n<td align=\"center\"><strong>Rueda delantera<\/strong><\/td>\n<td align=\"center\">2.75-17 41P<\/td>\n<\/tr>\n<tr>\n<td align=\"center\"><strong>Rueda trasera<\/strong><\/td>\n<td align=\"center\">100\/90-17M\/C 55P<\/td>\n<\/tr>\n<tr>\n<td align=\"center\"><strong>Freno delantero<\/strong><\/td>\n<td align=\"center\">Disco<\/td>\n<\/tr>\n<tr>\n<td align=\"center\"><strong>Freno trasero<\/strong><\/td>\n<td align=\"center\">Tambor<\/td>\n<\/tr>\n<tr>\n<td align=\"center\"><strong>Tipo de suspensi\u00f3n delantera<\/strong><\/td>\n<td align=\"center\">Horquilla telesc\u00f3pica<\/td>\n<\/tr>\n<tr>\n<td align=\"center\"><strong>Tipo de suspensi\u00f3n trasera<\/strong><\/td>\n<td align=\"center\">Basculante<\/td>\n<\/tr>\n<tr>\n<td align=\"center\"><strong>Luz principal<\/strong><\/td>\n<td align=\"center\">Bombillo hal\u00f3geno<\/td>\n<\/tr>\n<tr>\n<td align=\"center\"><strong>Luz principal<\/strong><\/td>\n<td align=\"center\">12V 35\/35W X 1<\/td>\n<\/tr>\n<\/tbody>\n<\/table>\n","protected":false},"excerpt":{"rendered":"<h2 style=\"text-align: left;\"><\/h2>\n<table class=\"tablaDetallesProducto aligncenter\" border=\"0\" cellspacing=\"1\" cellpadding=\"0\">\n<tbody>\n<tr>\n<td align=\"center\">\n<h1 style=\"text-align: center;\">SZ-RR<\/h1>\n<p>La nueva SZ-RR llega con un nuevo concepto de desarrollo. Su motor cuenta con la tecnolog\u00eda Blue Core que le permite tener mayor eficiencia de combustible y una relaci\u00f3n amigable con el medio ambiente.<\/p>\n<p>Con la nueva tecnolog\u00eda en motores Yamaha, mejor eficiencia de combustible, nuevo dise\u00f1o de tablero y los comandos del manubrio caracter\u00edsticos de otros modelos como la FZ, la SZ-RR se convierte en un modelo completo que satisface todas tus necesidades.<\/td>\n<td align=\"center\"><\/td>\n<\/tr>\n<\/tbody>\n<\/table>\n","protected":false},"featured_media":654,"comment_status":"open","ping_status":"closed","template":"","meta":{"_monsterinsights_skip_tracking":false,"_monsterinsights_sitenote_active":false,"_monsterinsights_sitenote_note":"","_monsterinsights_sitenote_category":0},"product_cat":[11,13],"product_tag":[],"aioseo_notices":[],"yoast_head":"<!-- This site is optimized with the Yoast SEO plugin v18.4.1 - https:\/\/yoast.com\/wordpress\/plugins\/seo\/ -->\r\n<title>SZ-RR - CALDAS MOTOS<\/title>\r\n<meta name=\"description\" content=\"Caldas motos, yamaha manizales, manizales yamaha, yamaha, caldas yamaha\" \/>\r\n<meta name=\"robots\" content=\"index, follow, max-snippet:-1, max-image-preview:large, max-video-preview:-1\" \/>\r\n<link rel=\"canonical\" href=\"https:\/\/caldasmotos.com\/index.php\/product\/sz-rr\/\" \/>\r\n<meta property=\"og:locale\" content=\"es_ES\" \/>\r\n<meta property=\"og:type\" content=\"article\" \/>\r\n<meta property=\"og:title\" content=\"SZ-RR - CALDAS MOTOS\" \/>\r\n<meta property=\"og:description\" content=\"Caldas motos, yamaha manizales, manizales yamaha, yamaha, caldas yamaha\" \/>\r\n<meta property=\"og:url\" content=\"https:\/\/caldasmotos.com\/index.php\/product\/sz-rr\/\" \/>\r\n<meta property=\"og:site_name\" content=\"CALDAS MOTOS\" \/>\r\n<meta property=\"article:modified_time\" content=\"2020-10-22T14:13:08+00:00\" \/>\r\n<meta property=\"og:image\" content=\"https:\/\/caldasmotos.com\/wp-content\/uploads\/2017\/03\/sz_negra_azul.jpg\" \/>\r\n\t<meta property=\"og:image:width\" content=\"532\" \/>\r\n\t<meta property=\"og:image:height\" content=\"448\" \/>\r\n\t<meta property=\"og:image:type\" content=\"image\/jpeg\" \/>\r\n<meta name=\"twitter:card\" content=\"summary\" \/>\r\n<meta name=\"twitter:label1\" content=\"Tiempo estimado de lectura\" \/>\n\t<meta name=\"twitter:data1\" content=\"1 minuto\" \/>\r\n<script type=\"application\/ld+json\" class=\"yoast-schema-graph\">{\"@context\":\"https:\/\/schema.org\",\"@graph\":[{\"@type\":\"Organization\",\"@id\":\"http:\/\/caldasmotos.com\/#organization\",\"name\":\"distrimotosyamaha\",\"url\":\"http:\/\/caldasmotos.com\/\",\"sameAs\":[],\"logo\":{\"@type\":\"ImageObject\",\"@id\":\"http:\/\/caldasmotos.com\/#logo\",\"inLanguage\":\"es-CO\",\"url\":\"http:\/\/caldasmotos.com\/wp-content\/uploads\/2019\/10\/5-1.png\",\"contentUrl\":\"http:\/\/caldasmotos.com\/wp-content\/uploads\/2019\/10\/5-1.png\",\"width\":1924,\"height\":398,\"caption\":\"distrimotosyamaha\"},\"image\":{\"@id\":\"http:\/\/caldasmotos.com\/#logo\"}},{\"@type\":\"WebSite\",\"@id\":\"http:\/\/caldasmotos.com\/#website\",\"url\":\"http:\/\/caldasmotos.com\/\",\"name\":\"CALDAS MOTOS\",\"description\":\"Caldas motos, yamaha manizales, manizales yamaha, yamaha, caldas yamaha\",\"publisher\":{\"@id\":\"http:\/\/caldasmotos.com\/#organization\"},\"potentialAction\":[{\"@type\":\"SearchAction\",\"target\":{\"@type\":\"EntryPoint\",\"urlTemplate\":\"http:\/\/caldasmotos.com\/?s={search_term_string}\"},\"query-input\":\"required name=search_term_string\"}],\"inLanguage\":\"es-CO\"},{\"@type\":\"ImageObject\",\"@id\":\"https:\/\/caldasmotos.com\/index.php\/product\/sz-rr\/#primaryimage\",\"inLanguage\":\"es-CO\",\"url\":\"https:\/\/caldasmotos.com\/wp-content\/uploads\/2017\/03\/sz_negra_azul.jpg\",\"contentUrl\":\"https:\/\/caldasmotos.com\/wp-content\/uploads\/2017\/03\/sz_negra_azul.jpg\",\"width\":532,\"height\":448},{\"@type\":\"WebPage\",\"@id\":\"https:\/\/caldasmotos.com\/index.php\/product\/sz-rr\/#webpage\",\"url\":\"https:\/\/caldasmotos.com\/index.php\/product\/sz-rr\/\",\"name\":\"SZ-RR - CALDAS MOTOS\",\"isPartOf\":{\"@id\":\"http:\/\/caldasmotos.com\/#website\"},\"primaryImageOfPage\":{\"@id\":\"https:\/\/caldasmotos.com\/index.php\/product\/sz-rr\/#primaryimage\"},\"datePublished\":\"2017-03-03T16:15:47+00:00\",\"dateModified\":\"2020-10-22T14:13:08+00:00\",\"description\":\"Caldas motos, yamaha manizales, manizales yamaha, yamaha, caldas yamaha\",\"breadcrumb\":{\"@id\":\"https:\/\/caldasmotos.com\/index.php\/product\/sz-rr\/#breadcrumb\"},\"inLanguage\":\"es-CO\",\"potentialAction\":[{\"@type\":\"ReadAction\",\"target\":[\"https:\/\/caldasmotos.com\/index.php\/product\/sz-rr\/\"]}]},{\"@type\":\"BreadcrumbList\",\"@id\":\"https:\/\/caldasmotos.com\/index.php\/product\/sz-rr\/#breadcrumb\",\"itemListElement\":[{\"@type\":\"ListItem\",\"position\":1,\"name\":\"Home\",\"item\":\"http:\/\/caldasmotos.com\/\"},{\"@type\":\"ListItem\",\"position\":2,\"name\":\"Shop\",\"item\":\"http:\/\/caldasmotos.com\/index.php\/shop\/\"},{\"@type\":\"ListItem\",\"position\":3,\"name\":\"SZ-RR\"}]}]}<\/script>\r\n<!-- \/ Yoast SEO plugin. -->","yoast_head_json":{"title":"SZ-RR - CALDAS MOTOS","description":"Caldas motos, yamaha manizales, manizales yamaha, yamaha, caldas yamaha","robots":{"index":"index","follow":"follow","max-snippet":"max-snippet:-1","max-image-preview":"max-image-preview:large","max-video-preview":"max-video-preview:-1"},"canonical":"https:\/\/caldasmotos.com\/index.php\/product\/sz-rr\/","og_locale":"es_ES","og_type":"article","og_title":"SZ-RR - CALDAS MOTOS","og_description":"Caldas motos, yamaha manizales, manizales yamaha, yamaha, caldas yamaha","og_url":"https:\/\/caldasmotos.com\/index.php\/product\/sz-rr\/","og_site_name":"CALDAS MOTOS","article_modified_time":"2020-10-22T14:13:08+00:00","og_image":[{"width":532,"height":448,"url":"https:\/\/caldasmotos.com\/wp-content\/uploads\/2017\/03\/sz_negra_azul.jpg","type":"image\/jpeg"}],"twitter_card":"summary","twitter_misc":{"Tiempo estimado de lectura":"1 minuto"},"schema":{"@context":"https:\/\/schema.org","@graph":[{"@type":"Organization","@id":"http:\/\/caldasmotos.com\/#organization","name":"distrimotosyamaha","url":"http:\/\/caldasmotos.com\/","sameAs":[],"logo":{"@type":"ImageObject","@id":"http:\/\/caldasmotos.com\/#logo","inLanguage":"es-CO","url":"http:\/\/caldasmotos.com\/wp-content\/uploads\/2019\/10\/5-1.png","contentUrl":"http:\/\/caldasmotos.com\/wp-content\/uploads\/2019\/10\/5-1.png","width":1924,"height":398,"caption":"distrimotosyamaha"},"image":{"@id":"http:\/\/caldasmotos.com\/#logo"}},{"@type":"WebSite","@id":"http:\/\/caldasmotos.com\/#website","url":"http:\/\/caldasmotos.com\/","name":"CALDAS MOTOS","description":"Caldas motos, yamaha manizales, manizales yamaha, yamaha, caldas yamaha","publisher":{"@id":"http:\/\/caldasmotos.com\/#organization"},"potentialAction":[{"@type":"SearchAction","target":{"@type":"EntryPoint","urlTemplate":"http:\/\/caldasmotos.com\/?s={search_term_string}"},"query-input":"required name=search_term_string"}],"inLanguage":"es-CO"},{"@type":"ImageObject","@id":"https:\/\/caldasmotos.com\/index.php\/product\/sz-rr\/#primaryimage","inLanguage":"es-CO","url":"https:\/\/caldasmotos.com\/wp-content\/uploads\/2017\/03\/sz_negra_azul.jpg","contentUrl":"https:\/\/caldasmotos.com\/wp-content\/uploads\/2017\/03\/sz_negra_azul.jpg","width":532,"height":448},{"@type":"WebPage","@id":"https:\/\/caldasmotos.com\/index.php\/product\/sz-rr\/#webpage","url":"https:\/\/caldasmotos.com\/index.php\/product\/sz-rr\/","name":"SZ-RR - CALDAS MOTOS","isPartOf":{"@id":"http:\/\/caldasmotos.com\/#website"},"primaryImageOfPage":{"@id":"https:\/\/caldasmotos.com\/index.php\/product\/sz-rr\/#primaryimage"},"datePublished":"2017-03-03T16:15:47+00:00","dateModified":"2020-10-22T14:13:08+00:00","description":"Caldas motos, yamaha manizales, manizales yamaha, yamaha, caldas yamaha","breadcrumb":{"@id":"https:\/\/caldasmotos.com\/index.php\/product\/sz-rr\/#breadcrumb"},"inLanguage":"es-CO","potentialAction":[{"@type":"ReadAction","target":["https:\/\/caldasmotos.com\/index.php\/product\/sz-rr\/"]}]},{"@type":"BreadcrumbList","@id":"https:\/\/caldasmotos.com\/index.php\/product\/sz-rr\/#breadcrumb","itemListElement":[{"@type":"ListItem","position":1,"name":"Home","item":"http:\/\/caldasmotos.com\/"},{"@type":"ListItem","position":2,"name":"Shop","item":"http:\/\/caldasmotos.com\/index.php\/shop\/"},{"@type":"ListItem","position":3,"name":"SZ-RR"}]}]}},"_links":{"self":[{"href":"https:\/\/caldasmotos.com\/index.php\/wp-json\/wp\/v2\/product\/280"}],"collection":[{"href":"https:\/\/caldasmotos.com\/index.php\/wp-json\/wp\/v2\/product"}],"about":[{"href":"https:\/\/caldasmotos.com\/index.php\/wp-json\/wp\/v2\/types\/product"}],"replies":[{"embeddable":true,"href":"https:\/\/caldasmotos.com\/index.php\/wp-json\/wp\/v2\/comments?post=280"}],"wp:featuredmedia":[{"embeddable":true,"href":"https:\/\/caldasmotos.com\/index.php\/wp-json\/wp\/v2\/media\/654"}],"wp:attachment":[{"href":"https:\/\/caldasmotos.com\/index.php\/wp-json\/wp\/v2\/media?parent=280"}],"wp:term":[{"taxonomy":"product_cat","embeddable":true,"href":"https:\/\/caldasmotos.com\/index.php\/wp-json\/wp\/v2\/product_cat?post=280"},{"taxonomy":"product_tag","embeddable":true,"href":"https:\/\/caldasmotos.com\/index.php\/wp-json\/wp\/v2\/product_tag?post=280"}],"curies":[{"name":"wp","href":"https:\/\/api.w.org\/{rel}","templated":true}]}}