{"id":293,"date":"2017-03-09T20:43:19","date_gmt":"2017-03-09T20:43:19","guid":{"rendered":"http:\/\/simbiosystemas-001-site6.gtempurl.com\/?post_type=product&#038;p=293"},"modified":"2020-10-22T14:06:44","modified_gmt":"2020-10-22T14:06:44","slug":"libero-125","status":"publish","type":"product","link":"https:\/\/caldasmotos.com\/index.php\/product\/libero-125\/","title":{"rendered":"Libero 125"},"content":{"rendered":"<h2>Especificaciones t\u00e9cnicas LIBERO 125<\/h2>\n<table class=\"tablaDetallesProducto\" border=\"0\" cellspacing=\"1\" cellpadding=\"0\">\n<tbody>\n<tr>\n<td align=\"center\"><strong>Largo total<\/strong><\/td>\n<td align=\"center\">1980mm<\/td>\n<\/tr>\n<tr>\n<td align=\"center\"><strong>Ancho total<\/strong><\/td>\n<td align=\"center\">745mm<\/td>\n<\/tr>\n<tr>\n<td align=\"center\"><strong>Altura total<\/strong><\/td>\n<td align=\"center\">1080mm<\/td>\n<\/tr>\n<tr>\n<td align=\"center\"><strong>altura al asiento<\/strong><\/td>\n<td align=\"center\">780mm<\/td>\n<\/tr>\n<tr>\n<td align=\"center\"><strong>Distancia entre ejes<\/strong><\/td>\n<td align=\"center\">1290mm<\/td>\n<\/tr>\n<tr>\n<td align=\"center\"><strong>Distancia m\u00ednima del piso<\/strong><\/td>\n<td align=\"center\">160mm<\/td>\n<\/tr>\n<tr>\n<td align=\"center\"><strong>Peso (Con aceite y tanque de gasolina lleno)<\/strong><\/td>\n<td align=\"center\">121kg<\/td>\n<\/tr>\n<tr>\n<td align=\"center\"><strong>Tipo de motor \u00a0 \u00a0<\/strong><\/td>\n<td align=\"center\">4 Tiempos SOHC, refrigerado por aire<\/td>\n<\/tr>\n<tr>\n<td align=\"center\"><strong>Disposici\u00f3n de los cilindros<\/strong><\/td>\n<td align=\"center\">1 Cilindro inclinado hacia adelante<\/td>\n<\/tr>\n<tr>\n<td align=\"center\"><strong>Cilindraje<\/strong><\/td>\n<td align=\"center\">124 cc<\/td>\n<\/tr>\n<tr>\n<td align=\"center\"><strong>Di\u00e1metro por carrera<\/strong><\/td>\n<td align=\"center\">54.0 X 54.0mm<\/td>\n<\/tr>\n<tr>\n<td align=\"center\"><strong>Relaci\u00f3n de compresi\u00f3n<\/strong><\/td>\n<td align=\"center\">10.0:1<\/td>\n<\/tr>\n<tr>\n<td align=\"center\"><strong>Potencia M\u00e1xima<\/strong><\/td>\n<td align=\"center\">9.5 Hp a 7800 rpm<\/td>\n<\/tr>\n<tr>\n<td align=\"center\"><strong>Torque m\u00e1ximo \u00a0<\/strong><\/td>\n<td align=\"center\">10.1 Nm (6000r\/min)<\/td>\n<\/tr>\n<tr>\n<td align=\"center\"><strong>Arranque<\/strong><\/td>\n<td align=\"center\">El\u00e9ctrico y a pedal<\/td>\n<\/tr>\n<tr>\n<td align=\"center\"><strong>Tipo de lubricaci\u00f3n \u00a0<\/strong><\/td>\n<td align=\"center\">C\u00e1rter h\u00famedo<\/td>\n<\/tr>\n<tr>\n<td align=\"center\"><strong>Capacidad de combustible<\/strong><\/td>\n<td align=\"center\">12L (3,17 Gls)<\/td>\n<\/tr>\n<tr>\n<td align=\"center\"><strong>Sistema de alimentaci\u00f3n<\/strong><\/td>\n<td align=\"center\">Carburador<\/td>\n<\/tr>\n<tr>\n<td align=\"center\"><strong>Encendido<\/strong><\/td>\n<td align=\"center\">CDI<\/td>\n<\/tr>\n<tr>\n<td align=\"center\"><strong>Capacidad bater\u00eda<\/strong><\/td>\n<td align=\"center\">12V 5AH<\/td>\n<\/tr>\n<tr>\n<td align=\"center\"><strong>Bater\u00eda \u00a0 \u00a0<\/strong><\/td>\n<td align=\"center\">CB5L-B<\/td>\n<\/tr>\n<tr>\n<td align=\"center\"><strong>Sistema de reducci\u00f3n primaria<\/strong><\/td>\n<td align=\"center\">Engranaje<\/td>\n<\/tr>\n<tr>\n<td align=\"center\"><strong>Relaci\u00f3n de reducci\u00f3n primaria<\/strong><\/td>\n<td align=\"center\">68\/20 3.400<\/td>\n<\/tr>\n<tr>\n<td align=\"center\"><strong>Sistema de reducci\u00f3n Secundaria<\/strong><\/td>\n<td align=\"center\">Cadena<\/td>\n<\/tr>\n<tr>\n<td align=\"center\"><strong>Relaci\u00f3n de reducci\u00f3n secundaria<\/strong><\/td>\n<td align=\"center\">45\/14 3.214<\/td>\n<\/tr>\n<tr>\n<td align=\"center\"><strong>Tipo de embrague \u00a0<\/strong><\/td>\n<td align=\"center\">Multidisco h\u00famedo con resorte en espiral<\/td>\n<\/tr>\n<tr>\n<td align=\"center\"><strong>Tipo de transmisi\u00f3n<\/strong><\/td>\n<td align=\"center\">Transmisi\u00f3n constante de 5 velocidades<\/td>\n<\/tr>\n<tr>\n<td align=\"center\"><strong>Relaci\u00f3n de engranajes<\/strong><\/td>\n<td align=\"center\"><\/td>\n<\/tr>\n<tr>\n<td align=\"center\"><strong>Relaci\u00f3n de transmisi\u00f3n en 1ra<\/strong><\/td>\n<td align=\"center\">37\/14 2.643<\/td>\n<\/tr>\n<tr>\n<td align=\"center\"><strong>Relaci\u00f3n de transmisi\u00f3n en 2da<\/strong><\/td>\n<td align=\"center\">32\/18 1.778<\/td>\n<\/tr>\n<tr>\n<td align=\"center\"><strong>Relaci\u00f3n de transmisi\u00f3n en 3ra<\/strong><\/td>\n<td align=\"center\">25\/19 1.316<\/td>\n<\/tr>\n<tr>\n<td align=\"center\"><strong>Relaci\u00f3n de transmisi\u00f3n en 4ta<\/strong><\/td>\n<td align=\"center\">23\/22 1.045<\/td>\n<\/tr>\n<tr>\n<td align=\"center\"><strong>Relaci\u00f3n de transmisi\u00f3n en 5ta<\/strong><\/td>\n<td align=\"center\">21\/24 0.875<\/td>\n<\/tr>\n<tr>\n<td align=\"center\"><strong>Tipo de chasis \u00a0<\/strong><\/td>\n<td align=\"center\">Diamante<\/td>\n<\/tr>\n<tr>\n<td align=\"center\"><strong>Inclinaci\u00f3n<\/strong><\/td>\n<td align=\"center\">26\u00b0 20&#8242;<\/td>\n<\/tr>\n<tr>\n<td align=\"center\"><strong>Avance<\/strong><\/td>\n<td align=\"center\">92mm<\/td>\n<\/tr>\n<tr>\n<td align=\"center\"><strong>Rueda delantera<\/strong><\/td>\n<td align=\"center\">2.75 &#8211; 18 42P<\/td>\n<\/tr>\n<tr>\n<td align=\"center\"><strong>Rueda trasera<\/strong><\/td>\n<td align=\"center\">90\/90 &#8211; 18 57P<\/td>\n<\/tr>\n<tr>\n<td align=\"center\"><strong>Freno delantero<\/strong><\/td>\n<td align=\"center\">Disco<\/td>\n<\/tr>\n<tr>\n<td align=\"center\"><strong>Freno trasero<\/strong><\/td>\n<td align=\"center\">Tambor<\/td>\n<\/tr>\n<tr>\n<td align=\"center\"><strong>Tipo de suspensi\u00f3n delantera<\/strong><\/td>\n<td align=\"center\">Horquilla telesc\u00f3pica<\/td>\n<\/tr>\n<tr>\n<td align=\"center\"><strong>Tipo de suspensi\u00f3n trasera<\/strong><\/td>\n<td align=\"center\">Basculante<\/td>\n<\/tr>\n<tr>\n<td align=\"center\"><strong>Luz principal<\/strong><\/td>\n<td align=\"center\">Bombillo incandescente. 12V 35W\/35W X 1<\/td>\n<\/tr>\n<\/tbody>\n<\/table>\n","protected":false},"excerpt":{"rendered":"<h1 style=\"text-align: center;\">LIBERO 125<\/h1>\n<p>La L\u00edbero 125 es una motocicleta utilitaria equipada para ofrecer el mejor desempe\u00f1o para quienes buscan una soluci\u00f3n de transporte c\u00f3moda, \u00e1gil y econ\u00f3mica. Esta motocicleta tiene una excelente relaci\u00f3n peso-potencia y un reducido consumo de combustible. Su suspensi\u00f3n trasera regulable de 5 posiciones y un sill\u00edn c\u00f3modo, la hace apropiada para largas jornadas.<\/p>\n","protected":false},"featured_media":645,"comment_status":"open","ping_status":"closed","template":"","meta":{"_monsterinsights_skip_tracking":false,"_monsterinsights_sitenote_active":false,"_monsterinsights_sitenote_note":"","_monsterinsights_sitenote_category":0},"product_cat":[13],"product_tag":[],"aioseo_notices":[],"yoast_head":"<!-- This site is optimized with the Yoast SEO plugin v18.4.1 - https:\/\/yoast.com\/wordpress\/plugins\/seo\/ -->\r\n<title>Libero 125 - CALDAS MOTOS<\/title>\r\n<meta name=\"description\" content=\"Caldas motos, yamaha manizales, manizales yamaha, yamaha, caldas yamaha\" \/>\r\n<meta name=\"robots\" content=\"index, follow, max-snippet:-1, max-image-preview:large, max-video-preview:-1\" \/>\r\n<link rel=\"canonical\" href=\"https:\/\/caldasmotos.com\/index.php\/product\/libero-125\/\" \/>\r\n<meta property=\"og:locale\" content=\"es_ES\" \/>\r\n<meta property=\"og:type\" content=\"article\" \/>\r\n<meta property=\"og:title\" content=\"Libero 125 - CALDAS MOTOS\" \/>\r\n<meta property=\"og:description\" content=\"Caldas motos, yamaha manizales, manizales yamaha, yamaha, caldas yamaha\" \/>\r\n<meta property=\"og:url\" content=\"https:\/\/caldasmotos.com\/index.php\/product\/libero-125\/\" \/>\r\n<meta property=\"og:site_name\" content=\"CALDAS MOTOS\" \/>\r\n<meta property=\"article:modified_time\" content=\"2020-10-22T14:06:44+00:00\" \/>\r\n<meta property=\"og:image\" content=\"https:\/\/caldasmotos.com\/wp-content\/uploads\/2017\/03\/libero-azul-2.jpg\" \/>\r\n\t<meta property=\"og:image:width\" content=\"540\" \/>\r\n\t<meta property=\"og:image:height\" content=\"500\" \/>\r\n\t<meta property=\"og:image:type\" content=\"image\/jpeg\" \/>\r\n<meta name=\"twitter:card\" content=\"summary\" \/>\r\n<meta name=\"twitter:label1\" content=\"Tiempo estimado de lectura\" \/>\n\t<meta name=\"twitter:data1\" content=\"1 minuto\" \/>\r\n<script type=\"application\/ld+json\" class=\"yoast-schema-graph\">{\"@context\":\"https:\/\/schema.org\",\"@graph\":[{\"@type\":\"Organization\",\"@id\":\"http:\/\/caldasmotos.com\/#organization\",\"name\":\"distrimotosyamaha\",\"url\":\"http:\/\/caldasmotos.com\/\",\"sameAs\":[],\"logo\":{\"@type\":\"ImageObject\",\"@id\":\"http:\/\/caldasmotos.com\/#logo\",\"inLanguage\":\"es-CO\",\"url\":\"http:\/\/caldasmotos.com\/wp-content\/uploads\/2019\/10\/5-1.png\",\"contentUrl\":\"http:\/\/caldasmotos.com\/wp-content\/uploads\/2019\/10\/5-1.png\",\"width\":1924,\"height\":398,\"caption\":\"distrimotosyamaha\"},\"image\":{\"@id\":\"http:\/\/caldasmotos.com\/#logo\"}},{\"@type\":\"WebSite\",\"@id\":\"http:\/\/caldasmotos.com\/#website\",\"url\":\"http:\/\/caldasmotos.com\/\",\"name\":\"CALDAS MOTOS\",\"description\":\"Caldas motos, yamaha manizales, manizales yamaha, yamaha, caldas yamaha\",\"publisher\":{\"@id\":\"http:\/\/caldasmotos.com\/#organization\"},\"potentialAction\":[{\"@type\":\"SearchAction\",\"target\":{\"@type\":\"EntryPoint\",\"urlTemplate\":\"http:\/\/caldasmotos.com\/?s={search_term_string}\"},\"query-input\":\"required name=search_term_string\"}],\"inLanguage\":\"es-CO\"},{\"@type\":\"ImageObject\",\"@id\":\"https:\/\/caldasmotos.com\/index.php\/product\/libero-125\/#primaryimage\",\"inLanguage\":\"es-CO\",\"url\":\"https:\/\/caldasmotos.com\/wp-content\/uploads\/2017\/03\/libero-azul-2.jpg\",\"contentUrl\":\"https:\/\/caldasmotos.com\/wp-content\/uploads\/2017\/03\/libero-azul-2.jpg\",\"width\":540,\"height\":500},{\"@type\":\"WebPage\",\"@id\":\"https:\/\/caldasmotos.com\/index.php\/product\/libero-125\/#webpage\",\"url\":\"https:\/\/caldasmotos.com\/index.php\/product\/libero-125\/\",\"name\":\"Libero 125 - CALDAS MOTOS\",\"isPartOf\":{\"@id\":\"http:\/\/caldasmotos.com\/#website\"},\"primaryImageOfPage\":{\"@id\":\"https:\/\/caldasmotos.com\/index.php\/product\/libero-125\/#primaryimage\"},\"datePublished\":\"2017-03-09T20:43:19+00:00\",\"dateModified\":\"2020-10-22T14:06:44+00:00\",\"description\":\"Caldas motos, yamaha manizales, manizales yamaha, yamaha, caldas yamaha\",\"breadcrumb\":{\"@id\":\"https:\/\/caldasmotos.com\/index.php\/product\/libero-125\/#breadcrumb\"},\"inLanguage\":\"es-CO\",\"potentialAction\":[{\"@type\":\"ReadAction\",\"target\":[\"https:\/\/caldasmotos.com\/index.php\/product\/libero-125\/\"]}]},{\"@type\":\"BreadcrumbList\",\"@id\":\"https:\/\/caldasmotos.com\/index.php\/product\/libero-125\/#breadcrumb\",\"itemListElement\":[{\"@type\":\"ListItem\",\"position\":1,\"name\":\"Home\",\"item\":\"http:\/\/caldasmotos.com\/\"},{\"@type\":\"ListItem\",\"position\":2,\"name\":\"Shop\",\"item\":\"http:\/\/caldasmotos.com\/index.php\/shop\/\"},{\"@type\":\"ListItem\",\"position\":3,\"name\":\"Libero 125\"}]}]}<\/script>\r\n<!-- \/ Yoast SEO plugin. -->","yoast_head_json":{"title":"Libero 125 - CALDAS MOTOS","description":"Caldas motos, yamaha manizales, manizales yamaha, yamaha, caldas yamaha","robots":{"index":"index","follow":"follow","max-snippet":"max-snippet:-1","max-image-preview":"max-image-preview:large","max-video-preview":"max-video-preview:-1"},"canonical":"https:\/\/caldasmotos.com\/index.php\/product\/libero-125\/","og_locale":"es_ES","og_type":"article","og_title":"Libero 125 - CALDAS MOTOS","og_description":"Caldas motos, yamaha manizales, manizales yamaha, yamaha, caldas yamaha","og_url":"https:\/\/caldasmotos.com\/index.php\/product\/libero-125\/","og_site_name":"CALDAS MOTOS","article_modified_time":"2020-10-22T14:06:44+00:00","og_image":[{"width":540,"height":500,"url":"https:\/\/caldasmotos.com\/wp-content\/uploads\/2017\/03\/libero-azul-2.jpg","type":"image\/jpeg"}],"twitter_card":"summary","twitter_misc":{"Tiempo estimado de lectura":"1 minuto"},"schema":{"@context":"https:\/\/schema.org","@graph":[{"@type":"Organization","@id":"http:\/\/caldasmotos.com\/#organization","name":"distrimotosyamaha","url":"http:\/\/caldasmotos.com\/","sameAs":[],"logo":{"@type":"ImageObject","@id":"http:\/\/caldasmotos.com\/#logo","inLanguage":"es-CO","url":"http:\/\/caldasmotos.com\/wp-content\/uploads\/2019\/10\/5-1.png","contentUrl":"http:\/\/caldasmotos.com\/wp-content\/uploads\/2019\/10\/5-1.png","width":1924,"height":398,"caption":"distrimotosyamaha"},"image":{"@id":"http:\/\/caldasmotos.com\/#logo"}},{"@type":"WebSite","@id":"http:\/\/caldasmotos.com\/#website","url":"http:\/\/caldasmotos.com\/","name":"CALDAS MOTOS","description":"Caldas motos, yamaha manizales, manizales yamaha, yamaha, caldas yamaha","publisher":{"@id":"http:\/\/caldasmotos.com\/#organization"},"potentialAction":[{"@type":"SearchAction","target":{"@type":"EntryPoint","urlTemplate":"http:\/\/caldasmotos.com\/?s={search_term_string}"},"query-input":"required name=search_term_string"}],"inLanguage":"es-CO"},{"@type":"ImageObject","@id":"https:\/\/caldasmotos.com\/index.php\/product\/libero-125\/#primaryimage","inLanguage":"es-CO","url":"https:\/\/caldasmotos.com\/wp-content\/uploads\/2017\/03\/libero-azul-2.jpg","contentUrl":"https:\/\/caldasmotos.com\/wp-content\/uploads\/2017\/03\/libero-azul-2.jpg","width":540,"height":500},{"@type":"WebPage","@id":"https:\/\/caldasmotos.com\/index.php\/product\/libero-125\/#webpage","url":"https:\/\/caldasmotos.com\/index.php\/product\/libero-125\/","name":"Libero 125 - CALDAS MOTOS","isPartOf":{"@id":"http:\/\/caldasmotos.com\/#website"},"primaryImageOfPage":{"@id":"https:\/\/caldasmotos.com\/index.php\/product\/libero-125\/#primaryimage"},"datePublished":"2017-03-09T20:43:19+00:00","dateModified":"2020-10-22T14:06:44+00:00","description":"Caldas motos, yamaha manizales, manizales yamaha, yamaha, caldas yamaha","breadcrumb":{"@id":"https:\/\/caldasmotos.com\/index.php\/product\/libero-125\/#breadcrumb"},"inLanguage":"es-CO","potentialAction":[{"@type":"ReadAction","target":["https:\/\/caldasmotos.com\/index.php\/product\/libero-125\/"]}]},{"@type":"BreadcrumbList","@id":"https:\/\/caldasmotos.com\/index.php\/product\/libero-125\/#breadcrumb","itemListElement":[{"@type":"ListItem","position":1,"name":"Home","item":"http:\/\/caldasmotos.com\/"},{"@type":"ListItem","position":2,"name":"Shop","item":"http:\/\/caldasmotos.com\/index.php\/shop\/"},{"@type":"ListItem","position":3,"name":"Libero 125"}]}]}},"_links":{"self":[{"href":"https:\/\/caldasmotos.com\/index.php\/wp-json\/wp\/v2\/product\/293"}],"collection":[{"href":"https:\/\/caldasmotos.com\/index.php\/wp-json\/wp\/v2\/product"}],"about":[{"href":"https:\/\/caldasmotos.com\/index.php\/wp-json\/wp\/v2\/types\/product"}],"replies":[{"embeddable":true,"href":"https:\/\/caldasmotos.com\/index.php\/wp-json\/wp\/v2\/comments?post=293"}],"wp:featuredmedia":[{"embeddable":true,"href":"https:\/\/caldasmotos.com\/index.php\/wp-json\/wp\/v2\/media\/645"}],"wp:attachment":[{"href":"https:\/\/caldasmotos.com\/index.php\/wp-json\/wp\/v2\/media?parent=293"}],"wp:term":[{"taxonomy":"product_cat","embeddable":true,"href":"https:\/\/caldasmotos.com\/index.php\/wp-json\/wp\/v2\/product_cat?post=293"},{"taxonomy":"product_tag","embeddable":true,"href":"https:\/\/caldasmotos.com\/index.php\/wp-json\/wp\/v2\/product_tag?post=293"}],"curies":[{"name":"wp","href":"https:\/\/api.w.org\/{rel}","templated":true}]}}