{"id":302,"date":"2017-03-09T20:50:44","date_gmt":"2017-03-09T20:50:44","guid":{"rendered":"http:\/\/simbiosystemas-001-site6.gtempurl.com\/?post_type=product&#038;p=302"},"modified":"2020-10-22T14:01:43","modified_gmt":"2020-10-22T14:01:43","slug":"r1-2015","status":"publish","type":"product","link":"https:\/\/caldasmotos.com\/index.php\/product\/r1-2015\/","title":{"rendered":"R1"},"content":{"rendered":"<h2>Especificaciones t\u00e9cnicas YZF-R1<\/h2>\n<table class=\"tablaDetallesProducto\" border=\"0\" cellspacing=\"1\" cellpadding=\"0\">\n<tbody>\n<tr>\n<td>Largo total<\/td>\n<td>2055 mm<\/td>\n<\/tr>\n<tr>\n<td>Ancho total<\/td>\n<td>690 mm<\/td>\n<\/tr>\n<tr>\n<td>Altura total<\/td>\n<td>1150 mm<\/td>\n<\/tr>\n<tr>\n<td>Altura al asiento<\/td>\n<td>855 mm<\/td>\n<\/tr>\n<tr>\n<td>Distancia entre ejes<\/td>\n<td>1405 mm<\/td>\n<\/tr>\n<tr>\n<td>Distancia m\u00ednima del piso<\/td>\n<td>130 mm<\/td>\n<\/tr>\n<tr>\n<td>Radio m\u00ednimo de giro<\/td>\n<td>3.3 m<\/td>\n<\/tr>\n<tr>\n<td>Peso (con aceite y tanque de gasolina lleno)<\/td>\n<td>199 kg<\/td>\n<\/tr>\n<tr>\n<td>Tipo de chasis<\/td>\n<td>Diamante<\/td>\n<\/tr>\n<tr>\n<td>Inclinaci\u00f3n<\/td>\n<td>24\u00b0 00\u2032<\/td>\n<\/tr>\n<tr>\n<td>Avance<\/td>\n<td>102 mm<\/td>\n<\/tr>\n<tr>\n<td>Rueda delantera<\/td>\n<td>120\/70ZR17M\/C (58W) (Sin neum\u00e1tico)<\/td>\n<\/tr>\n<tr>\n<td>Rueda trasera<\/td>\n<td>190\/55ZR17M\/C (75W) (Sin neum\u00e1tico)<\/td>\n<\/tr>\n<tr>\n<td>Freno delantero<\/td>\n<td>Doble disco de freno hidr\u00e1ulico<\/td>\n<\/tr>\n<tr>\n<td>Freno trasero<\/td>\n<td>Disco de freno hidr\u00e1ulico<\/td>\n<\/tr>\n<tr>\n<td>Tipo de suspensi\u00f3n delantera<\/td>\n<td>Telesc\u00f3pica<\/td>\n<\/tr>\n<tr>\n<td>Tipo de suspensi\u00f3n trasera<\/td>\n<td>Brazo basculante (Suspensi\u00f3n por bieletas)<\/td>\n<\/tr>\n<tr>\n<td>Luz principal<\/td>\n<td>LED x2<\/td>\n<\/tr>\n<tr>\n<td>Tipo de motor<\/td>\n<td>Refrigeraci\u00f3n l\u00edquida,4-tiempos, DOHC, 4 v\u00e1lvulas<\/td>\n<\/tr>\n<tr>\n<td>Disposici\u00f3n de los cilindros<\/td>\n<td>4 Cilindros en l\u00ednea, inclinados hacia adelante<\/td>\n<\/tr>\n<tr>\n<td>Cilindraje<\/td>\n<td>998 cc<\/td>\n<\/tr>\n<tr>\n<td>Di\u00e1metro por carrera<\/td>\n<td>79.0\u00d750.9mm<\/td>\n<\/tr>\n<tr>\n<td>Relaci\u00f3n de compresi\u00f3n<\/td>\n<td>13.0 \uff1a 1<\/td>\n<\/tr>\n<tr>\n<td>Potencia m\u00e1xima<\/td>\n<td>147.1 kW (200.0PS) \/ 13500 r\/min<\/td>\n<\/tr>\n<tr>\n<td>Torque m\u00e1ximo<\/td>\n<td>112.4 Nm (11.5 kgf.m) \/ 11500 r\/min<\/td>\n<\/tr>\n<tr>\n<td>Arranque<\/td>\n<td>El\u00e9ctrico<\/td>\n<\/tr>\n<tr>\n<td>Tipo de lubricaci\u00f3n<\/td>\n<td>C\u00e1rter h\u00famedo<\/td>\n<\/tr>\n<tr>\n<td>Capacidad de combustible<\/td>\n<td>17 L<\/td>\n<\/tr>\n<tr>\n<td>Sistema de alimentaci\u00f3n<\/td>\n<td>Inyecci\u00f3n Electr\u00f3nica<\/td>\n<\/tr>\n<tr>\n<td>Encendido<\/td>\n<td>TCI<\/td>\n<\/tr>\n<tr>\n<td>Capacidad de bater\u00eda<\/td>\n<td>12V 6AH(10H)<\/td>\n<\/tr>\n<tr>\n<td>Bater\u00eda<\/td>\n<td>Inyecci\u00f3n de combustible<\/td>\n<\/tr>\n<tr>\n<td>Sistema de reducci\u00f3n primaria<\/td>\n<td>Engranaje<\/td>\n<\/tr>\n<tr>\n<td>Relaci\u00f3n de reducci\u00f3n primaria<\/td>\n<td>1.634(67\/41)<\/td>\n<\/tr>\n<tr>\n<td>Sistema de reducci\u00f3n secundaria<\/td>\n<td>Cadena<\/td>\n<\/tr>\n<tr>\n<td>Relaci\u00f3n de reducci\u00f3n secundaria<\/td>\n<td>2.563(41\/16)<\/td>\n<\/tr>\n<tr>\n<td>Tipo de embrague<\/td>\n<td>Multidisco en aceite<\/td>\n<\/tr>\n<tr>\n<td>Tipo de transmisi\u00f3n<\/td>\n<td>Transmisi\u00f3n constante de 6 velocidades<\/td>\n<\/tr>\n<tr>\n<td>Relaci\u00f3n de transmisi\u00f3n en 1ra<\/td>\n<td>2.600(39\/15)<\/td>\n<\/tr>\n<tr>\n<td>Relaci\u00f3n de transmisi\u00f3n en 2da<\/td>\n<td>2.176(37\/17)<\/td>\n<\/tr>\n<tr>\n<td>Relaci\u00f3n de transmisi\u00f3n en 3ra<\/td>\n<td>1.842(35\/19)<\/td>\n<\/tr>\n<tr>\n<td>Relaci\u00f3n de transmisi\u00f3n en 4ta<\/td>\n<td>1.579(30\/19)<\/td>\n<\/tr>\n<tr>\n<td>Relaci\u00f3n de transmisi\u00f3n en 5ta<\/td>\n<td>1.381(29\/21)<\/td>\n<\/tr>\n<tr>\n<td>Relaci\u00f3n de transmisi\u00f3n en 6ta<\/td>\n<td>1.250(30\/24)<\/td>\n<\/tr>\n<\/tbody>\n<\/table>\n","protected":false},"excerpt":{"rendered":"<p>Especificaciones t\u00e9cnicas YZF-R1 Largo total 2055 mm Ancho total 690 mm Altura total 1150 mm Altura al asiento 855 mm Distancia entre ejes 1405 mm Distancia m\u00ednima del piso 130 mm Radio m\u00ednimo de giro 3.3 m Peso (con aceite y tanque de gasolina lleno) 199 kg Tipo de chasis Diamante Inclinaci\u00f3n 24\u00b0 00\u2032 Avance <a href=\"https:\/\/caldasmotos.com\/index.php\/product\/r1-2015\/\" rel=\"nofollow\"><span class=\"sr-only\">Read more about R1<\/span>[&#8230;]<\/a><\/p>\n","protected":false},"featured_media":644,"comment_status":"open","ping_status":"closed","template":"","meta":{"_monsterinsights_skip_tracking":false,"_monsterinsights_sitenote_active":false,"_monsterinsights_sitenote_note":"","_monsterinsights_sitenote_category":0},"product_cat":[19],"product_tag":[],"aioseo_notices":[],"yoast_head":"<!-- This site is optimized with the Yoast SEO plugin v18.4.1 - https:\/\/yoast.com\/wordpress\/plugins\/seo\/ -->\r\n<title>R1 - CALDAS MOTOS<\/title>\r\n<meta name=\"description\" content=\"Caldas motos, yamaha manizales, manizales yamaha, yamaha, caldas yamaha\" \/>\r\n<meta name=\"robots\" content=\"index, follow, max-snippet:-1, max-image-preview:large, max-video-preview:-1\" \/>\r\n<link rel=\"canonical\" href=\"http:\/\/caldasmotos.com\/index.php\/product\/r1-2015\/\" \/>\r\n<meta property=\"og:locale\" content=\"es_ES\" \/>\r\n<meta property=\"og:type\" content=\"article\" \/>\r\n<meta property=\"og:title\" content=\"R1 - CALDAS MOTOS\" \/>\r\n<meta property=\"og:description\" content=\"Caldas motos, yamaha manizales, manizales yamaha, yamaha, caldas yamaha\" \/>\r\n<meta property=\"og:url\" content=\"http:\/\/caldasmotos.com\/index.php\/product\/r1-2015\/\" \/>\r\n<meta property=\"og:site_name\" content=\"CALDAS MOTOS\" \/>\r\n<meta property=\"article:modified_time\" content=\"2020-10-22T14:01:43+00:00\" \/>\r\n<meta property=\"og:image\" content=\"http:\/\/caldasmotos.com\/wp-content\/uploads\/2017\/03\/2020_YZF-R1_DPBMC_AU_STU_003_450x3752.jpg\" \/>\r\n\t<meta property=\"og:image:width\" content=\"494\" \/>\r\n\t<meta property=\"og:image:height\" content=\"390\" \/>\r\n\t<meta property=\"og:image:type\" content=\"image\/jpeg\" \/>\r\n<meta name=\"twitter:card\" content=\"summary\" \/>\r\n<meta name=\"twitter:label1\" content=\"Tiempo estimado de lectura\" \/>\n\t<meta name=\"twitter:data1\" content=\"1 minuto\" \/>\r\n<script type=\"application\/ld+json\" class=\"yoast-schema-graph\">{\"@context\":\"https:\/\/schema.org\",\"@graph\":[{\"@type\":\"Organization\",\"@id\":\"http:\/\/caldasmotos.com\/#organization\",\"name\":\"distrimotosyamaha\",\"url\":\"http:\/\/caldasmotos.com\/\",\"sameAs\":[],\"logo\":{\"@type\":\"ImageObject\",\"@id\":\"http:\/\/caldasmotos.com\/#logo\",\"inLanguage\":\"es-CO\",\"url\":\"http:\/\/caldasmotos.com\/wp-content\/uploads\/2019\/10\/5-1.png\",\"contentUrl\":\"http:\/\/caldasmotos.com\/wp-content\/uploads\/2019\/10\/5-1.png\",\"width\":1924,\"height\":398,\"caption\":\"distrimotosyamaha\"},\"image\":{\"@id\":\"http:\/\/caldasmotos.com\/#logo\"}},{\"@type\":\"WebSite\",\"@id\":\"http:\/\/caldasmotos.com\/#website\",\"url\":\"http:\/\/caldasmotos.com\/\",\"name\":\"CALDAS MOTOS\",\"description\":\"Caldas motos, yamaha manizales, manizales yamaha, yamaha, caldas yamaha\",\"publisher\":{\"@id\":\"http:\/\/caldasmotos.com\/#organization\"},\"potentialAction\":[{\"@type\":\"SearchAction\",\"target\":{\"@type\":\"EntryPoint\",\"urlTemplate\":\"http:\/\/caldasmotos.com\/?s={search_term_string}\"},\"query-input\":\"required name=search_term_string\"}],\"inLanguage\":\"es-CO\"},{\"@type\":\"ImageObject\",\"@id\":\"http:\/\/caldasmotos.com\/index.php\/product\/r1-2015\/#primaryimage\",\"inLanguage\":\"es-CO\",\"url\":\"https:\/\/caldasmotos.com\/wp-content\/uploads\/2017\/03\/2020_YZF-R1_DPBMC_AU_STU_003_450x3752.jpg\",\"contentUrl\":\"https:\/\/caldasmotos.com\/wp-content\/uploads\/2017\/03\/2020_YZF-R1_DPBMC_AU_STU_003_450x3752.jpg\",\"width\":494,\"height\":390},{\"@type\":\"WebPage\",\"@id\":\"http:\/\/caldasmotos.com\/index.php\/product\/r1-2015\/#webpage\",\"url\":\"http:\/\/caldasmotos.com\/index.php\/product\/r1-2015\/\",\"name\":\"R1 - CALDAS MOTOS\",\"isPartOf\":{\"@id\":\"http:\/\/caldasmotos.com\/#website\"},\"primaryImageOfPage\":{\"@id\":\"http:\/\/caldasmotos.com\/index.php\/product\/r1-2015\/#primaryimage\"},\"datePublished\":\"2017-03-09T20:50:44+00:00\",\"dateModified\":\"2020-10-22T14:01:43+00:00\",\"description\":\"Caldas motos, yamaha manizales, manizales yamaha, yamaha, caldas yamaha\",\"breadcrumb\":{\"@id\":\"http:\/\/caldasmotos.com\/index.php\/product\/r1-2015\/#breadcrumb\"},\"inLanguage\":\"es-CO\",\"potentialAction\":[{\"@type\":\"ReadAction\",\"target\":[\"http:\/\/caldasmotos.com\/index.php\/product\/r1-2015\/\"]}]},{\"@type\":\"BreadcrumbList\",\"@id\":\"http:\/\/caldasmotos.com\/index.php\/product\/r1-2015\/#breadcrumb\",\"itemListElement\":[{\"@type\":\"ListItem\",\"position\":1,\"name\":\"Home\",\"item\":\"http:\/\/caldasmotos.com\/\"},{\"@type\":\"ListItem\",\"position\":2,\"name\":\"Shop\",\"item\":\"https:\/\/caldasmotos.com\/index.php\/shop\/\"},{\"@type\":\"ListItem\",\"position\":3,\"name\":\"R1\"}]}]}<\/script>\r\n<!-- \/ Yoast SEO plugin. -->","yoast_head_json":{"title":"R1 - CALDAS MOTOS","description":"Caldas motos, yamaha manizales, manizales yamaha, yamaha, caldas yamaha","robots":{"index":"index","follow":"follow","max-snippet":"max-snippet:-1","max-image-preview":"max-image-preview:large","max-video-preview":"max-video-preview:-1"},"canonical":"http:\/\/caldasmotos.com\/index.php\/product\/r1-2015\/","og_locale":"es_ES","og_type":"article","og_title":"R1 - CALDAS MOTOS","og_description":"Caldas motos, yamaha manizales, manizales yamaha, yamaha, caldas yamaha","og_url":"http:\/\/caldasmotos.com\/index.php\/product\/r1-2015\/","og_site_name":"CALDAS MOTOS","article_modified_time":"2020-10-22T14:01:43+00:00","og_image":[{"width":494,"height":390,"url":"http:\/\/caldasmotos.com\/wp-content\/uploads\/2017\/03\/2020_YZF-R1_DPBMC_AU_STU_003_450x3752.jpg","type":"image\/jpeg"}],"twitter_card":"summary","twitter_misc":{"Tiempo estimado de lectura":"1 minuto"},"schema":{"@context":"https:\/\/schema.org","@graph":[{"@type":"Organization","@id":"http:\/\/caldasmotos.com\/#organization","name":"distrimotosyamaha","url":"http:\/\/caldasmotos.com\/","sameAs":[],"logo":{"@type":"ImageObject","@id":"http:\/\/caldasmotos.com\/#logo","inLanguage":"es-CO","url":"http:\/\/caldasmotos.com\/wp-content\/uploads\/2019\/10\/5-1.png","contentUrl":"http:\/\/caldasmotos.com\/wp-content\/uploads\/2019\/10\/5-1.png","width":1924,"height":398,"caption":"distrimotosyamaha"},"image":{"@id":"http:\/\/caldasmotos.com\/#logo"}},{"@type":"WebSite","@id":"http:\/\/caldasmotos.com\/#website","url":"http:\/\/caldasmotos.com\/","name":"CALDAS MOTOS","description":"Caldas motos, yamaha manizales, manizales yamaha, yamaha, caldas yamaha","publisher":{"@id":"http:\/\/caldasmotos.com\/#organization"},"potentialAction":[{"@type":"SearchAction","target":{"@type":"EntryPoint","urlTemplate":"http:\/\/caldasmotos.com\/?s={search_term_string}"},"query-input":"required name=search_term_string"}],"inLanguage":"es-CO"},{"@type":"ImageObject","@id":"http:\/\/caldasmotos.com\/index.php\/product\/r1-2015\/#primaryimage","inLanguage":"es-CO","url":"https:\/\/caldasmotos.com\/wp-content\/uploads\/2017\/03\/2020_YZF-R1_DPBMC_AU_STU_003_450x3752.jpg","contentUrl":"https:\/\/caldasmotos.com\/wp-content\/uploads\/2017\/03\/2020_YZF-R1_DPBMC_AU_STU_003_450x3752.jpg","width":494,"height":390},{"@type":"WebPage","@id":"http:\/\/caldasmotos.com\/index.php\/product\/r1-2015\/#webpage","url":"http:\/\/caldasmotos.com\/index.php\/product\/r1-2015\/","name":"R1 - CALDAS MOTOS","isPartOf":{"@id":"http:\/\/caldasmotos.com\/#website"},"primaryImageOfPage":{"@id":"http:\/\/caldasmotos.com\/index.php\/product\/r1-2015\/#primaryimage"},"datePublished":"2017-03-09T20:50:44+00:00","dateModified":"2020-10-22T14:01:43+00:00","description":"Caldas motos, yamaha manizales, manizales yamaha, yamaha, caldas yamaha","breadcrumb":{"@id":"http:\/\/caldasmotos.com\/index.php\/product\/r1-2015\/#breadcrumb"},"inLanguage":"es-CO","potentialAction":[{"@type":"ReadAction","target":["http:\/\/caldasmotos.com\/index.php\/product\/r1-2015\/"]}]},{"@type":"BreadcrumbList","@id":"http:\/\/caldasmotos.com\/index.php\/product\/r1-2015\/#breadcrumb","itemListElement":[{"@type":"ListItem","position":1,"name":"Home","item":"http:\/\/caldasmotos.com\/"},{"@type":"ListItem","position":2,"name":"Shop","item":"https:\/\/caldasmotos.com\/index.php\/shop\/"},{"@type":"ListItem","position":3,"name":"R1"}]}]}},"_links":{"self":[{"href":"https:\/\/caldasmotos.com\/index.php\/wp-json\/wp\/v2\/product\/302"}],"collection":[{"href":"https:\/\/caldasmotos.com\/index.php\/wp-json\/wp\/v2\/product"}],"about":[{"href":"https:\/\/caldasmotos.com\/index.php\/wp-json\/wp\/v2\/types\/product"}],"replies":[{"embeddable":true,"href":"https:\/\/caldasmotos.com\/index.php\/wp-json\/wp\/v2\/comments?post=302"}],"wp:featuredmedia":[{"embeddable":true,"href":"https:\/\/caldasmotos.com\/index.php\/wp-json\/wp\/v2\/media\/644"}],"wp:attachment":[{"href":"https:\/\/caldasmotos.com\/index.php\/wp-json\/wp\/v2\/media?parent=302"}],"wp:term":[{"taxonomy":"product_cat","embeddable":true,"href":"https:\/\/caldasmotos.com\/index.php\/wp-json\/wp\/v2\/product_cat?post=302"},{"taxonomy":"product_tag","embeddable":true,"href":"https:\/\/caldasmotos.com\/index.php\/wp-json\/wp\/v2\/product_tag?post=302"}],"curies":[{"name":"wp","href":"https:\/\/api.w.org\/{rel}","templated":true}]}}