{"id":314,"date":"2017-03-09T21:02:47","date_gmt":"2017-03-09T21:02:47","guid":{"rendered":"http:\/\/simbiosystemas-001-site6.gtempurl.com\/?post_type=product&#038;p=314"},"modified":"2020-11-04T15:13:07","modified_gmt":"2020-11-04T15:13:07","slug":"r15","status":"publish","type":"product","link":"https:\/\/caldasmotos.com\/index.php\/product\/r15\/","title":{"rendered":"R15 V3 ABS"},"content":{"rendered":"<div class=\"container specification-short\">\n<h2>ESPECIFICACIONES<\/h2>\n<div class=\"box-short\">\n<table>\n<tbody>\n<tr>\n<td>Cilindraje<\/td>\n<td>155 cc<\/td>\n<\/tr>\n<tr>\n<td>Peso (con aceite y tanque de gasolina lleno)<\/td>\n<td>140 kg<\/td>\n<\/tr>\n<tr>\n<td>Potencia m\u00e1xima<\/td>\n<td>19.3 Hp a 10000 rpm<\/td>\n<\/tr>\n<tr>\n<td>Torque m\u00e1ximo<\/td>\n<td>14.7 Nm a 8500 rpm<\/td>\n<\/tr>\n<tr>\n<td>Tipo de motor<\/td>\n<td>4 Tiempos SOHC, refrigerado por l\u00edquido, 4 v\u00e1lvulas<\/td>\n<\/tr>\n<\/tbody>\n<\/table>\n<\/div>\n<\/div>\n<div class=\"hidden-info\">\n<div class=\"container\">\n<div class=\"specification-info\">\n<table style=\"height: 1631px;\" width=\"549\">\n<tbody>\n<tr>\n<td width=\"221\">Altura al asiento<\/td>\n<td width=\"228\">815 mm<\/td>\n<\/tr>\n<tr>\n<td width=\"221\">Distancia entre ejes<\/td>\n<td width=\"228\">1325 mm<\/td>\n<\/tr>\n<tr>\n<td width=\"221\">Distancia m\u00ednima del piso<\/td>\n<td width=\"228\">170 mm<\/td>\n<\/tr>\n<tr>\n<td width=\"221\">Peso (Con aceite y tanque de gasolina lleno)<\/td>\n<td width=\"228\">140 Kg<\/td>\n<\/tr>\n<tr>\n<td width=\"221\">Tipo de motor<\/td>\n<td width=\"228\">4 Tiempos SOHC, refrigerado por l\u00edquido, 4 v\u00e1lvulas<\/td>\n<\/tr>\n<tr>\n<td width=\"221\">Disposici\u00f3n de los cilindros<\/td>\n<td width=\"228\">1 Cilindro inclinado hacia adelante<\/td>\n<\/tr>\n<tr>\n<td width=\"221\">Cilindraje:<\/td>\n<td width=\"228\">155CC<\/td>\n<\/tr>\n<tr>\n<td width=\"221\">Di\u00e1metro por carrera<\/td>\n<td width=\"228\">58.0 x 58.7mm<\/td>\n<\/tr>\n<tr>\n<td width=\"221\">Relaci\u00f3n de compresi\u00f3n:<\/td>\n<td width=\"228\">11.6 : 1<\/td>\n<\/tr>\n<tr>\n<td width=\"221\">Potencia M\u00e1xima:<\/td>\n<td width=\"228\">19.3 Hp a 10000 rpm<\/td>\n<\/tr>\n<tr>\n<td width=\"221\">Torque m\u00e1ximo<\/td>\n<td width=\"228\">14.7 Nm a 8500 rpm<\/td>\n<\/tr>\n<tr>\n<td width=\"221\">Arranque:<\/td>\n<td width=\"228\">Electrico<\/td>\n<\/tr>\n<tr>\n<td width=\"221\">Tipo de lubricaci\u00f3n<\/td>\n<td width=\"228\">C\u00e1rter h\u00famedo<\/td>\n<\/tr>\n<tr>\n<td width=\"221\">Sistema de alimentaci\u00f3n<\/td>\n<td width=\"228\">lnyecci\u00f3n de combustible<\/td>\n<\/tr>\n<tr>\n<td width=\"221\">Capacidad de combustible:<\/td>\n<td width=\"228\">11L<\/td>\n<\/tr>\n<tr>\n<td width=\"221\">Encendido:<\/td>\n<td width=\"228\">TCI<\/td>\n<\/tr>\n<tr>\n<td width=\"221\">Capacidad bater\u00eda<\/td>\n<td width=\"228\">12V, 5.0 Ah<\/td>\n<\/tr>\n<tr>\n<td width=\"221\">Bater\u00eda<\/td>\n<td width=\"228\">YTZ6v<\/td>\n<\/tr>\n<tr>\n<td width=\"221\">Sistema de reducci\u00f3n primaria<\/td>\n<td width=\"228\">Engranaje<\/td>\n<\/tr>\n<tr>\n<td width=\"221\">Relaci\u00f3n de reducci\u00f3n primaria<\/td>\n<td width=\"228\">73\/24=3.042<\/td>\n<\/tr>\n<tr>\n<td width=\"221\">Sistema de reducci\u00f3n secundaria<\/td>\n<td width=\"228\">Cadena<\/td>\n<\/tr>\n<tr>\n<td width=\"221\">Relaci\u00f3n de reducci\u00f3n secundaria<\/td>\n<td width=\"228\">48\/14 = 3.429<\/td>\n<\/tr>\n<tr>\n<td width=\"221\">Tipo de embrague<\/td>\n<td width=\"228\">Multidisco en aceite \/ Resorte en espiral<\/td>\n<\/tr>\n<tr>\n<td width=\"221\">Tipo de transmisi\u00f3n<\/td>\n<td width=\"228\">Transmisi\u00f3n constante de 6 velocidades<\/td>\n<\/tr>\n<tr>\n<td width=\"221\">Relaci\u00f3n de engranajes<\/td>\n<td width=\"228\">\u2014<\/td>\n<\/tr>\n<tr>\n<td width=\"221\">Relaci\u00f3n de transmisi\u00f3n en 1ra<\/td>\n<td width=\"228\">34\/12 (2.833)<\/td>\n<\/tr>\n<tr>\n<td width=\"221\">Relaci\u00f3n de transmisi\u00f3n en 2da<\/td>\n<td width=\"228\">30\/16 (1.875)<\/td>\n<\/tr>\n<tr>\n<td width=\"221\">Relaci\u00f3n de transmisi\u00f3n en 3ra<\/td>\n<td width=\"228\">30\/22 (1.364)<\/td>\n<\/tr>\n<tr>\n<td width=\"221\">Relaci\u00f3n de transmisi\u00f3n en 4ta<\/td>\n<td width=\"228\">24\/21 (1.143)<\/td>\n<\/tr>\n<tr>\n<td width=\"221\">Relaci\u00f3n de transmisi\u00f3n en 5ta<\/td>\n<td width=\"228\">22\/23(0.957)<\/td>\n<\/tr>\n<tr>\n<td width=\"221\">Relaci\u00f3n de transmisi\u00f3n en 6ta<\/td>\n<td width=\"228\">21\/25(0.840)<\/td>\n<\/tr>\n<tr>\n<td width=\"221\">Tipo de chasis<\/td>\n<td width=\"228\">Diamante<\/td>\n<\/tr>\n<tr>\n<td width=\"221\">Inclinaci\u00f3n<\/td>\n<td width=\"228\">25\u00b0 30\u2032<\/td>\n<\/tr>\n<tr>\n<td width=\"221\">Avance<\/td>\n<td width=\"228\">88mm<\/td>\n<\/tr>\n<tr>\n<td width=\"221\">Rueda delantera:<\/td>\n<td width=\"228\">100\/80 R17 M\/C 52P<\/td>\n<\/tr>\n<tr>\n<td width=\"221\">Rueda trasera:<\/td>\n<td width=\"228\">140\/70 R17 M\/C 66H<\/td>\n<\/tr>\n<tr>\n<td width=\"221\">Freno delantero:<\/td>\n<td width=\"228\">Disco<\/td>\n<\/tr>\n<tr>\n<td width=\"221\">Freno trasero:<\/td>\n<td width=\"228\">Disco<\/td>\n<\/tr>\n<tr>\n<td width=\"221\">Tipo de suspensi\u00f3n delantera<\/td>\n<td width=\"228\">Horquilla telesc\u00f3pica<\/td>\n<\/tr>\n<tr>\n<td width=\"221\">Tipo de suspensi\u00f3n trasera<\/td>\n<td width=\"228\">Basculante (Por bieletas)<\/td>\n<\/tr>\n<tr>\n<td width=\"221\">Luz principal<\/td>\n<td width=\"228\">LED<\/td>\n<\/tr>\n<tr>\n<td width=\"221\">Luz principal<\/td>\n<td width=\"228\">12V, 10W x2<\/td>\n<\/tr>\n<\/tbody>\n<\/table>\n<\/div>\n<\/div>\n<\/div>\n","protected":false},"excerpt":{"rendered":"<p>ESPECIFICACIONES Cilindraje 155 cc Peso (con aceite y tanque de gasolina lleno) 140 kg Potencia m\u00e1xima 19.3 Hp a 10000 rpm Torque m\u00e1ximo 14.7 Nm a 8500 rpm Tipo de motor 4 Tiempos SOHC, refrigerado por l\u00edquido, 4 v\u00e1lvulas Altura al asiento 815 mm Distancia entre ejes 1325 mm Distancia m\u00ednima del piso 170 mm <a href=\"https:\/\/caldasmotos.com\/index.php\/product\/r15\/\" rel=\"nofollow\"><span class=\"sr-only\">Read more about R15 V3 ABS<\/span>[&#8230;]<\/a><\/p>\n","protected":false},"featured_media":690,"comment_status":"open","ping_status":"closed","template":"","meta":{"_monsterinsights_skip_tracking":false,"_monsterinsights_sitenote_active":false,"_monsterinsights_sitenote_note":"","_monsterinsights_sitenote_category":0},"product_cat":[19],"product_tag":[],"aioseo_notices":[],"yoast_head":"<!-- This site is optimized with the Yoast SEO plugin v18.4.1 - https:\/\/yoast.com\/wordpress\/plugins\/seo\/ -->\r\n<title>R15 V3 ABS - CALDAS MOTOS<\/title>\r\n<meta name=\"description\" content=\"Caldas motos, yamaha manizales, manizales yamaha, yamaha, caldas yamaha\" \/>\r\n<meta name=\"robots\" content=\"index, follow, max-snippet:-1, max-image-preview:large, max-video-preview:-1\" \/>\r\n<link rel=\"canonical\" href=\"http:\/\/caldasmotos.com\/index.php\/product\/r15\/\" \/>\r\n<meta property=\"og:locale\" content=\"es_ES\" \/>\r\n<meta property=\"og:type\" content=\"article\" \/>\r\n<meta property=\"og:title\" content=\"R15 V3 ABS - CALDAS MOTOS\" \/>\r\n<meta property=\"og:description\" content=\"Caldas motos, yamaha manizales, manizales yamaha, yamaha, caldas yamaha\" \/>\r\n<meta property=\"og:url\" content=\"http:\/\/caldasmotos.com\/index.php\/product\/r15\/\" \/>\r\n<meta property=\"og:site_name\" content=\"CALDAS MOTOS\" \/>\r\n<meta property=\"article:modified_time\" content=\"2020-11-04T15:13:07+00:00\" \/>\r\n<meta property=\"og:image\" content=\"http:\/\/caldasmotos.com\/wp-content\/uploads\/2017\/03\/color2.png\" \/>\r\n\t<meta property=\"og:image:width\" content=\"608\" \/>\r\n\t<meta property=\"og:image:height\" content=\"571\" \/>\r\n\t<meta property=\"og:image:type\" content=\"image\/png\" \/>\r\n<meta name=\"twitter:card\" content=\"summary\" \/>\r\n<meta name=\"twitter:label1\" content=\"Tiempo estimado de lectura\" \/>\n\t<meta name=\"twitter:data1\" content=\"1 minuto\" \/>\r\n<script type=\"application\/ld+json\" class=\"yoast-schema-graph\">{\"@context\":\"https:\/\/schema.org\",\"@graph\":[{\"@type\":\"Organization\",\"@id\":\"https:\/\/caldasmotos.com\/#organization\",\"name\":\"distrimotosyamaha\",\"url\":\"https:\/\/caldasmotos.com\/\",\"sameAs\":[],\"logo\":{\"@type\":\"ImageObject\",\"@id\":\"https:\/\/caldasmotos.com\/#logo\",\"inLanguage\":\"es-CO\",\"url\":\"http:\/\/caldasmotos.com\/wp-content\/uploads\/2019\/10\/5-1.png\",\"contentUrl\":\"http:\/\/caldasmotos.com\/wp-content\/uploads\/2019\/10\/5-1.png\",\"width\":1924,\"height\":398,\"caption\":\"distrimotosyamaha\"},\"image\":{\"@id\":\"https:\/\/caldasmotos.com\/#logo\"}},{\"@type\":\"WebSite\",\"@id\":\"https:\/\/caldasmotos.com\/#website\",\"url\":\"https:\/\/caldasmotos.com\/\",\"name\":\"CALDAS MOTOS\",\"description\":\"Caldas motos, yamaha manizales, manizales yamaha, yamaha, caldas yamaha\",\"publisher\":{\"@id\":\"https:\/\/caldasmotos.com\/#organization\"},\"potentialAction\":[{\"@type\":\"SearchAction\",\"target\":{\"@type\":\"EntryPoint\",\"urlTemplate\":\"https:\/\/caldasmotos.com\/?s={search_term_string}\"},\"query-input\":\"required name=search_term_string\"}],\"inLanguage\":\"es-CO\"},{\"@type\":\"ImageObject\",\"@id\":\"http:\/\/caldasmotos.com\/index.php\/product\/r15\/#primaryimage\",\"inLanguage\":\"es-CO\",\"url\":\"https:\/\/caldasmotos.com\/wp-content\/uploads\/2017\/03\/color2.png\",\"contentUrl\":\"https:\/\/caldasmotos.com\/wp-content\/uploads\/2017\/03\/color2.png\",\"width\":608,\"height\":571},{\"@type\":\"WebPage\",\"@id\":\"http:\/\/caldasmotos.com\/index.php\/product\/r15\/#webpage\",\"url\":\"http:\/\/caldasmotos.com\/index.php\/product\/r15\/\",\"name\":\"R15 V3 ABS - CALDAS MOTOS\",\"isPartOf\":{\"@id\":\"https:\/\/caldasmotos.com\/#website\"},\"primaryImageOfPage\":{\"@id\":\"http:\/\/caldasmotos.com\/index.php\/product\/r15\/#primaryimage\"},\"datePublished\":\"2017-03-09T21:02:47+00:00\",\"dateModified\":\"2020-11-04T15:13:07+00:00\",\"description\":\"Caldas motos, yamaha manizales, manizales yamaha, yamaha, caldas yamaha\",\"breadcrumb\":{\"@id\":\"http:\/\/caldasmotos.com\/index.php\/product\/r15\/#breadcrumb\"},\"inLanguage\":\"es-CO\",\"potentialAction\":[{\"@type\":\"ReadAction\",\"target\":[\"http:\/\/caldasmotos.com\/index.php\/product\/r15\/\"]}]},{\"@type\":\"BreadcrumbList\",\"@id\":\"http:\/\/caldasmotos.com\/index.php\/product\/r15\/#breadcrumb\",\"itemListElement\":[{\"@type\":\"ListItem\",\"position\":1,\"name\":\"Home\",\"item\":\"https:\/\/caldasmotos.com\/\"},{\"@type\":\"ListItem\",\"position\":2,\"name\":\"Shop\",\"item\":\"https:\/\/caldasmotos.com\/index.php\/shop\/\"},{\"@type\":\"ListItem\",\"position\":3,\"name\":\"R15 V3 ABS\"}]}]}<\/script>\r\n<!-- \/ Yoast SEO plugin. -->","yoast_head_json":{"title":"R15 V3 ABS - CALDAS MOTOS","description":"Caldas motos, yamaha manizales, manizales yamaha, yamaha, caldas yamaha","robots":{"index":"index","follow":"follow","max-snippet":"max-snippet:-1","max-image-preview":"max-image-preview:large","max-video-preview":"max-video-preview:-1"},"canonical":"http:\/\/caldasmotos.com\/index.php\/product\/r15\/","og_locale":"es_ES","og_type":"article","og_title":"R15 V3 ABS - CALDAS MOTOS","og_description":"Caldas motos, yamaha manizales, manizales yamaha, yamaha, caldas yamaha","og_url":"http:\/\/caldasmotos.com\/index.php\/product\/r15\/","og_site_name":"CALDAS MOTOS","article_modified_time":"2020-11-04T15:13:07+00:00","og_image":[{"width":608,"height":571,"url":"http:\/\/caldasmotos.com\/wp-content\/uploads\/2017\/03\/color2.png","type":"image\/png"}],"twitter_card":"summary","twitter_misc":{"Tiempo estimado de lectura":"1 minuto"},"schema":{"@context":"https:\/\/schema.org","@graph":[{"@type":"Organization","@id":"https:\/\/caldasmotos.com\/#organization","name":"distrimotosyamaha","url":"https:\/\/caldasmotos.com\/","sameAs":[],"logo":{"@type":"ImageObject","@id":"https:\/\/caldasmotos.com\/#logo","inLanguage":"es-CO","url":"http:\/\/caldasmotos.com\/wp-content\/uploads\/2019\/10\/5-1.png","contentUrl":"http:\/\/caldasmotos.com\/wp-content\/uploads\/2019\/10\/5-1.png","width":1924,"height":398,"caption":"distrimotosyamaha"},"image":{"@id":"https:\/\/caldasmotos.com\/#logo"}},{"@type":"WebSite","@id":"https:\/\/caldasmotos.com\/#website","url":"https:\/\/caldasmotos.com\/","name":"CALDAS MOTOS","description":"Caldas motos, yamaha manizales, manizales yamaha, yamaha, caldas yamaha","publisher":{"@id":"https:\/\/caldasmotos.com\/#organization"},"potentialAction":[{"@type":"SearchAction","target":{"@type":"EntryPoint","urlTemplate":"https:\/\/caldasmotos.com\/?s={search_term_string}"},"query-input":"required name=search_term_string"}],"inLanguage":"es-CO"},{"@type":"ImageObject","@id":"http:\/\/caldasmotos.com\/index.php\/product\/r15\/#primaryimage","inLanguage":"es-CO","url":"https:\/\/caldasmotos.com\/wp-content\/uploads\/2017\/03\/color2.png","contentUrl":"https:\/\/caldasmotos.com\/wp-content\/uploads\/2017\/03\/color2.png","width":608,"height":571},{"@type":"WebPage","@id":"http:\/\/caldasmotos.com\/index.php\/product\/r15\/#webpage","url":"http:\/\/caldasmotos.com\/index.php\/product\/r15\/","name":"R15 V3 ABS - CALDAS MOTOS","isPartOf":{"@id":"https:\/\/caldasmotos.com\/#website"},"primaryImageOfPage":{"@id":"http:\/\/caldasmotos.com\/index.php\/product\/r15\/#primaryimage"},"datePublished":"2017-03-09T21:02:47+00:00","dateModified":"2020-11-04T15:13:07+00:00","description":"Caldas motos, yamaha manizales, manizales yamaha, yamaha, caldas yamaha","breadcrumb":{"@id":"http:\/\/caldasmotos.com\/index.php\/product\/r15\/#breadcrumb"},"inLanguage":"es-CO","potentialAction":[{"@type":"ReadAction","target":["http:\/\/caldasmotos.com\/index.php\/product\/r15\/"]}]},{"@type":"BreadcrumbList","@id":"http:\/\/caldasmotos.com\/index.php\/product\/r15\/#breadcrumb","itemListElement":[{"@type":"ListItem","position":1,"name":"Home","item":"https:\/\/caldasmotos.com\/"},{"@type":"ListItem","position":2,"name":"Shop","item":"https:\/\/caldasmotos.com\/index.php\/shop\/"},{"@type":"ListItem","position":3,"name":"R15 V3 ABS"}]}]}},"_links":{"self":[{"href":"https:\/\/caldasmotos.com\/index.php\/wp-json\/wp\/v2\/product\/314"}],"collection":[{"href":"https:\/\/caldasmotos.com\/index.php\/wp-json\/wp\/v2\/product"}],"about":[{"href":"https:\/\/caldasmotos.com\/index.php\/wp-json\/wp\/v2\/types\/product"}],"replies":[{"embeddable":true,"href":"https:\/\/caldasmotos.com\/index.php\/wp-json\/wp\/v2\/comments?post=314"}],"wp:featuredmedia":[{"embeddable":true,"href":"https:\/\/caldasmotos.com\/index.php\/wp-json\/wp\/v2\/media\/690"}],"wp:attachment":[{"href":"https:\/\/caldasmotos.com\/index.php\/wp-json\/wp\/v2\/media?parent=314"}],"wp:term":[{"taxonomy":"product_cat","embeddable":true,"href":"https:\/\/caldasmotos.com\/index.php\/wp-json\/wp\/v2\/product_cat?post=314"},{"taxonomy":"product_tag","embeddable":true,"href":"https:\/\/caldasmotos.com\/index.php\/wp-json\/wp\/v2\/product_tag?post=314"}],"curies":[{"name":"wp","href":"https:\/\/api.w.org\/{rel}","templated":true}]}}