{"id":331,"date":"2017-03-16T19:16:54","date_gmt":"2017-03-16T19:16:54","guid":{"rendered":"http:\/\/simbiosystemas-001-site6.gtempurl.com\/?post_type=product&#038;p=331"},"modified":"2020-10-22T13:35:02","modified_gmt":"2020-10-22T13:35:02","slug":"yz45of","status":"publish","type":"product","link":"https:\/\/caldasmotos.com\/index.php\/product\/yz45of\/","title":{"rendered":"Yz45of"},"content":{"rendered":"<h2>Especificaciones t\u00e9cnicas Yz 450 F<\/h2>\n<table class=\"tablaDetallesProducto\" border=\"0\" width=\"650\" cellspacing=\"1\" cellpadding=\"0\">\n<tbody>\n<tr>\n<td align=\"center\"><strong>Largo Total<\/strong><\/td>\n<td align=\"center\">2180mm<\/td>\n<\/tr>\n<tr>\n<td class=\"tdGrey\" align=\"center\"><strong>Ancho Total<\/strong><\/td>\n<td class=\"tdGrey\" align=\"center\">825mm<\/td>\n<\/tr>\n<tr>\n<td align=\"center\"><strong>Altura Total<\/strong><\/td>\n<td align=\"center\">1280mm<\/td>\n<\/tr>\n<tr>\n<td class=\"tdGrey\" align=\"center\"><strong>Altura al Asiento<\/strong><\/td>\n<td class=\"tdGrey\" align=\"center\">965mm<\/td>\n<\/tr>\n<tr>\n<td align=\"center\"><strong>Distancia entre Ejes<\/strong><\/td>\n<td align=\"center\">1480mm<\/td>\n<\/tr>\n<tr>\n<td class=\"tdGrey\" align=\"center\"><strong>Distancia m\u00ednima del Piso<\/strong><\/td>\n<td class=\"tdGrey\" align=\"center\">330mm<\/td>\n<\/tr>\n<tr>\n<td align=\"center\"><strong>Peso con aceite y tanque lleno<\/strong><\/td>\n<td align=\"center\">112kg<\/td>\n<\/tr>\n<tr>\n<td class=\"tdGrey\" align=\"center\"><strong>Tipo de Motor<\/strong><\/td>\n<td class=\"tdGrey\" align=\"center\">Refrigeraci\u00f3n l\u00edquida,4-tiempos, DOHC, 4 v\u00e1lvulas<\/td>\n<\/tr>\n<tr>\n<td align=\"center\"><strong>Disposici\u00f3n Cilindros<\/strong><\/td>\n<td align=\"center\">1 Cilindro<\/td>\n<\/tr>\n<tr>\n<td class=\"tdGrey\" align=\"center\"><strong>Cilindraje<\/strong><\/td>\n<td class=\"tdGrey\" align=\"center\">449cm3<\/td>\n<\/tr>\n<tr>\n<td align=\"center\"><strong>Di\u00e1metro por Carrera<\/strong><\/td>\n<td align=\"center\">97.0\u00d760.8mm<\/td>\n<\/tr>\n<tr>\n<td class=\"tdGrey\" align=\"center\"><strong>Relaci\u00f3n de Compresi\u00f3n<\/strong><\/td>\n<td class=\"tdGrey\" align=\"center\">12.5:1<\/td>\n<\/tr>\n<tr>\n<td align=\"center\"><strong>Arranque<\/strong><\/td>\n<td align=\"center\">Pedal<\/td>\n<\/tr>\n<tr>\n<td class=\"tdGrey\" align=\"center\"><strong>Tipo de Lubricaci\u00f3n<\/strong><\/td>\n<td class=\"tdGrey\" align=\"center\">C\u00e1rter h\u00famedo<\/td>\n<\/tr>\n<tr>\n<td align=\"center\"><strong>Capacidad de Combustible<\/strong><\/td>\n<td align=\"center\">7.5 L<\/td>\n<\/tr>\n<tr>\n<td class=\"tdGrey\" align=\"center\"><strong>Suministro de combustible<\/strong><\/td>\n<td class=\"tdGrey\" align=\"center\">Inyecci\u00f3n de combustible<\/td>\n<\/tr>\n<tr>\n<td align=\"center\"><strong>Encendido<\/strong><\/td>\n<td align=\"center\">TCI<\/td>\n<\/tr>\n<tr>\n<td align=\"center\"><strong>Relaci\u00f3n Reducci\u00f3n Primaria<\/strong><\/td>\n<td align=\"center\">2.609 (60\/23)<\/td>\n<\/tr>\n<tr>\n<td class=\"tdGrey\" align=\"center\"><strong>Sistema de Transmisi\u00f3n Final<\/strong><\/td>\n<td class=\"tdGrey\" align=\"center\">Cadena<\/td>\n<\/tr>\n<tr>\n<td align=\"center\"><strong>Relaci\u00f3n Reducci\u00f3n Secundaria<\/strong><\/td>\n<td align=\"center\">3.692 (48\/13)<\/td>\n<\/tr>\n<tr>\n<td class=\"tdGrey\" align=\"center\"><strong>Tipo de Embrague<\/strong><\/td>\n<td class=\"tdGrey\" align=\"center\">Multidisco h\u00famedo<\/td>\n<\/tr>\n<tr>\n<td align=\"center\"><strong>Tipo de Transmisi\u00f3n<\/strong><\/td>\n<td align=\"center\">Transmisi\u00f3n constante de 5 velocidades<\/td>\n<\/tr>\n<tr>\n<td class=\"tdGrey\" align=\"center\"><strong>Relaci\u00f3n Transmisi\u00f3n 1ra<\/strong><\/td>\n<td class=\"tdGrey\" align=\"center\">1.929 (27\/14)<\/td>\n<\/tr>\n<tr>\n<td align=\"center\"><strong>Relaci\u00f3n Transmisi\u00f3n 2da<\/strong><\/td>\n<td align=\"center\">1.533 (23\/15)<\/td>\n<\/tr>\n<tr>\n<td class=\"tdGrey\" align=\"center\"><strong>Relaci\u00f3n Transmisi\u00f3n 3ra<\/strong><\/td>\n<td class=\"tdGrey\" align=\"center\">1.300 (26\/20)<\/td>\n<\/tr>\n<tr>\n<td align=\"center\"><strong>Relaci\u00f3n Transmisi\u00f3n 4ta<\/strong><\/td>\n<td align=\"center\">1.091 (24\/22)<\/td>\n<\/tr>\n<tr>\n<td class=\"tdGrey\" align=\"center\"><strong>Relaci\u00f3n Transmisi\u00f3n 5ta<\/strong><\/td>\n<td class=\"tdGrey\" align=\"center\">0.952 (20\/21)<\/td>\n<\/tr>\n<tr>\n<td class=\"tdGrey\" align=\"center\"><strong>Rueda Delantera<\/strong><\/td>\n<td class=\"tdGrey\" align=\"center\">80\/100-21 51M<\/td>\n<\/tr>\n<tr>\n<td class=\"tdGrey\" align=\"center\"><strong>Rueda Trasera<\/strong><\/td>\n<td class=\"tdGrey\" align=\"center\">110\/90-19 62M<\/td>\n<\/tr>\n<tr>\n<td class=\"tdGrey\" align=\"center\"><strong>Freno Delantero<\/strong><\/td>\n<td class=\"tdGrey\" align=\"center\">Hidr\u00e1ulico, Disco de 270mm<\/td>\n<\/tr>\n<tr>\n<td class=\"tdGrey\" align=\"center\"><strong>Freno Trasero<\/strong><\/td>\n<td class=\"tdGrey\" align=\"center\">Hidr\u00e1ulico, Disco de 245mm<\/td>\n<\/tr>\n<tr>\n<td class=\"tdGrey\" align=\"center\"><strong>Tipo Suspensi\u00f3n Delantera<\/strong><\/td>\n<td class=\"tdGrey\" align=\"center\">Horquilla telesc\u00f3pica<\/td>\n<\/tr>\n<tr>\n<td class=\"tdGrey\" align=\"center\"><strong>Tipo Suspensi\u00f3n Trasera<\/strong><\/td>\n<td class=\"tdGrey\" align=\"center\">Basculante (por bieletas)<\/td>\n<\/tr>\n<\/tbody>\n<\/table>\n","protected":false},"excerpt":{"rendered":"<h1 style=\"text-align: center;\">YZ450F<\/h1>\n<p>Esta nueva edici\u00f3n incorpora un novedoso control de tracci\u00f3n para una mejor salida en pista, un freno delantero de 270 mm para mayor seguridad y control en las curvas.<\/p>\n<p>Todo esto sumado al conocido y confiable motor monocil\u00edndrico de inyecci\u00f3n con desplazamiento hacia atr\u00e1s, que la hace de m\u00e1s potencia y menos peso. El chasis compacto y su dise\u00f1o m\u00e1s agresivo la convierten en una m\u00e1quina potente para los terrenos m\u00e1s desafiantes.<\/p>\n","protected":false},"featured_media":332,"comment_status":"open","ping_status":"closed","template":"","meta":{"_monsterinsights_skip_tracking":false,"_monsterinsights_sitenote_active":false,"_monsterinsights_sitenote_note":"","_monsterinsights_sitenote_category":0},"product_cat":[21],"product_tag":[],"aioseo_notices":[],"yoast_head":"<!-- This site is optimized with the Yoast SEO plugin v18.4.1 - https:\/\/yoast.com\/wordpress\/plugins\/seo\/ -->\r\n<title>Yz45of - CALDAS MOTOS<\/title>\r\n<meta name=\"description\" content=\"Caldas motos, yamaha manizales, manizales yamaha, yamaha, caldas yamaha\" \/>\r\n<meta name=\"robots\" content=\"index, follow, max-snippet:-1, max-image-preview:large, max-video-preview:-1\" \/>\r\n<link rel=\"canonical\" href=\"http:\/\/caldasmotos.com\/index.php\/product\/yz45of\/\" \/>\r\n<meta property=\"og:locale\" content=\"es_ES\" \/>\r\n<meta property=\"og:type\" content=\"article\" \/>\r\n<meta property=\"og:title\" content=\"Yz45of - CALDAS MOTOS\" \/>\r\n<meta property=\"og:description\" content=\"Caldas motos, yamaha manizales, manizales yamaha, yamaha, caldas yamaha\" \/>\r\n<meta property=\"og:url\" content=\"http:\/\/caldasmotos.com\/index.php\/product\/yz45of\/\" \/>\r\n<meta property=\"og:site_name\" content=\"CALDAS MOTOS\" \/>\r\n<meta property=\"article:modified_time\" content=\"2020-10-22T13:35:02+00:00\" \/>\r\n<meta property=\"og:image\" content=\"http:\/\/caldasmotos.com\/wp-content\/uploads\/2017\/03\/yz450-01.png\" \/>\r\n\t<meta property=\"og:image:width\" content=\"494\" \/>\r\n\t<meta property=\"og:image:height\" content=\"438\" \/>\r\n\t<meta property=\"og:image:type\" content=\"image\/png\" \/>\r\n<meta name=\"twitter:card\" content=\"summary\" \/>\r\n<meta name=\"twitter:label1\" content=\"Tiempo estimado de lectura\" \/>\n\t<meta name=\"twitter:data1\" content=\"1 minuto\" \/>\r\n<script type=\"application\/ld+json\" class=\"yoast-schema-graph\">{\"@context\":\"https:\/\/schema.org\",\"@graph\":[{\"@type\":\"Organization\",\"@id\":\"https:\/\/caldasmotos.com\/#organization\",\"name\":\"distrimotosyamaha\",\"url\":\"https:\/\/caldasmotos.com\/\",\"sameAs\":[],\"logo\":{\"@type\":\"ImageObject\",\"@id\":\"https:\/\/caldasmotos.com\/#logo\",\"inLanguage\":\"es-CO\",\"url\":\"http:\/\/caldasmotos.com\/wp-content\/uploads\/2019\/10\/5-1.png\",\"contentUrl\":\"http:\/\/caldasmotos.com\/wp-content\/uploads\/2019\/10\/5-1.png\",\"width\":1924,\"height\":398,\"caption\":\"distrimotosyamaha\"},\"image\":{\"@id\":\"https:\/\/caldasmotos.com\/#logo\"}},{\"@type\":\"WebSite\",\"@id\":\"https:\/\/caldasmotos.com\/#website\",\"url\":\"https:\/\/caldasmotos.com\/\",\"name\":\"CALDAS MOTOS\",\"description\":\"Caldas motos, yamaha manizales, manizales yamaha, yamaha, caldas yamaha\",\"publisher\":{\"@id\":\"https:\/\/caldasmotos.com\/#organization\"},\"potentialAction\":[{\"@type\":\"SearchAction\",\"target\":{\"@type\":\"EntryPoint\",\"urlTemplate\":\"https:\/\/caldasmotos.com\/?s={search_term_string}\"},\"query-input\":\"required name=search_term_string\"}],\"inLanguage\":\"es-CO\"},{\"@type\":\"ImageObject\",\"@id\":\"http:\/\/caldasmotos.com\/index.php\/product\/yz45of\/#primaryimage\",\"inLanguage\":\"es-CO\",\"url\":\"https:\/\/caldasmotos.com\/wp-content\/uploads\/2017\/03\/yz450-01.png\",\"contentUrl\":\"https:\/\/caldasmotos.com\/wp-content\/uploads\/2017\/03\/yz450-01.png\",\"width\":494,\"height\":438},{\"@type\":\"WebPage\",\"@id\":\"http:\/\/caldasmotos.com\/index.php\/product\/yz45of\/#webpage\",\"url\":\"http:\/\/caldasmotos.com\/index.php\/product\/yz45of\/\",\"name\":\"Yz45of - CALDAS MOTOS\",\"isPartOf\":{\"@id\":\"https:\/\/caldasmotos.com\/#website\"},\"primaryImageOfPage\":{\"@id\":\"http:\/\/caldasmotos.com\/index.php\/product\/yz45of\/#primaryimage\"},\"datePublished\":\"2017-03-16T19:16:54+00:00\",\"dateModified\":\"2020-10-22T13:35:02+00:00\",\"description\":\"Caldas motos, yamaha manizales, manizales yamaha, yamaha, caldas yamaha\",\"breadcrumb\":{\"@id\":\"http:\/\/caldasmotos.com\/index.php\/product\/yz45of\/#breadcrumb\"},\"inLanguage\":\"es-CO\",\"potentialAction\":[{\"@type\":\"ReadAction\",\"target\":[\"http:\/\/caldasmotos.com\/index.php\/product\/yz45of\/\"]}]},{\"@type\":\"BreadcrumbList\",\"@id\":\"http:\/\/caldasmotos.com\/index.php\/product\/yz45of\/#breadcrumb\",\"itemListElement\":[{\"@type\":\"ListItem\",\"position\":1,\"name\":\"Home\",\"item\":\"https:\/\/caldasmotos.com\/\"},{\"@type\":\"ListItem\",\"position\":2,\"name\":\"Shop\",\"item\":\"https:\/\/caldasmotos.com\/index.php\/shop\/\"},{\"@type\":\"ListItem\",\"position\":3,\"name\":\"Yz45of\"}]}]}<\/script>\r\n<!-- \/ Yoast SEO plugin. -->","yoast_head_json":{"title":"Yz45of - CALDAS MOTOS","description":"Caldas motos, yamaha manizales, manizales yamaha, yamaha, caldas yamaha","robots":{"index":"index","follow":"follow","max-snippet":"max-snippet:-1","max-image-preview":"max-image-preview:large","max-video-preview":"max-video-preview:-1"},"canonical":"http:\/\/caldasmotos.com\/index.php\/product\/yz45of\/","og_locale":"es_ES","og_type":"article","og_title":"Yz45of - CALDAS MOTOS","og_description":"Caldas motos, yamaha manizales, manizales yamaha, yamaha, caldas yamaha","og_url":"http:\/\/caldasmotos.com\/index.php\/product\/yz45of\/","og_site_name":"CALDAS MOTOS","article_modified_time":"2020-10-22T13:35:02+00:00","og_image":[{"width":494,"height":438,"url":"http:\/\/caldasmotos.com\/wp-content\/uploads\/2017\/03\/yz450-01.png","type":"image\/png"}],"twitter_card":"summary","twitter_misc":{"Tiempo estimado de lectura":"1 minuto"},"schema":{"@context":"https:\/\/schema.org","@graph":[{"@type":"Organization","@id":"https:\/\/caldasmotos.com\/#organization","name":"distrimotosyamaha","url":"https:\/\/caldasmotos.com\/","sameAs":[],"logo":{"@type":"ImageObject","@id":"https:\/\/caldasmotos.com\/#logo","inLanguage":"es-CO","url":"http:\/\/caldasmotos.com\/wp-content\/uploads\/2019\/10\/5-1.png","contentUrl":"http:\/\/caldasmotos.com\/wp-content\/uploads\/2019\/10\/5-1.png","width":1924,"height":398,"caption":"distrimotosyamaha"},"image":{"@id":"https:\/\/caldasmotos.com\/#logo"}},{"@type":"WebSite","@id":"https:\/\/caldasmotos.com\/#website","url":"https:\/\/caldasmotos.com\/","name":"CALDAS MOTOS","description":"Caldas motos, yamaha manizales, manizales yamaha, yamaha, caldas yamaha","publisher":{"@id":"https:\/\/caldasmotos.com\/#organization"},"potentialAction":[{"@type":"SearchAction","target":{"@type":"EntryPoint","urlTemplate":"https:\/\/caldasmotos.com\/?s={search_term_string}"},"query-input":"required name=search_term_string"}],"inLanguage":"es-CO"},{"@type":"ImageObject","@id":"http:\/\/caldasmotos.com\/index.php\/product\/yz45of\/#primaryimage","inLanguage":"es-CO","url":"https:\/\/caldasmotos.com\/wp-content\/uploads\/2017\/03\/yz450-01.png","contentUrl":"https:\/\/caldasmotos.com\/wp-content\/uploads\/2017\/03\/yz450-01.png","width":494,"height":438},{"@type":"WebPage","@id":"http:\/\/caldasmotos.com\/index.php\/product\/yz45of\/#webpage","url":"http:\/\/caldasmotos.com\/index.php\/product\/yz45of\/","name":"Yz45of - CALDAS MOTOS","isPartOf":{"@id":"https:\/\/caldasmotos.com\/#website"},"primaryImageOfPage":{"@id":"http:\/\/caldasmotos.com\/index.php\/product\/yz45of\/#primaryimage"},"datePublished":"2017-03-16T19:16:54+00:00","dateModified":"2020-10-22T13:35:02+00:00","description":"Caldas motos, yamaha manizales, manizales yamaha, yamaha, caldas yamaha","breadcrumb":{"@id":"http:\/\/caldasmotos.com\/index.php\/product\/yz45of\/#breadcrumb"},"inLanguage":"es-CO","potentialAction":[{"@type":"ReadAction","target":["http:\/\/caldasmotos.com\/index.php\/product\/yz45of\/"]}]},{"@type":"BreadcrumbList","@id":"http:\/\/caldasmotos.com\/index.php\/product\/yz45of\/#breadcrumb","itemListElement":[{"@type":"ListItem","position":1,"name":"Home","item":"https:\/\/caldasmotos.com\/"},{"@type":"ListItem","position":2,"name":"Shop","item":"https:\/\/caldasmotos.com\/index.php\/shop\/"},{"@type":"ListItem","position":3,"name":"Yz45of"}]}]}},"_links":{"self":[{"href":"https:\/\/caldasmotos.com\/index.php\/wp-json\/wp\/v2\/product\/331"}],"collection":[{"href":"https:\/\/caldasmotos.com\/index.php\/wp-json\/wp\/v2\/product"}],"about":[{"href":"https:\/\/caldasmotos.com\/index.php\/wp-json\/wp\/v2\/types\/product"}],"replies":[{"embeddable":true,"href":"https:\/\/caldasmotos.com\/index.php\/wp-json\/wp\/v2\/comments?post=331"}],"wp:featuredmedia":[{"embeddable":true,"href":"https:\/\/caldasmotos.com\/index.php\/wp-json\/wp\/v2\/media\/332"}],"wp:attachment":[{"href":"https:\/\/caldasmotos.com\/index.php\/wp-json\/wp\/v2\/media?parent=331"}],"wp:term":[{"taxonomy":"product_cat","embeddable":true,"href":"https:\/\/caldasmotos.com\/index.php\/wp-json\/wp\/v2\/product_cat?post=331"},{"taxonomy":"product_tag","embeddable":true,"href":"https:\/\/caldasmotos.com\/index.php\/wp-json\/wp\/v2\/product_tag?post=331"}],"curies":[{"name":"wp","href":"https:\/\/api.w.org\/{rel}","templated":true}]}}