{"id":333,"date":"2017-03-16T19:18:47","date_gmt":"2017-03-16T19:18:47","guid":{"rendered":"http:\/\/simbiosystemas-001-site6.gtempurl.com\/?post_type=product&#038;p=333"},"modified":"2020-05-28T20:45:27","modified_gmt":"2020-05-28T20:45:27","slug":"wr45of","status":"publish","type":"product","link":"https:\/\/caldasmotos.com\/index.php\/product\/wr45of\/","title":{"rendered":"WR45OF"},"content":{"rendered":"<h2 style=\"text-align: center;\">Especificaciones t\u00e9cnicas WR 450 F<\/h2>\n<table class=\"tablaDetallesProducto\" border=\"0\" cellspacing=\"1\" cellpadding=\"0\">\n<tbody>\n<tr>\n<td class=\"tdGrey\" align=\"center\"><strong>C\u00f3digo de modelo<\/strong><\/td>\n<td class=\"tdGrey\" align=\"center\">1DX5<\/td>\n<\/tr>\n<tr>\n<td align=\"center\"><strong>Tipo de Motor<\/strong><\/td>\n<td align=\"center\">4 tiempos. Enfriado por l\u00edquido. 5 v\u00e1lvulas. DOHC<\/td>\n<\/tr>\n<tr>\n<td class=\"tdGrey\" align=\"center\"><strong>Cilindrada<\/strong><\/td>\n<td class=\"tdGrey\" align=\"center\">449cc<\/td>\n<\/tr>\n<tr>\n<td align=\"center\"><strong>Calibre por carrera<\/strong><\/td>\n<td align=\"center\">95,0mm x 63,4mm<\/td>\n<\/tr>\n<tr>\n<td class=\"tdGrey\" align=\"center\"><strong>Relaci\u00f3n de compresi\u00f3n<\/strong><\/td>\n<td class=\"tdGrey\" align=\"center\">12,3:1<\/td>\n<\/tr>\n<tr>\n<td align=\"center\"><strong>Potencia m\u00e1xima<\/strong><\/td>\n<td align=\"center\">N.D.<\/td>\n<\/tr>\n<tr>\n<td class=\"tdGrey\" align=\"center\"><strong>Torque m\u00e1ximo<\/strong><\/td>\n<td class=\"tdGrey\" align=\"center\">N.D.<\/td>\n<\/tr>\n<tr>\n<td align=\"center\"><strong>Sistema de arranque<\/strong><\/td>\n<td align=\"center\">El\u00e9ctrico y crank<\/td>\n<\/tr>\n<tr>\n<td class=\"tdGrey\" align=\"center\"><strong>Tipo de lubricaci\u00f3n<\/strong><\/td>\n<td class=\"tdGrey\" align=\"center\">C\u00e1rter seco<\/td>\n<\/tr>\n<tr>\n<td align=\"center\"><strong>Capacidad del tanque de combustible<\/strong><\/td>\n<td align=\"center\">1,98gal<\/td>\n<\/tr>\n<tr>\n<td class=\"tdGrey\" align=\"center\"><strong>Sistema de encendido<\/strong><\/td>\n<td class=\"tdGrey\" align=\"center\">T.C.I.<\/td>\n<\/tr>\n<tr>\n<td align=\"center\"><strong>Relaci\u00f3n de reducci\u00f3n primaria \/ secundaria<\/strong><\/td>\n<td align=\"center\">61-23 \/ 50-13<\/td>\n<\/tr>\n<tr>\n<td class=\"tdGrey\" align=\"center\"><strong>Tipo de embrague<\/strong><\/td>\n<td class=\"tdGrey\" align=\"center\">Mec\u00e1nico, multidiscos<\/td>\n<\/tr>\n<tr>\n<td align=\"center\"><strong>Tipo de transmisi\u00f3n<\/strong><\/td>\n<td align=\"center\">5 velocidades<\/td>\n<\/tr>\n<tr>\n<td class=\"tdGrey\" align=\"center\"><strong>Relaci\u00f3n de engranajes<\/strong><\/td>\n<td class=\"tdGrey\" align=\"center\">N.D.<\/td>\n<\/tr>\n<tr>\n<td align=\"center\"><strong>Tipo de chasis<\/strong><\/td>\n<td align=\"center\">Cuna semidoble en aluminio<\/td>\n<\/tr>\n<tr>\n<td class=\"tdGrey\" align=\"center\"><strong>Inclinaci\u00f3n \/ avance<\/strong><\/td>\n<td class=\"tdGrey\" align=\"center\">27o \/ 117mm<\/td>\n<\/tr>\n<tr>\n<td align=\"center\"><strong>Tama\u00f1o llanta delantera \/ trasera<\/strong><\/td>\n<td align=\"center\">80 \/ 100-21<\/td>\n<\/tr>\n<tr>\n<td class=\"tdGrey\" align=\"center\"><strong>Tama\u00f1o llanta delantera \/ trasera<\/strong><\/td>\n<td class=\"tdGrey\" align=\"center\">120 \/ 90-18<\/td>\n<\/tr>\n<tr>\n<td align=\"center\"><strong>Tipo de suspensi\u00f3n delantera<\/strong><\/td>\n<td align=\"center\">Telesc\u00f3pica invertida<\/td>\n<\/tr>\n<tr>\n<td class=\"tdGrey\" align=\"center\"><strong>Tipo de suspensi\u00f3n trasera<\/strong><\/td>\n<td class=\"tdGrey\" align=\"center\">Un solo amortiguador<\/td>\n<\/tr>\n<tr>\n<td align=\"center\"><strong>Bater\u00eda<\/strong><\/td>\n<td align=\"center\">12V<\/td>\n<\/tr>\n<tr>\n<td class=\"tdGrey\" align=\"center\"><strong>Luz principal<\/strong><\/td>\n<td class=\"tdGrey\" align=\"center\">35W<\/td>\n<\/tr>\n<tr>\n<td align=\"center\"><strong>Largo total x ancho x alto<\/strong><\/td>\n<td align=\"center\">2.160mm x 825mm x 1.275mm<\/td>\n<\/tr>\n<tr>\n<td class=\"tdGrey\" align=\"center\"><strong>Altura del asiento<\/strong><\/td>\n<td class=\"tdGrey\" align=\"center\">960mm<\/td>\n<\/tr>\n<tr>\n<td align=\"center\"><strong>Distancia entre ejes<\/strong><\/td>\n<td align=\"center\">1,465mm<\/td>\n<\/tr>\n<tr>\n<td class=\"tdGrey\" align=\"center\"><strong>Distancia m\u00ednima del piso<\/strong><\/td>\n<td class=\"tdGrey\" align=\"center\">335mm<\/td>\n<\/tr>\n<tr>\n<td align=\"center\"><strong>Peso en seco \/ peso total<\/strong><\/td>\n<td align=\"center\">124kg<\/td>\n<\/tr>\n<\/tbody>\n<\/table>\n","protected":false},"excerpt":{"rendered":"<h1 style=\"text-align: center;\">WR 450 F<\/h1>\n<p>Con su incre\u00edble fuerza la WR 450F esta lista para desafiar cualquier terreno. Ahora m\u00e1s ligera y f\u00e1cil de conducir gracias a su nuevo chasis y horquilla delantera con barras de 46 mm. Tiene un motor de 4 tiempos monocil\u00edndrico, DOHC, 5 v\u00e1lvulas de titanio, 449 cc. Arranque el\u00e9ctrico para mayor confort. Los terrenos por los que circulan los pilotos de enduro son muy diferentes a los de los pilotos de motocross, y por este motivo la WR 450F y WR 250F est\u00e1n equipadas con nuevos componentes internos en la horquilla delantera. Suspensi\u00f3n delantera telesc\u00f3pica invertida.<\/p>\n","protected":false},"featured_media":334,"comment_status":"open","ping_status":"closed","template":"","meta":{"_monsterinsights_skip_tracking":false,"_monsterinsights_sitenote_active":false,"_monsterinsights_sitenote_note":"","_monsterinsights_sitenote_category":0},"product_cat":[21],"product_tag":[],"aioseo_notices":[],"yoast_head":"<!-- This site is optimized with the Yoast SEO plugin v18.4.1 - https:\/\/yoast.com\/wordpress\/plugins\/seo\/ -->\r\n<title>WR45OF - CALDAS MOTOS<\/title>\r\n<meta name=\"description\" content=\"Caldas motos, yamaha manizales, manizales yamaha, yamaha, caldas yamaha\" \/>\r\n<meta name=\"robots\" content=\"index, follow, max-snippet:-1, max-image-preview:large, max-video-preview:-1\" \/>\r\n<link rel=\"canonical\" href=\"http:\/\/caldasmotos.com\/index.php\/product\/wr45of\/\" \/>\r\n<meta property=\"og:locale\" content=\"es_ES\" \/>\r\n<meta property=\"og:type\" content=\"article\" \/>\r\n<meta property=\"og:title\" content=\"WR45OF - CALDAS MOTOS\" \/>\r\n<meta property=\"og:description\" content=\"Caldas motos, yamaha manizales, manizales yamaha, yamaha, caldas yamaha\" \/>\r\n<meta property=\"og:url\" content=\"http:\/\/caldasmotos.com\/index.php\/product\/wr45of\/\" \/>\r\n<meta property=\"og:site_name\" content=\"CALDAS MOTOS\" \/>\r\n<meta property=\"article:modified_time\" content=\"2020-05-28T20:45:27+00:00\" \/>\r\n<meta property=\"og:image\" content=\"http:\/\/caldasmotos.com\/wp-content\/uploads\/2017\/03\/wr450f-01.png\" \/>\r\n\t<meta property=\"og:image:width\" content=\"494\" \/>\r\n\t<meta property=\"og:image:height\" content=\"438\" \/>\r\n\t<meta property=\"og:image:type\" content=\"image\/png\" \/>\r\n<meta name=\"twitter:card\" content=\"summary\" \/>\r\n<meta name=\"twitter:label1\" content=\"Tiempo estimado de lectura\" \/>\n\t<meta name=\"twitter:data1\" content=\"1 minuto\" \/>\r\n<script type=\"application\/ld+json\" class=\"yoast-schema-graph\">{\"@context\":\"https:\/\/schema.org\",\"@graph\":[{\"@type\":\"Organization\",\"@id\":\"http:\/\/caldasmotos.com\/#organization\",\"name\":\"distrimotosyamaha\",\"url\":\"http:\/\/caldasmotos.com\/\",\"sameAs\":[],\"logo\":{\"@type\":\"ImageObject\",\"@id\":\"http:\/\/caldasmotos.com\/#logo\",\"inLanguage\":\"es-CO\",\"url\":\"http:\/\/caldasmotos.com\/wp-content\/uploads\/2019\/10\/5-1.png\",\"contentUrl\":\"http:\/\/caldasmotos.com\/wp-content\/uploads\/2019\/10\/5-1.png\",\"width\":1924,\"height\":398,\"caption\":\"distrimotosyamaha\"},\"image\":{\"@id\":\"http:\/\/caldasmotos.com\/#logo\"}},{\"@type\":\"WebSite\",\"@id\":\"http:\/\/caldasmotos.com\/#website\",\"url\":\"http:\/\/caldasmotos.com\/\",\"name\":\"CALDAS MOTOS\",\"description\":\"Caldas motos, yamaha manizales, manizales yamaha, yamaha, caldas yamaha\",\"publisher\":{\"@id\":\"http:\/\/caldasmotos.com\/#organization\"},\"potentialAction\":[{\"@type\":\"SearchAction\",\"target\":{\"@type\":\"EntryPoint\",\"urlTemplate\":\"http:\/\/caldasmotos.com\/?s={search_term_string}\"},\"query-input\":\"required name=search_term_string\"}],\"inLanguage\":\"es-CO\"},{\"@type\":\"ImageObject\",\"@id\":\"http:\/\/caldasmotos.com\/index.php\/product\/wr45of\/#primaryimage\",\"inLanguage\":\"es-CO\",\"url\":\"https:\/\/caldasmotos.com\/wp-content\/uploads\/2017\/03\/wr450f-01.png\",\"contentUrl\":\"https:\/\/caldasmotos.com\/wp-content\/uploads\/2017\/03\/wr450f-01.png\",\"width\":494,\"height\":438},{\"@type\":\"WebPage\",\"@id\":\"http:\/\/caldasmotos.com\/index.php\/product\/wr45of\/#webpage\",\"url\":\"http:\/\/caldasmotos.com\/index.php\/product\/wr45of\/\",\"name\":\"WR45OF - CALDAS MOTOS\",\"isPartOf\":{\"@id\":\"http:\/\/caldasmotos.com\/#website\"},\"primaryImageOfPage\":{\"@id\":\"http:\/\/caldasmotos.com\/index.php\/product\/wr45of\/#primaryimage\"},\"datePublished\":\"2017-03-16T19:18:47+00:00\",\"dateModified\":\"2020-05-28T20:45:27+00:00\",\"description\":\"Caldas motos, yamaha manizales, manizales yamaha, yamaha, caldas yamaha\",\"breadcrumb\":{\"@id\":\"http:\/\/caldasmotos.com\/index.php\/product\/wr45of\/#breadcrumb\"},\"inLanguage\":\"es-CO\",\"potentialAction\":[{\"@type\":\"ReadAction\",\"target\":[\"http:\/\/caldasmotos.com\/index.php\/product\/wr45of\/\"]}]},{\"@type\":\"BreadcrumbList\",\"@id\":\"http:\/\/caldasmotos.com\/index.php\/product\/wr45of\/#breadcrumb\",\"itemListElement\":[{\"@type\":\"ListItem\",\"position\":1,\"name\":\"Home\",\"item\":\"http:\/\/caldasmotos.com\/\"},{\"@type\":\"ListItem\",\"position\":2,\"name\":\"Shop\",\"item\":\"https:\/\/caldasmotos.com\/index.php\/shop\/\"},{\"@type\":\"ListItem\",\"position\":3,\"name\":\"WR45OF\"}]}]}<\/script>\r\n<!-- \/ Yoast SEO plugin. -->","yoast_head_json":{"title":"WR45OF - CALDAS MOTOS","description":"Caldas motos, yamaha manizales, manizales yamaha, yamaha, caldas yamaha","robots":{"index":"index","follow":"follow","max-snippet":"max-snippet:-1","max-image-preview":"max-image-preview:large","max-video-preview":"max-video-preview:-1"},"canonical":"http:\/\/caldasmotos.com\/index.php\/product\/wr45of\/","og_locale":"es_ES","og_type":"article","og_title":"WR45OF - CALDAS MOTOS","og_description":"Caldas motos, yamaha manizales, manizales yamaha, yamaha, caldas yamaha","og_url":"http:\/\/caldasmotos.com\/index.php\/product\/wr45of\/","og_site_name":"CALDAS MOTOS","article_modified_time":"2020-05-28T20:45:27+00:00","og_image":[{"width":494,"height":438,"url":"http:\/\/caldasmotos.com\/wp-content\/uploads\/2017\/03\/wr450f-01.png","type":"image\/png"}],"twitter_card":"summary","twitter_misc":{"Tiempo estimado de lectura":"1 minuto"},"schema":{"@context":"https:\/\/schema.org","@graph":[{"@type":"Organization","@id":"http:\/\/caldasmotos.com\/#organization","name":"distrimotosyamaha","url":"http:\/\/caldasmotos.com\/","sameAs":[],"logo":{"@type":"ImageObject","@id":"http:\/\/caldasmotos.com\/#logo","inLanguage":"es-CO","url":"http:\/\/caldasmotos.com\/wp-content\/uploads\/2019\/10\/5-1.png","contentUrl":"http:\/\/caldasmotos.com\/wp-content\/uploads\/2019\/10\/5-1.png","width":1924,"height":398,"caption":"distrimotosyamaha"},"image":{"@id":"http:\/\/caldasmotos.com\/#logo"}},{"@type":"WebSite","@id":"http:\/\/caldasmotos.com\/#website","url":"http:\/\/caldasmotos.com\/","name":"CALDAS MOTOS","description":"Caldas motos, yamaha manizales, manizales yamaha, yamaha, caldas yamaha","publisher":{"@id":"http:\/\/caldasmotos.com\/#organization"},"potentialAction":[{"@type":"SearchAction","target":{"@type":"EntryPoint","urlTemplate":"http:\/\/caldasmotos.com\/?s={search_term_string}"},"query-input":"required name=search_term_string"}],"inLanguage":"es-CO"},{"@type":"ImageObject","@id":"http:\/\/caldasmotos.com\/index.php\/product\/wr45of\/#primaryimage","inLanguage":"es-CO","url":"https:\/\/caldasmotos.com\/wp-content\/uploads\/2017\/03\/wr450f-01.png","contentUrl":"https:\/\/caldasmotos.com\/wp-content\/uploads\/2017\/03\/wr450f-01.png","width":494,"height":438},{"@type":"WebPage","@id":"http:\/\/caldasmotos.com\/index.php\/product\/wr45of\/#webpage","url":"http:\/\/caldasmotos.com\/index.php\/product\/wr45of\/","name":"WR45OF - CALDAS MOTOS","isPartOf":{"@id":"http:\/\/caldasmotos.com\/#website"},"primaryImageOfPage":{"@id":"http:\/\/caldasmotos.com\/index.php\/product\/wr45of\/#primaryimage"},"datePublished":"2017-03-16T19:18:47+00:00","dateModified":"2020-05-28T20:45:27+00:00","description":"Caldas motos, yamaha manizales, manizales yamaha, yamaha, caldas yamaha","breadcrumb":{"@id":"http:\/\/caldasmotos.com\/index.php\/product\/wr45of\/#breadcrumb"},"inLanguage":"es-CO","potentialAction":[{"@type":"ReadAction","target":["http:\/\/caldasmotos.com\/index.php\/product\/wr45of\/"]}]},{"@type":"BreadcrumbList","@id":"http:\/\/caldasmotos.com\/index.php\/product\/wr45of\/#breadcrumb","itemListElement":[{"@type":"ListItem","position":1,"name":"Home","item":"http:\/\/caldasmotos.com\/"},{"@type":"ListItem","position":2,"name":"Shop","item":"https:\/\/caldasmotos.com\/index.php\/shop\/"},{"@type":"ListItem","position":3,"name":"WR45OF"}]}]}},"_links":{"self":[{"href":"https:\/\/caldasmotos.com\/index.php\/wp-json\/wp\/v2\/product\/333"}],"collection":[{"href":"https:\/\/caldasmotos.com\/index.php\/wp-json\/wp\/v2\/product"}],"about":[{"href":"https:\/\/caldasmotos.com\/index.php\/wp-json\/wp\/v2\/types\/product"}],"replies":[{"embeddable":true,"href":"https:\/\/caldasmotos.com\/index.php\/wp-json\/wp\/v2\/comments?post=333"}],"wp:featuredmedia":[{"embeddable":true,"href":"https:\/\/caldasmotos.com\/index.php\/wp-json\/wp\/v2\/media\/334"}],"wp:attachment":[{"href":"https:\/\/caldasmotos.com\/index.php\/wp-json\/wp\/v2\/media?parent=333"}],"wp:term":[{"taxonomy":"product_cat","embeddable":true,"href":"https:\/\/caldasmotos.com\/index.php\/wp-json\/wp\/v2\/product_cat?post=333"},{"taxonomy":"product_tag","embeddable":true,"href":"https:\/\/caldasmotos.com\/index.php\/wp-json\/wp\/v2\/product_tag?post=333"}],"curies":[{"name":"wp","href":"https:\/\/api.w.org\/{rel}","templated":true}]}}