{"id":341,"date":"2017-03-16T19:31:15","date_gmt":"2017-03-16T19:31:15","guid":{"rendered":"http:\/\/simbiosystemas-001-site6.gtempurl.com\/?post_type=product&#038;p=341"},"modified":"2020-10-22T13:28:02","modified_gmt":"2020-10-22T13:28:02","slug":"raptor700","status":"publish","type":"product","link":"https:\/\/caldasmotos.com\/index.php\/product\/raptor700\/","title":{"rendered":"Raptor700"},"content":{"rendered":"<h2>Especificaciones t\u00e9cnicas RAPTOR 700<\/h2>\n<table class=\"tablaDetallesProducto\" border=\"0\" cellspacing=\"1\" cellpadding=\"0\">\n<tbody>\n<tr>\n<td class=\"tdGrey\" align=\"center\"><strong>Descripci\u00f3n<\/strong><\/td>\n<td class=\"tdGrey\" align=\"center\">Raptor 700<\/td>\n<\/tr>\n<tr>\n<td align=\"center\"><strong>C\u00f3digo de modelo<\/strong><\/td>\n<td align=\"center\">1VS9<\/td>\n<\/tr>\n<tr>\n<td align=\"center\"><strong>Tipo de Motor<\/strong><\/td>\n<td align=\"center\">4 tiempos. Refrigerado por l\u00edquido. 4 v\u00e1lvulas. SOHC<\/td>\n<\/tr>\n<tr>\n<td class=\"tdGrey\" align=\"center\"><strong>Cilindrada<\/strong><\/td>\n<td class=\"tdGrey\" align=\"center\">686 CC<\/td>\n<\/tr>\n<tr>\n<td align=\"center\"><strong>Calibre por carrera<\/strong><\/td>\n<td align=\"center\">102,0mm x 84,0mm<\/td>\n<\/tr>\n<tr>\n<td class=\"tdGrey\" align=\"center\"><strong>Relaci\u00f3n de compresi\u00f3n<\/strong><\/td>\n<td class=\"tdGrey\" align=\"center\">9,2:1<\/td>\n<\/tr>\n<tr>\n<td align=\"center\"><strong>Potencia m\u00e1xima<\/strong><\/td>\n<td align=\"center\">N.D.<\/td>\n<\/tr>\n<tr>\n<td class=\"tdGrey\" align=\"center\"><strong>Torque m\u00e1ximo<\/strong><\/td>\n<td class=\"tdGrey\" align=\"center\">N.D.<\/td>\n<\/tr>\n<tr>\n<td align=\"center\"><strong>Sistema de arranque<\/strong><\/td>\n<td align=\"center\">El\u00e9ctrico<\/td>\n<\/tr>\n<tr>\n<td class=\"tdGrey\" align=\"center\"><strong>Tipo de lubricaci\u00f3n<\/strong><\/td>\n<td class=\"tdGrey\" align=\"center\">C\u00e1rter seco<\/td>\n<\/tr>\n<tr>\n<td align=\"center\"><strong>Capacidad del tanque de combustible<\/strong><\/td>\n<td align=\"center\">2,9gal<\/td>\n<\/tr>\n<tr>\n<td class=\"tdGrey\" align=\"center\"><strong>Sistema de encendido<\/strong><\/td>\n<td class=\"tdGrey\" align=\"center\">T.C.I.<\/td>\n<\/tr>\n<tr>\n<td align=\"center\"><strong>Relaci\u00f3n de reducci\u00f3n primaria \/ secundaria<\/strong><\/td>\n<td align=\"center\">N.D.<\/td>\n<\/tr>\n<tr>\n<td class=\"tdGrey\" align=\"center\"><strong>Tipo de embrague<\/strong><\/td>\n<td class=\"tdGrey\" align=\"center\">Mec\u00e1nico, multidiscos<\/td>\n<\/tr>\n<tr>\n<td align=\"center\"><strong>Tipo de transmisi\u00f3n<\/strong><\/td>\n<td align=\"center\">5 velocidades con reversa<\/td>\n<\/tr>\n<tr>\n<td class=\"tdGrey\" align=\"center\"><strong>Relaci\u00f3n de engranajes<\/strong><\/td>\n<td class=\"tdGrey\" align=\"center\">N.D.<\/td>\n<\/tr>\n<tr>\n<td align=\"center\"><strong>Tipo de chasis<\/strong><\/td>\n<td align=\"center\">Tubular y fundici\u00f3n de aluminio<\/td>\n<\/tr>\n<tr>\n<td class=\"tdGrey\" align=\"center\"><strong>Inclinaci\u00f3n \/ avance<\/strong><\/td>\n<td class=\"tdGrey\" align=\"center\">5\u00b0 &#8211; 21mm<\/td>\n<\/tr>\n<tr>\n<td align=\"center\"><strong>Tama\u00f1o llanta delantera \/ trasera<\/strong><\/td>\n<td align=\"center\">AT21 x 7-10 \/ AT20 x 10-9<\/td>\n<\/tr>\n<tr>\n<td class=\"tdGrey\" align=\"center\"><strong>Tipo de frenos adelante \/ atras<\/strong><\/td>\n<td class=\"tdGrey\" align=\"center\">Doble Disco \/ Disco<\/td>\n<\/tr>\n<tr>\n<td align=\"center\"><strong>Tipo de suspensi\u00f3n delantera<\/strong><\/td>\n<td align=\"center\">Doble independiente, ajustable en precarga 5 posiciones*<\/td>\n<\/tr>\n<tr>\n<td class=\"tdGrey\" align=\"center\"><strong>Tipo de suspensi\u00f3n trasera<\/strong><\/td>\n<td class=\"tdGrey\" align=\"center\">Basculante por bieletas (un solo amortiguador, ajustable en precarga)*<\/td>\n<\/tr>\n<tr>\n<td align=\"center\"><strong>Bater\u00eda<\/strong><\/td>\n<td align=\"center\">12V<\/td>\n<\/tr>\n<tr>\n<td class=\"tdGrey\" align=\"center\"><strong>Luz principal<\/strong><\/td>\n<td class=\"tdGrey\" align=\"center\">Doble 30 x 30W<\/td>\n<\/tr>\n<tr>\n<td align=\"center\"><strong>Largo total x ancho x alto<\/strong><\/td>\n<td align=\"center\">1.845 x 1.155 x 1.115 mm<\/td>\n<\/tr>\n<tr>\n<td class=\"tdGrey\" align=\"center\"><strong>Altura del asiento<\/strong><\/td>\n<td class=\"tdGrey\" align=\"center\">830 mm<\/td>\n<\/tr>\n<tr>\n<td align=\"center\"><strong>Distancia entre ejes<\/strong><\/td>\n<td align=\"center\">1.280 mm<\/td>\n<\/tr>\n<tr>\n<td class=\"tdGrey\" align=\"center\"><strong>Distancia m\u00ednima del piso<\/strong><\/td>\n<td class=\"tdGrey\" align=\"center\">240 mm<\/td>\n<\/tr>\n<tr>\n<td align=\"center\"><strong>Peso en seco \/ peso total<\/strong><\/td>\n<td align=\"center\">192 kg<\/td>\n<\/tr>\n<\/tbody>\n<\/table>\n","protected":false},"excerpt":{"rendered":"<h1 style=\"text-align: center;\">RAPTOR 700<\/h1>\n<p>Para los que buscan diversi\u00f3n la Raptor 700 es la mejor opci\u00f3n. Con el chasis ligero y resistente podr\u00e1s vencer todos los obst\u00e1culos. Su dise\u00f1o ergon\u00f3mico te ayudar\u00e1 a soportar los terrenos m\u00e1s dif\u00edciles sin perder la comodidad.<\/p>\n","protected":false},"featured_media":638,"comment_status":"open","ping_status":"closed","template":"","meta":{"_monsterinsights_skip_tracking":false,"_monsterinsights_sitenote_active":false,"_monsterinsights_sitenote_note":"","_monsterinsights_sitenote_category":0},"product_cat":[22],"product_tag":[],"aioseo_notices":[],"yoast_head":"<!-- This site is optimized with the Yoast SEO plugin v18.4.1 - https:\/\/yoast.com\/wordpress\/plugins\/seo\/ -->\r\n<title>Raptor700 - CALDAS MOTOS<\/title>\r\n<meta name=\"description\" content=\"Caldas motos, yamaha manizales, manizales yamaha, yamaha, caldas yamaha\" \/>\r\n<meta name=\"robots\" content=\"index, follow, max-snippet:-1, max-image-preview:large, max-video-preview:-1\" \/>\r\n<link rel=\"canonical\" href=\"https:\/\/caldasmotos.com\/index.php\/product\/raptor700\/\" \/>\r\n<meta property=\"og:locale\" content=\"es_ES\" \/>\r\n<meta property=\"og:type\" content=\"article\" \/>\r\n<meta property=\"og:title\" content=\"Raptor700 - CALDAS MOTOS\" \/>\r\n<meta property=\"og:description\" content=\"Caldas motos, yamaha manizales, manizales yamaha, yamaha, caldas yamaha\" \/>\r\n<meta property=\"og:url\" content=\"https:\/\/caldasmotos.com\/index.php\/product\/raptor700\/\" \/>\r\n<meta property=\"og:site_name\" content=\"CALDAS MOTOS\" \/>\r\n<meta property=\"article:modified_time\" content=\"2020-10-22T13:28:02+00:00\" \/>\r\n<meta property=\"og:image\" content=\"https:\/\/caldasmotos.com\/wp-content\/uploads\/2017\/03\/RAPTOR-700-blanca2.jpg\" \/>\r\n\t<meta property=\"og:image:width\" content=\"540\" \/>\r\n\t<meta property=\"og:image:height\" content=\"402\" \/>\r\n\t<meta property=\"og:image:type\" content=\"image\/jpeg\" \/>\r\n<meta name=\"twitter:card\" content=\"summary\" \/>\r\n<meta name=\"twitter:label1\" content=\"Tiempo estimado de lectura\" \/>\n\t<meta name=\"twitter:data1\" content=\"1 minuto\" \/>\r\n<script type=\"application\/ld+json\" class=\"yoast-schema-graph\">{\"@context\":\"https:\/\/schema.org\",\"@graph\":[{\"@type\":\"Organization\",\"@id\":\"https:\/\/caldasmotos.com\/#organization\",\"name\":\"distrimotosyamaha\",\"url\":\"https:\/\/caldasmotos.com\/\",\"sameAs\":[],\"logo\":{\"@type\":\"ImageObject\",\"@id\":\"https:\/\/caldasmotos.com\/#logo\",\"inLanguage\":\"es-CO\",\"url\":\"http:\/\/caldasmotos.com\/wp-content\/uploads\/2019\/10\/5-1.png\",\"contentUrl\":\"http:\/\/caldasmotos.com\/wp-content\/uploads\/2019\/10\/5-1.png\",\"width\":1924,\"height\":398,\"caption\":\"distrimotosyamaha\"},\"image\":{\"@id\":\"https:\/\/caldasmotos.com\/#logo\"}},{\"@type\":\"WebSite\",\"@id\":\"https:\/\/caldasmotos.com\/#website\",\"url\":\"https:\/\/caldasmotos.com\/\",\"name\":\"CALDAS MOTOS\",\"description\":\"Caldas motos, yamaha manizales, manizales yamaha, yamaha, caldas yamaha\",\"publisher\":{\"@id\":\"https:\/\/caldasmotos.com\/#organization\"},\"potentialAction\":[{\"@type\":\"SearchAction\",\"target\":{\"@type\":\"EntryPoint\",\"urlTemplate\":\"https:\/\/caldasmotos.com\/?s={search_term_string}\"},\"query-input\":\"required name=search_term_string\"}],\"inLanguage\":\"es-CO\"},{\"@type\":\"ImageObject\",\"@id\":\"https:\/\/caldasmotos.com\/index.php\/product\/raptor700\/#primaryimage\",\"inLanguage\":\"es-CO\",\"url\":\"https:\/\/caldasmotos.com\/wp-content\/uploads\/2017\/03\/RAPTOR-700-blanca2.jpg\",\"contentUrl\":\"https:\/\/caldasmotos.com\/wp-content\/uploads\/2017\/03\/RAPTOR-700-blanca2.jpg\",\"width\":540,\"height\":402},{\"@type\":\"WebPage\",\"@id\":\"https:\/\/caldasmotos.com\/index.php\/product\/raptor700\/#webpage\",\"url\":\"https:\/\/caldasmotos.com\/index.php\/product\/raptor700\/\",\"name\":\"Raptor700 - CALDAS MOTOS\",\"isPartOf\":{\"@id\":\"https:\/\/caldasmotos.com\/#website\"},\"primaryImageOfPage\":{\"@id\":\"https:\/\/caldasmotos.com\/index.php\/product\/raptor700\/#primaryimage\"},\"datePublished\":\"2017-03-16T19:31:15+00:00\",\"dateModified\":\"2020-10-22T13:28:02+00:00\",\"description\":\"Caldas motos, yamaha manizales, manizales yamaha, yamaha, caldas yamaha\",\"breadcrumb\":{\"@id\":\"https:\/\/caldasmotos.com\/index.php\/product\/raptor700\/#breadcrumb\"},\"inLanguage\":\"es-CO\",\"potentialAction\":[{\"@type\":\"ReadAction\",\"target\":[\"https:\/\/caldasmotos.com\/index.php\/product\/raptor700\/\"]}]},{\"@type\":\"BreadcrumbList\",\"@id\":\"https:\/\/caldasmotos.com\/index.php\/product\/raptor700\/#breadcrumb\",\"itemListElement\":[{\"@type\":\"ListItem\",\"position\":1,\"name\":\"Home\",\"item\":\"https:\/\/caldasmotos.com\/\"},{\"@type\":\"ListItem\",\"position\":2,\"name\":\"Shop\",\"item\":\"https:\/\/caldasmotos.com\/index.php\/shop\/\"},{\"@type\":\"ListItem\",\"position\":3,\"name\":\"Raptor700\"}]}]}<\/script>\r\n<!-- \/ Yoast SEO plugin. -->","yoast_head_json":{"title":"Raptor700 - CALDAS MOTOS","description":"Caldas motos, yamaha manizales, manizales yamaha, yamaha, caldas yamaha","robots":{"index":"index","follow":"follow","max-snippet":"max-snippet:-1","max-image-preview":"max-image-preview:large","max-video-preview":"max-video-preview:-1"},"canonical":"https:\/\/caldasmotos.com\/index.php\/product\/raptor700\/","og_locale":"es_ES","og_type":"article","og_title":"Raptor700 - CALDAS MOTOS","og_description":"Caldas motos, yamaha manizales, manizales yamaha, yamaha, caldas yamaha","og_url":"https:\/\/caldasmotos.com\/index.php\/product\/raptor700\/","og_site_name":"CALDAS MOTOS","article_modified_time":"2020-10-22T13:28:02+00:00","og_image":[{"width":540,"height":402,"url":"https:\/\/caldasmotos.com\/wp-content\/uploads\/2017\/03\/RAPTOR-700-blanca2.jpg","type":"image\/jpeg"}],"twitter_card":"summary","twitter_misc":{"Tiempo estimado de lectura":"1 minuto"},"schema":{"@context":"https:\/\/schema.org","@graph":[{"@type":"Organization","@id":"https:\/\/caldasmotos.com\/#organization","name":"distrimotosyamaha","url":"https:\/\/caldasmotos.com\/","sameAs":[],"logo":{"@type":"ImageObject","@id":"https:\/\/caldasmotos.com\/#logo","inLanguage":"es-CO","url":"http:\/\/caldasmotos.com\/wp-content\/uploads\/2019\/10\/5-1.png","contentUrl":"http:\/\/caldasmotos.com\/wp-content\/uploads\/2019\/10\/5-1.png","width":1924,"height":398,"caption":"distrimotosyamaha"},"image":{"@id":"https:\/\/caldasmotos.com\/#logo"}},{"@type":"WebSite","@id":"https:\/\/caldasmotos.com\/#website","url":"https:\/\/caldasmotos.com\/","name":"CALDAS MOTOS","description":"Caldas motos, yamaha manizales, manizales yamaha, yamaha, caldas yamaha","publisher":{"@id":"https:\/\/caldasmotos.com\/#organization"},"potentialAction":[{"@type":"SearchAction","target":{"@type":"EntryPoint","urlTemplate":"https:\/\/caldasmotos.com\/?s={search_term_string}"},"query-input":"required name=search_term_string"}],"inLanguage":"es-CO"},{"@type":"ImageObject","@id":"https:\/\/caldasmotos.com\/index.php\/product\/raptor700\/#primaryimage","inLanguage":"es-CO","url":"https:\/\/caldasmotos.com\/wp-content\/uploads\/2017\/03\/RAPTOR-700-blanca2.jpg","contentUrl":"https:\/\/caldasmotos.com\/wp-content\/uploads\/2017\/03\/RAPTOR-700-blanca2.jpg","width":540,"height":402},{"@type":"WebPage","@id":"https:\/\/caldasmotos.com\/index.php\/product\/raptor700\/#webpage","url":"https:\/\/caldasmotos.com\/index.php\/product\/raptor700\/","name":"Raptor700 - CALDAS MOTOS","isPartOf":{"@id":"https:\/\/caldasmotos.com\/#website"},"primaryImageOfPage":{"@id":"https:\/\/caldasmotos.com\/index.php\/product\/raptor700\/#primaryimage"},"datePublished":"2017-03-16T19:31:15+00:00","dateModified":"2020-10-22T13:28:02+00:00","description":"Caldas motos, yamaha manizales, manizales yamaha, yamaha, caldas yamaha","breadcrumb":{"@id":"https:\/\/caldasmotos.com\/index.php\/product\/raptor700\/#breadcrumb"},"inLanguage":"es-CO","potentialAction":[{"@type":"ReadAction","target":["https:\/\/caldasmotos.com\/index.php\/product\/raptor700\/"]}]},{"@type":"BreadcrumbList","@id":"https:\/\/caldasmotos.com\/index.php\/product\/raptor700\/#breadcrumb","itemListElement":[{"@type":"ListItem","position":1,"name":"Home","item":"https:\/\/caldasmotos.com\/"},{"@type":"ListItem","position":2,"name":"Shop","item":"https:\/\/caldasmotos.com\/index.php\/shop\/"},{"@type":"ListItem","position":3,"name":"Raptor700"}]}]}},"_links":{"self":[{"href":"https:\/\/caldasmotos.com\/index.php\/wp-json\/wp\/v2\/product\/341"}],"collection":[{"href":"https:\/\/caldasmotos.com\/index.php\/wp-json\/wp\/v2\/product"}],"about":[{"href":"https:\/\/caldasmotos.com\/index.php\/wp-json\/wp\/v2\/types\/product"}],"replies":[{"embeddable":true,"href":"https:\/\/caldasmotos.com\/index.php\/wp-json\/wp\/v2\/comments?post=341"}],"wp:featuredmedia":[{"embeddable":true,"href":"https:\/\/caldasmotos.com\/index.php\/wp-json\/wp\/v2\/media\/638"}],"wp:attachment":[{"href":"https:\/\/caldasmotos.com\/index.php\/wp-json\/wp\/v2\/media?parent=341"}],"wp:term":[{"taxonomy":"product_cat","embeddable":true,"href":"https:\/\/caldasmotos.com\/index.php\/wp-json\/wp\/v2\/product_cat?post=341"},{"taxonomy":"product_tag","embeddable":true,"href":"https:\/\/caldasmotos.com\/index.php\/wp-json\/wp\/v2\/product_tag?post=341"}],"curies":[{"name":"wp","href":"https:\/\/api.w.org\/{rel}","templated":true}]}}