{"id":343,"date":"2017-03-16T19:37:56","date_gmt":"2017-03-16T19:37:56","guid":{"rendered":"http:\/\/simbiosystemas-001-site6.gtempurl.com\/?post_type=product&#038;p=343"},"modified":"2020-10-22T13:25:32","modified_gmt":"2020-10-22T13:25:32","slug":"grizzly700","status":"publish","type":"product","link":"https:\/\/caldasmotos.com\/index.php\/product\/grizzly700\/","title":{"rendered":"Grizzly700"},"content":{"rendered":"<h2>Especificaciones t\u00e9cnicas GRIZZLY 700<\/h2>\n<table class=\"tablaDetallesProducto\" border=\"0\" cellspacing=\"1\" cellpadding=\"0\">\n<tbody>\n<tr>\n<td class=\"tdGrey\" align=\"center\"><strong>Descripci\u00f3n<\/strong><\/td>\n<td class=\"tdGrey\" align=\"center\">Grizzly 700<\/td>\n<\/tr>\n<tr>\n<td align=\"center\"><strong>Tipo de Motor<\/strong><\/td>\n<td align=\"center\">Monocil\u00edndrico, refrigerado por l\u00edquido, 4 tiempos, DOHC, 4 v\u00e1lvulas<\/td>\n<\/tr>\n<tr>\n<td class=\"tdGrey\" align=\"center\"><strong>Cilindrada<\/strong><\/td>\n<td class=\"tdGrey\" align=\"center\">708cc<\/td>\n<\/tr>\n<tr>\n<td align=\"center\"><strong>Di\u00e1metro por carrera<\/strong><\/td>\n<td align=\"center\">103,0mm x 85,0 mm<\/td>\n<\/tr>\n<tr>\n<td class=\"tdGrey\" align=\"center\"><strong>Relaci\u00f3n de compresi\u00f3n<\/strong><\/td>\n<td class=\"tdGrey\" align=\"center\">10,1 : 1<\/td>\n<\/tr>\n<tr>\n<td align=\"center\"><strong>Sistema de arranque<\/strong><\/td>\n<td align=\"center\">El\u00e9ctrico<\/td>\n<\/tr>\n<tr>\n<td class=\"tdGrey\" align=\"center\"><strong>Tipo de lubricaci\u00f3n<\/strong><\/td>\n<td class=\"tdGrey\" align=\"center\">C\u00e1rter h\u00famedo<\/td>\n<\/tr>\n<tr>\n<td align=\"center\"><strong>Capacidad del tanque de combustible<\/strong><\/td>\n<td align=\"center\">4,76gal<\/td>\n<\/tr>\n<tr>\n<td class=\"tdGrey\" align=\"center\"><strong>Sistema de encendido<\/strong><\/td>\n<td class=\"tdGrey\" align=\"center\">T.C.I.<\/td>\n<\/tr>\n<tr>\n<td align=\"center\"><strong>Tipo de transmisi\u00f3n<\/strong><\/td>\n<td align=\"center\">Yamaha Ultramatic\u00ae CVT automatic V-belt, On-Command\u00ae 2WD\/4WD\/bloqueo de diferencial<\/td>\n<\/tr>\n<tr>\n<td align=\"center\"><strong>Tipo de chasis<\/strong><\/td>\n<td align=\"center\">Tubular<\/td>\n<\/tr>\n<tr>\n<td align=\"center\"><strong>Tama\u00f1o llanta delantera \/ trasera<\/strong><\/td>\n<td align=\"center\">AT26x8-12, steel wheels<\/td>\n<\/tr>\n<tr>\n<td class=\"tdGrey\" align=\"center\"><strong>Tipo de frenos adelante \/ atr\u00e1s<\/strong><\/td>\n<td class=\"tdGrey\" align=\"center\">Disco hidr\u00e1ulico Doble<\/td>\n<\/tr>\n<tr>\n<td align=\"center\"><strong>Sistema de suspensi\u00f3n delantera\u00a0<\/strong><\/td>\n<td align=\"center\">Horquilla doble independiente, 193 mm recorrido<\/td>\n<\/tr>\n<tr>\n<td class=\"tdGrey\" align=\"center\"><strong>Sistema de suspensi\u00f3n trasera \u00a0<\/strong><\/td>\n<td class=\"tdGrey\" align=\"center\">Horquilla doble independiente, 232 mm recorrido<\/td>\n<\/tr>\n<tr>\n<td align=\"center\"><strong>Largo total x ancho x alto<\/strong><\/td>\n<td align=\"center\">2070 x 1230 x 1253 mm<\/td>\n<\/tr>\n<tr>\n<td class=\"tdGrey\" align=\"center\"><strong>Altura del asiento<\/strong><\/td>\n<td class=\"tdGrey\" align=\"center\">860 mm<\/td>\n<\/tr>\n<tr>\n<td align=\"center\"><strong>Distancia entre ejes<\/strong><\/td>\n<td align=\"center\">1.253 mm<\/td>\n<\/tr>\n<tr>\n<td class=\"tdGrey\" align=\"center\"><strong>Distancia m\u00ednima del piso<\/strong><\/td>\n<td class=\"tdGrey\" align=\"center\">288 mm<\/td>\n<\/tr>\n<tr>\n<td align=\"center\"><strong>Peso en seco \/ peso total<\/strong><\/td>\n<td align=\"center\">313 kg<\/td>\n<\/tr>\n<\/tbody>\n<\/table>\n","protected":false},"excerpt":{"rendered":"<h1 style=\"text-align: center;\">GRIZZLY 700<\/h1>\n<p>Si piensas cruzar los m\u00e1s arduos caminos ya sea por trabajo o diversi\u00f3n con total confianza, los ATVs de Yamaha son la mejor opci\u00f3n. El nuevo Grizzly 700 llega a\u00fan m\u00e1s potente que su generaci\u00f3n anterior, con un motor 686 cc refrigerado por l\u00edquido, cuatro tiempos y m\u00e1s liviano. Inyecci\u00f3n electr\u00f3nica que significa un inicio instant\u00e1neo del motor a cualquier condici\u00f3n clim\u00e1tica y un desempe\u00f1o \u00f3ptimo a cualquier altura. Nuevo sistema EPS (Electronic Power steerring) que hace m\u00e1s c\u00f3modo y f\u00e1cil el movimiento de la direcci\u00f3n en cualquier tipo de terreno.<\/p>\n","protected":false},"featured_media":344,"comment_status":"open","ping_status":"closed","template":"","meta":{"_monsterinsights_skip_tracking":false,"_monsterinsights_sitenote_active":false,"_monsterinsights_sitenote_note":"","_monsterinsights_sitenote_category":0},"product_cat":[22],"product_tag":[],"aioseo_notices":[],"yoast_head":"<!-- This site is optimized with the Yoast SEO plugin v18.4.1 - https:\/\/yoast.com\/wordpress\/plugins\/seo\/ -->\r\n<title>Grizzly700 - CALDAS MOTOS<\/title>\r\n<meta name=\"description\" content=\"Caldas motos, yamaha manizales, manizales yamaha, yamaha, caldas yamaha\" \/>\r\n<meta name=\"robots\" content=\"index, follow, max-snippet:-1, max-image-preview:large, max-video-preview:-1\" \/>\r\n<link rel=\"canonical\" href=\"https:\/\/caldasmotos.com\/index.php\/product\/grizzly700\/\" \/>\r\n<meta property=\"og:locale\" content=\"es_ES\" \/>\r\n<meta property=\"og:type\" content=\"article\" \/>\r\n<meta property=\"og:title\" content=\"Grizzly700 - CALDAS MOTOS\" \/>\r\n<meta property=\"og:description\" content=\"Caldas motos, yamaha manizales, manizales yamaha, yamaha, caldas yamaha\" \/>\r\n<meta property=\"og:url\" content=\"https:\/\/caldasmotos.com\/index.php\/product\/grizzly700\/\" \/>\r\n<meta property=\"og:site_name\" content=\"CALDAS MOTOS\" \/>\r\n<meta property=\"article:modified_time\" content=\"2020-10-22T13:25:32+00:00\" \/>\r\n<meta property=\"og:image\" content=\"https:\/\/caldasmotos.com\/wp-content\/uploads\/2017\/03\/grizzly700-01.png\" \/>\r\n\t<meta property=\"og:image:width\" content=\"494\" \/>\r\n\t<meta property=\"og:image:height\" content=\"438\" \/>\r\n\t<meta property=\"og:image:type\" content=\"image\/png\" \/>\r\n<meta name=\"twitter:card\" content=\"summary\" \/>\r\n<meta name=\"twitter:label1\" content=\"Tiempo estimado de lectura\" \/>\n\t<meta name=\"twitter:data1\" content=\"1 minuto\" \/>\r\n<script type=\"application\/ld+json\" class=\"yoast-schema-graph\">{\"@context\":\"https:\/\/schema.org\",\"@graph\":[{\"@type\":\"Organization\",\"@id\":\"https:\/\/caldasmotos.com\/#organization\",\"name\":\"distrimotosyamaha\",\"url\":\"https:\/\/caldasmotos.com\/\",\"sameAs\":[],\"logo\":{\"@type\":\"ImageObject\",\"@id\":\"https:\/\/caldasmotos.com\/#logo\",\"inLanguage\":\"es-CO\",\"url\":\"http:\/\/caldasmotos.com\/wp-content\/uploads\/2019\/10\/5-1.png\",\"contentUrl\":\"http:\/\/caldasmotos.com\/wp-content\/uploads\/2019\/10\/5-1.png\",\"width\":1924,\"height\":398,\"caption\":\"distrimotosyamaha\"},\"image\":{\"@id\":\"https:\/\/caldasmotos.com\/#logo\"}},{\"@type\":\"WebSite\",\"@id\":\"https:\/\/caldasmotos.com\/#website\",\"url\":\"https:\/\/caldasmotos.com\/\",\"name\":\"CALDAS MOTOS\",\"description\":\"Caldas motos, yamaha manizales, manizales yamaha, yamaha, caldas yamaha\",\"publisher\":{\"@id\":\"https:\/\/caldasmotos.com\/#organization\"},\"potentialAction\":[{\"@type\":\"SearchAction\",\"target\":{\"@type\":\"EntryPoint\",\"urlTemplate\":\"https:\/\/caldasmotos.com\/?s={search_term_string}\"},\"query-input\":\"required name=search_term_string\"}],\"inLanguage\":\"es-CO\"},{\"@type\":\"ImageObject\",\"@id\":\"https:\/\/caldasmotos.com\/index.php\/product\/grizzly700\/#primaryimage\",\"inLanguage\":\"es-CO\",\"url\":\"https:\/\/caldasmotos.com\/wp-content\/uploads\/2017\/03\/grizzly700-01.png\",\"contentUrl\":\"https:\/\/caldasmotos.com\/wp-content\/uploads\/2017\/03\/grizzly700-01.png\",\"width\":494,\"height\":438},{\"@type\":\"WebPage\",\"@id\":\"https:\/\/caldasmotos.com\/index.php\/product\/grizzly700\/#webpage\",\"url\":\"https:\/\/caldasmotos.com\/index.php\/product\/grizzly700\/\",\"name\":\"Grizzly700 - CALDAS MOTOS\",\"isPartOf\":{\"@id\":\"https:\/\/caldasmotos.com\/#website\"},\"primaryImageOfPage\":{\"@id\":\"https:\/\/caldasmotos.com\/index.php\/product\/grizzly700\/#primaryimage\"},\"datePublished\":\"2017-03-16T19:37:56+00:00\",\"dateModified\":\"2020-10-22T13:25:32+00:00\",\"description\":\"Caldas motos, yamaha manizales, manizales yamaha, yamaha, caldas yamaha\",\"breadcrumb\":{\"@id\":\"https:\/\/caldasmotos.com\/index.php\/product\/grizzly700\/#breadcrumb\"},\"inLanguage\":\"es-CO\",\"potentialAction\":[{\"@type\":\"ReadAction\",\"target\":[\"https:\/\/caldasmotos.com\/index.php\/product\/grizzly700\/\"]}]},{\"@type\":\"BreadcrumbList\",\"@id\":\"https:\/\/caldasmotos.com\/index.php\/product\/grizzly700\/#breadcrumb\",\"itemListElement\":[{\"@type\":\"ListItem\",\"position\":1,\"name\":\"Home\",\"item\":\"https:\/\/caldasmotos.com\/\"},{\"@type\":\"ListItem\",\"position\":2,\"name\":\"Shop\",\"item\":\"https:\/\/caldasmotos.com\/index.php\/shop\/\"},{\"@type\":\"ListItem\",\"position\":3,\"name\":\"Grizzly700\"}]}]}<\/script>\r\n<!-- \/ Yoast SEO plugin. -->","yoast_head_json":{"title":"Grizzly700 - CALDAS MOTOS","description":"Caldas motos, yamaha manizales, manizales yamaha, yamaha, caldas yamaha","robots":{"index":"index","follow":"follow","max-snippet":"max-snippet:-1","max-image-preview":"max-image-preview:large","max-video-preview":"max-video-preview:-1"},"canonical":"https:\/\/caldasmotos.com\/index.php\/product\/grizzly700\/","og_locale":"es_ES","og_type":"article","og_title":"Grizzly700 - CALDAS MOTOS","og_description":"Caldas motos, yamaha manizales, manizales yamaha, yamaha, caldas yamaha","og_url":"https:\/\/caldasmotos.com\/index.php\/product\/grizzly700\/","og_site_name":"CALDAS MOTOS","article_modified_time":"2020-10-22T13:25:32+00:00","og_image":[{"width":494,"height":438,"url":"https:\/\/caldasmotos.com\/wp-content\/uploads\/2017\/03\/grizzly700-01.png","type":"image\/png"}],"twitter_card":"summary","twitter_misc":{"Tiempo estimado de lectura":"1 minuto"},"schema":{"@context":"https:\/\/schema.org","@graph":[{"@type":"Organization","@id":"https:\/\/caldasmotos.com\/#organization","name":"distrimotosyamaha","url":"https:\/\/caldasmotos.com\/","sameAs":[],"logo":{"@type":"ImageObject","@id":"https:\/\/caldasmotos.com\/#logo","inLanguage":"es-CO","url":"http:\/\/caldasmotos.com\/wp-content\/uploads\/2019\/10\/5-1.png","contentUrl":"http:\/\/caldasmotos.com\/wp-content\/uploads\/2019\/10\/5-1.png","width":1924,"height":398,"caption":"distrimotosyamaha"},"image":{"@id":"https:\/\/caldasmotos.com\/#logo"}},{"@type":"WebSite","@id":"https:\/\/caldasmotos.com\/#website","url":"https:\/\/caldasmotos.com\/","name":"CALDAS MOTOS","description":"Caldas motos, yamaha manizales, manizales yamaha, yamaha, caldas yamaha","publisher":{"@id":"https:\/\/caldasmotos.com\/#organization"},"potentialAction":[{"@type":"SearchAction","target":{"@type":"EntryPoint","urlTemplate":"https:\/\/caldasmotos.com\/?s={search_term_string}"},"query-input":"required name=search_term_string"}],"inLanguage":"es-CO"},{"@type":"ImageObject","@id":"https:\/\/caldasmotos.com\/index.php\/product\/grizzly700\/#primaryimage","inLanguage":"es-CO","url":"https:\/\/caldasmotos.com\/wp-content\/uploads\/2017\/03\/grizzly700-01.png","contentUrl":"https:\/\/caldasmotos.com\/wp-content\/uploads\/2017\/03\/grizzly700-01.png","width":494,"height":438},{"@type":"WebPage","@id":"https:\/\/caldasmotos.com\/index.php\/product\/grizzly700\/#webpage","url":"https:\/\/caldasmotos.com\/index.php\/product\/grizzly700\/","name":"Grizzly700 - CALDAS MOTOS","isPartOf":{"@id":"https:\/\/caldasmotos.com\/#website"},"primaryImageOfPage":{"@id":"https:\/\/caldasmotos.com\/index.php\/product\/grizzly700\/#primaryimage"},"datePublished":"2017-03-16T19:37:56+00:00","dateModified":"2020-10-22T13:25:32+00:00","description":"Caldas motos, yamaha manizales, manizales yamaha, yamaha, caldas yamaha","breadcrumb":{"@id":"https:\/\/caldasmotos.com\/index.php\/product\/grizzly700\/#breadcrumb"},"inLanguage":"es-CO","potentialAction":[{"@type":"ReadAction","target":["https:\/\/caldasmotos.com\/index.php\/product\/grizzly700\/"]}]},{"@type":"BreadcrumbList","@id":"https:\/\/caldasmotos.com\/index.php\/product\/grizzly700\/#breadcrumb","itemListElement":[{"@type":"ListItem","position":1,"name":"Home","item":"https:\/\/caldasmotos.com\/"},{"@type":"ListItem","position":2,"name":"Shop","item":"https:\/\/caldasmotos.com\/index.php\/shop\/"},{"@type":"ListItem","position":3,"name":"Grizzly700"}]}]}},"_links":{"self":[{"href":"https:\/\/caldasmotos.com\/index.php\/wp-json\/wp\/v2\/product\/343"}],"collection":[{"href":"https:\/\/caldasmotos.com\/index.php\/wp-json\/wp\/v2\/product"}],"about":[{"href":"https:\/\/caldasmotos.com\/index.php\/wp-json\/wp\/v2\/types\/product"}],"replies":[{"embeddable":true,"href":"https:\/\/caldasmotos.com\/index.php\/wp-json\/wp\/v2\/comments?post=343"}],"wp:featuredmedia":[{"embeddable":true,"href":"https:\/\/caldasmotos.com\/index.php\/wp-json\/wp\/v2\/media\/344"}],"wp:attachment":[{"href":"https:\/\/caldasmotos.com\/index.php\/wp-json\/wp\/v2\/media?parent=343"}],"wp:term":[{"taxonomy":"product_cat","embeddable":true,"href":"https:\/\/caldasmotos.com\/index.php\/wp-json\/wp\/v2\/product_cat?post=343"},{"taxonomy":"product_tag","embeddable":true,"href":"https:\/\/caldasmotos.com\/index.php\/wp-json\/wp\/v2\/product_tag?post=343"}],"curies":[{"name":"wp","href":"https:\/\/api.w.org\/{rel}","templated":true}]}}